{"id":1019,"date":"2019-08-28T15:51:09","date_gmt":"2019-08-28T14:51:09","guid":{"rendered":"https:\/\/asal.dz\/?page_id=1019"},"modified":"2019-08-28T15:51:09","modified_gmt":"2019-08-28T14:51:09","slug":"realisation-de-la-carte-geologique-del-bayadh-ni-31-viii-au-1-200-000eme-a-partir-des-images-satellitaires-a-moyenne-resolution","status":"publish","type":"page","link":"https:\/\/asal.dz\/?page_id=1019","title":{"rendered":"R\u00e9alisation de la carte g\u00e9ologique d\u2019El Bayadh (NI-31-VIII) au 1\/200.000\u00e8me, \u00e0 partir des images satellitaires \u00e0 moyenne r\u00e9solution"},"content":{"rendered":"<p class=\"Style94\" align=\"justify\">Dans le cadre de la convention particuli\u00e8re sign\u00e9e entre l\u2019Agence du Service G\u00e9ologique d\u2019Alg\u00e9rie \u00ab\u00a0ASGA\u00a0\u00bb (ex\u00a0:Agence Nationale de la G\u00e9ologie et du Contr\u00f4le Minier \u00abANGCM\u00a0\u00bb)et l\u2019Agence Spatiale Alg\u00e9rienne, un projet portant sur la cartographie g\u00e9ologique au 1\/200.000\u00e8me d\u2019El Bayadh \u00e0 partir de l\u2019imagerie \u00e0 moyenne r\u00e9solution, a \u00e9t\u00e9 r\u00e9alis\u00e9 en 2013 par l\u2019\u00e9quipe mixte ASGA-ASAL. Cette carte est en cours de publication par le service g\u00e9ologique d\u2019Alg\u00e9rie.<\/p>\n<p class=\"Style94\" align=\"center\"><img loading=\"lazy\" decoding=\"async\" src=\"https:\/\/www.asal.dz\/pictures\/geolo.jpg\" width=\"415\" height=\"469\" border=\"1\" \/><\/p>\n<p class=\"Style86\" align=\"center\"><strong>Maquette de la carte g\u00e9ologique d\u2019El Bayadh \u00e0 l\u2019\u00e9chelle du 1\/200000\u00e8me<\/strong><\/p>\n","protected":false},"excerpt":{"rendered":"<p>Dans le cadre de la convention particuli\u00e8re sign\u00e9e entre l\u2019Agence du Service G\u00e9ologique d\u2019Alg\u00e9rie \u00ab\u00a0ASGA\u00a0\u00bb (ex\u00a0:Agence Nationale de la G\u00e9ologie et du Contr\u00f4le Minier \u00abANGCM\u00a0\u00bb)et l\u2019Agence Spatiale Alg\u00e9rienne, un projet portant sur la cartographie g\u00e9ologique au 1\/200.000\u00e8me d\u2019El Bayadh \u00e0 partir de l\u2019imagerie \u00e0 moyenne r\u00e9solution, a \u00e9t\u00e9 r\u00e9alis\u00e9 en 2013 par l\u2019\u00e9quipe mixte ASGA-ASAL. [&hellip;]<\/p>\n","protected":false},"author":1,"featured_media":0,"parent":0,"menu_order":0,"comment_status":"closed","ping_status":"closed","template":"","meta":{"_et_pb_use_builder":"","_et_pb_old_content":"","_et_gb_content_width":"","rop_custom_images_group":[],"rop_custom_messages_group":[],"rop_publish_now":"initial","rop_publish_now_accounts":[],"rop_publish_now_history":[],"rop_publish_now_status":"pending","footnotes":""},"class_list":["post-1019","page","type-page","status-publish","hentry"],"_links":{"self":[{"href":"https:\/\/asal.dz\/index.php?rest_route=\/wp\/v2\/pages\/1019","targetHints":{"allow":["GET"]}}],"collection":[{"href":"https:\/\/asal.dz\/index.php?rest_route=\/wp\/v2\/pages"}],"about":[{"href":"https:\/\/asal.dz\/index.php?rest_route=\/wp\/v2\/types\/page"}],"author":[{"embeddable":true,"href":"https:\/\/asal.dz\/index.php?rest_route=\/wp\/v2\/users\/1"}],"replies":[{"embeddable":true,"href":"https:\/\/asal.dz\/index.php?rest_route=%2Fwp%2Fv2%2Fcomments&post=1019"}],"version-history":[{"count":0,"href":"https:\/\/asal.dz\/index.php?rest_route=\/wp\/v2\/pages\/1019\/revisions"}],"wp:attachment":[{"href":"https:\/\/asal.dz\/index.php?rest_route=%2Fwp%2Fv2%2Fmedia&parent=1019"}],"curies":[{"name":"wp","href":"https:\/\/api.w.org\/{rel}","templated":true}]}}