{"id":1023,"date":"2019-08-28T15:52:58","date_gmt":"2019-08-28T14:52:58","guid":{"rendered":"https:\/\/asal.dz\/?page_id=1023"},"modified":"2019-08-28T15:52:58","modified_gmt":"2019-08-28T14:52:58","slug":"plan-damenagement-et-de-gestion-des-pecheries-algeriennes-pagpa","status":"publish","type":"page","link":"https:\/\/asal.dz\/?page_id=1023","title":{"rendered":"Plan d\u2019am\u00e9nagement et de gestion des p\u00eacheries Alg\u00e9riennes (PAGPA)"},"content":{"rendered":"<p class=\"Style94\" align=\"justify\">Ce projet portant sur la r\u00e9alisation du Plan d\u2019Am\u00e9nagement et de Gestion des P\u00eacheries Alg\u00e9riennes (PAGPA), est men\u00e9 par le Groupement <strong><em>IAC<\/em><\/strong>\u00a0constitu\u00e9 de l\u2019Institut National de Cartographie et de T\u00e9l\u00e9d\u00e9tection (<strong>INCT<\/strong>), l\u2019Agence Spatiale Alg\u00e9rienne (<strong>ASAL<\/strong>) et le Centre National de Recherche et de D\u00e9veloppement de la P\u00eache et de l\u2019aquaculture (<strong>CNRDPA<\/strong>),au profit du Minist\u00e8re de la P\u00eache et des Ressources Halieutiques (MPRH).<\/p>\n<p class=\"Style94\" align=\"justify\">Il vise la mise en \u0153uvre d\u2019un Syst\u00e8me d\u2019Information G\u00e9ographique (SIG), \u00a0sur les 14 wilayas du littoral alg\u00e9rien.<\/p>\n<p class=\"Style94\" align=\"justify\">Six (06) zones pilotes ont \u00e9t\u00e9 retenues dans une premi\u00e8re \u00e9tape<strong> (<\/strong>Alger, Tipasa, Tlemcen, Mostaganem, Tizi-Ouzou, Skikda), avant sa g\u00e9n\u00e9ralisation \u00e0 l\u2019ensemble des wilayas concern\u00e9es.<\/p>\n<p class=\"Style94\" align=\"justify\">Le projet s\u2019articule autour de quatre (04) phases :<\/p>\n<div align=\"justify\">\n<ul>\n<li class=\"Style94\"><strong>Phase 1<\/strong>\u00a0: collecte des donn\u00e9es\u00a0;<\/li>\n<li class=\"Style94\"><strong>Phase 2<\/strong>\u00a0: production des donn\u00e9es\u00a0;<\/li>\n<li class=\"Style94\"><strong>Phase 3\u00a0: <\/strong>r\u00e9alisation du Syst\u00e8me d\u2019information g\u00e9ographique (SIG)\u00a0;<\/li>\n<li class=\"Style94\"><strong>Phase 4\u00a0:<\/strong> formation.<\/li>\n<\/ul>\n<\/div>\n<div align=\"justify\"><\/div>\n<p class=\"Style94\" align=\"justify\">La mise en \u0153uvre de cet outil permettra d\u2019atteindre l\u2019un des objectifs du secteur de la p\u00eache, \u00e0 savoir une gestion durable des ressources halieutiques\u00a0 et ce, par la mise en place et l\u2019application des r\u00e8gles et des mesures relatives \u00e0 l\u2019acc\u00e8s et \u00e0 l\u2019exploitation des ressources tout en\u00a0 pr\u00e9servant le potentiel halieutique.<\/p>\n<p class=\"Style94\" align=\"justify\">Il est \u00e0 rappeler, que ce projet fait partie des cinq (05) actions retenues au titre du Programme Spatial National horizon 2020, au profit du secteur de la p\u00eache.<\/p>\n<p class=\"Style94\" align=\"center\"><img loading=\"lazy\" decoding=\"async\" src=\"https:\/\/www.asal.dz\/pictures\/pagpa2014.jpg\" width=\"608\" height=\"412\" \/><\/p>\n<p class=\"Style86\" align=\"center\"><strong>Fig.1\u00a0: Vue synoptique des r\u00f4les respectifs des membres du Groupement IAC \u00a0dans le projet PAGPA<\/strong><\/p>\n<p class=\"Style94\" align=\"center\"><img loading=\"lazy\" decoding=\"async\" src=\"https:\/\/www.asal.dz\/pictures\/pagpa20142.jpg\" width=\"680\" height=\"267\" \/><\/p>\n<p class=\"Style86\" align=\"center\"><strong>Fig.2\u00a0: Localisation des 6 wilayas maritimes pilotes<\/strong><\/p>\n<p class=\"Style86\" align=\"center\"><img loading=\"lazy\" decoding=\"async\" src=\"https:\/\/www.asal.dz\/pictures\/pagpa20143.jpg\" width=\"683\" height=\"364\" border=\"1\" \/><\/p>\n<blockquote>\n<p class=\"Style86\" align=\"center\"><strong>Fig.3\u00a0: Couverture de la zone d\u2019\u00e9tude avec 58 sc\u00e8nes images du satellite Alsat-2A, avec une superficie totale de 50150 Km\u00b2.<\/strong><\/p>\n<\/blockquote>\n","protected":false},"excerpt":{"rendered":"<p>Ce projet portant sur la r\u00e9alisation du Plan d\u2019Am\u00e9nagement et de Gestion des P\u00eacheries Alg\u00e9riennes (PAGPA), est men\u00e9 par le Groupement IAC\u00a0constitu\u00e9 de l\u2019Institut National de Cartographie et de T\u00e9l\u00e9d\u00e9tection (INCT), l\u2019Agence Spatiale Alg\u00e9rienne (ASAL) et le Centre National de Recherche et de D\u00e9veloppement de la P\u00eache et de l\u2019aquaculture (CNRDPA),au profit du Minist\u00e8re de [&hellip;]<\/p>\n","protected":false},"author":1,"featured_media":0,"parent":0,"menu_order":0,"comment_status":"closed","ping_status":"closed","template":"","meta":{"_et_pb_use_builder":"","_et_pb_old_content":"","_et_gb_content_width":"","rop_custom_images_group":[],"rop_custom_messages_group":[],"rop_publish_now":"initial","rop_publish_now_accounts":[],"rop_publish_now_history":[],"rop_publish_now_status":"pending","footnotes":""},"class_list":["post-1023","page","type-page","status-publish","hentry"],"_links":{"self":[{"href":"https:\/\/asal.dz\/index.php?rest_route=\/wp\/v2\/pages\/1023","targetHints":{"allow":["GET"]}}],"collection":[{"href":"https:\/\/asal.dz\/index.php?rest_route=\/wp\/v2\/pages"}],"about":[{"href":"https:\/\/asal.dz\/index.php?rest_route=\/wp\/v2\/types\/page"}],"author":[{"embeddable":true,"href":"https:\/\/asal.dz\/index.php?rest_route=\/wp\/v2\/users\/1"}],"replies":[{"embeddable":true,"href":"https:\/\/asal.dz\/index.php?rest_route=%2Fwp%2Fv2%2Fcomments&post=1023"}],"version-history":[{"count":0,"href":"https:\/\/asal.dz\/index.php?rest_route=\/wp\/v2\/pages\/1023\/revisions"}],"wp:attachment":[{"href":"https:\/\/asal.dz\/index.php?rest_route=%2Fwp%2Fv2%2Fmedia&parent=1023"}],"curies":[{"name":"wp","href":"https:\/\/api.w.org\/{rel}","templated":true}]}}