{"id":1029,"date":"2019-08-28T15:54:15","date_gmt":"2019-08-28T14:54:15","guid":{"rendered":"https:\/\/asal.dz\/?page_id=1029"},"modified":"2019-08-28T15:54:15","modified_gmt":"2019-08-28T14:54:15","slug":"realisation-de-la-carte-doccupation-du-sol-des-observatoires-de-douguia-hadjerlamis-tchad-thyssekaymor-senegal-et-boutilimit-mauritanie","status":"publish","type":"page","link":"https:\/\/asal.dz\/?page_id=1029","title":{"rendered":"R\u00e9alisation de la carte d\u2019occupation du sol des Observatoires de Douguia\/HadjerLamis (Tchad), Thyss\u00e9Kaymor (S\u00e9n\u00e9gal) et Boutilimit (Mauritanie)"},"content":{"rendered":"<p class=\"Style94\" align=\"justify\">Ce travail s\u2019inscrit dans le cadre du projet r\u00e9gional REPSAHEL \u00ab\u00a0Am\u00e9lioration de la r\u00e9silience des populations sah\u00e9liennes aux mutations environnementales\u00a0\u00bb impliquant 7 pays d\u2019Afrique de l\u2019Ouest, membres de l\u2019Observatoire du Sahara et du Sahel (OSS).<\/p>\n<p class=\"Style94\" align=\"justify\">L\u2019objectif de ce projet est l\u2019\u00e9tablissement d\u2019une cartographie actualis\u00e9e de l\u2019occupation des sols au 1\/50.000\u00e8me sur trois sites (observatoires) situ\u00e9s en Mauritanie, au S\u00e9n\u00e9gal et au Tchad.<\/p>\n<p class=\"Style94\" align=\"justify\">Ce travail va permettre le suivi de ces trois sites en termes d\u2019occupation des sols et ce, \u00e0 partir de\u00a0 l\u2019exploitation des images satellitaires et des Syst\u00e8mes d\u2019Information G\u00e9ographique (SIG).<\/p>\n<p class=\"Style94\" align=\"justify\">Dans ce cadre, trois spatiocartes ont \u00e9t\u00e9 r\u00e9alis\u00e9es\u00a0:<\/p>\n<p class=\"Style94\" align=\"justify\">&#8211; Thyss\u00e9Kaymor (S\u00e9n\u00e9gal),<\/p>\n<p class=\"Style94\" align=\"justify\">&#8211; Boutilimit (Mauritanie).<\/p>\n<div align=\"justify\"><span class=\"Style94\">&#8211; Douguia (Tchad). <\/span><\/div>\n<p class=\"Style94\" align=\"justify\"><img loading=\"lazy\" decoding=\"async\" src=\"https:\/\/www.asal.dz\/pictures\/occup1.jpg\" width=\"680\" height=\"509\" border=\"1\" \/><\/p>\n<p class=\"Style94\" align=\"center\"><img loading=\"lazy\" decoding=\"async\" src=\"https:\/\/www.asal.dz\/pictures\/occup2.jpg\" width=\"440\" height=\"700\" border=\"1\" \/><\/p>\n<p class=\"Style94\" align=\"justify\">Une formation en t\u00e9l\u00e9d\u00e9tection et SIG a \u00e9t\u00e9 assur\u00e9 par l\u2019ASAL au si\u00e8ge de l\u2019OSS, au profit de 14 cadres issus de 07 pays africains.<\/p>\n","protected":false},"excerpt":{"rendered":"<p>Ce travail s\u2019inscrit dans le cadre du projet r\u00e9gional REPSAHEL \u00ab\u00a0Am\u00e9lioration de la r\u00e9silience des populations sah\u00e9liennes aux mutations environnementales\u00a0\u00bb impliquant 7 pays d\u2019Afrique de l\u2019Ouest, membres de l\u2019Observatoire du Sahara et du Sahel (OSS). L\u2019objectif de ce projet est l\u2019\u00e9tablissement d\u2019une cartographie actualis\u00e9e de l\u2019occupation des sols au 1\/50.000\u00e8me sur trois sites (observatoires) situ\u00e9s [&hellip;]<\/p>\n","protected":false},"author":1,"featured_media":0,"parent":0,"menu_order":0,"comment_status":"closed","ping_status":"closed","template":"","meta":{"_et_pb_use_builder":"","_et_pb_old_content":"","_et_gb_content_width":"","rop_custom_images_group":[],"rop_custom_messages_group":[],"rop_publish_now":"initial","rop_publish_now_accounts":[],"rop_publish_now_history":[],"rop_publish_now_status":"pending","footnotes":""},"class_list":["post-1029","page","type-page","status-publish","hentry"],"_links":{"self":[{"href":"https:\/\/asal.dz\/index.php?rest_route=\/wp\/v2\/pages\/1029","targetHints":{"allow":["GET"]}}],"collection":[{"href":"https:\/\/asal.dz\/index.php?rest_route=\/wp\/v2\/pages"}],"about":[{"href":"https:\/\/asal.dz\/index.php?rest_route=\/wp\/v2\/types\/page"}],"author":[{"embeddable":true,"href":"https:\/\/asal.dz\/index.php?rest_route=\/wp\/v2\/users\/1"}],"replies":[{"embeddable":true,"href":"https:\/\/asal.dz\/index.php?rest_route=%2Fwp%2Fv2%2Fcomments&post=1029"}],"version-history":[{"count":0,"href":"https:\/\/asal.dz\/index.php?rest_route=\/wp\/v2\/pages\/1029\/revisions"}],"wp:attachment":[{"href":"https:\/\/asal.dz\/index.php?rest_route=%2Fwp%2Fv2%2Fmedia&parent=1029"}],"curies":[{"name":"wp","href":"https:\/\/api.w.org\/{rel}","templated":true}]}}