{"id":1033,"date":"2019-08-28T15:55:56","date_gmt":"2019-08-28T14:55:56","guid":{"rendered":"https:\/\/asal.dz\/?page_id=1033"},"modified":"2019-08-28T15:55:56","modified_gmt":"2019-08-28T14:55:56","slug":"cartographie-geologique-de-lalgerie-au-1-2-000-000eme","status":"publish","type":"page","link":"https:\/\/asal.dz\/?page_id=1033","title":{"rendered":"Cartographie g\u00e9ologique de l\u2019Alg\u00e9rie au 1\/2.000.000\u00e8me"},"content":{"rendered":"<p class=\"Style94\" align=\"justify\">Au titre de la collaboration entre l\u2019ASAL et l\u2019Agence du Service G\u00e9ologique d\u2019Alg\u00e9rie \u00ab\u00a0ASGA\u00a0\u00bb (ex\u00a0: Agence Nationale de la G\u00e9ologie et du Contr\u00f4le Minier \u00abANGCM\u00a0\u00bb), une \u00e9tude a \u00e9t\u00e9 r\u00e9alis\u00e9e sur la cartographie g\u00e9ologique par t\u00e9l\u00e9d\u00e9tection. L&rsquo;objectif de ce projet est l&rsquo;actualisation et la finalisation de la carte g\u00e9ologique de l&rsquo;Alg\u00e9rie \u00e0 l\u2019\u00e9chelle du 1\/2.000.000\u00e8me, \u00e0 partir de l\u2019exploitation des images du satellite Alg\u00e9rien Alsat-1.<\/p>\n<p class=\"Style94\" align=\"justify\">L\u2019approche retenue est celle\u00a0 d\u2019une t\u00e9l\u00e9 analyse synth\u00e9tique, r\u00e9alis\u00e9e \u00e0 partir de l\u2019imagerie spatiale optimis\u00e9e pour les applications de cartographie g\u00e9ologique, et s\u2019appuyant sur une fine compilation de l\u2019ensemble de l\u2019information g\u00e9ologique disponible.<\/p>\n<p class=\"Style94\" align=\"justify\">Les objets g\u00e9ologiques appr\u00e9hend\u00e9s sont les failles ou accidents cassants\u00a0ainsi que les unit\u00e9s de paysages (les grands ensembles), qui se d\u00e9finissent par une signature spectrale et texturale, ainsi que par des unit\u00e9s de g\u00e9omorphologie dynamique et structurale.<\/p>\n<p class=\"Style94\" align=\"center\"><img loading=\"lazy\" decoding=\"async\" src=\"https:\/\/www.asal.dz\/pictures\/carto1.jpg\" width=\"609\" height=\"428\" border=\"1\" \/><\/p>\n<p class=\"Style86\" align=\"center\">Mosa\u00efque r\u00e9alis\u00e9e \u00e0 partir des images satellitaires de l\u2019ensemble du territoire national<\/p>\n<p class=\"Style94\" align=\"justify\"><strong><u>Phases du projet\u00a0:<\/u><\/strong><\/p>\n<div align=\"justify\">\n<ul>\n<li class=\"Style94\"><strong>Phase1\u00a0: <\/strong><\/li>\n<li class=\"Style94\">Collecte des documents (recherche bibliographique)\u00a0;<\/li>\n<li class=\"Style94\">Analyse et traitement des images satellitaires\u00a0;<\/li>\n<li class=\"Style94\">Interpr\u00e9tation des r\u00e9sultats.<\/li>\n<li class=\"Style94\"><strong>Phase2\u00a0:<\/strong><\/li>\n<li class=\"Style94\">\u00c9bauche d\u2019une esquisse structurale\u00a0;<\/li>\n<li class=\"Style94\">Travaux de terrain.<\/li>\n<\/ul>\n<\/div>\n<blockquote>\n<p class=\"Style94\" align=\"justify\"><strong> Phase3\u00a0:<\/strong><\/p>\n<\/blockquote>\n<ul>\n<li class=\"Style94\">Finalisation des travaux\u00a0;<\/li>\n<li class=\"Style94\">Publication de rapports et notes scientifiques<\/li>\n<\/ul>\n<p class=\"Style86\" align=\"center\"><strong>Vue g\u00e9n\u00e9rale de la nouvelle carte g\u00e9ologique de l&rsquo;Alg\u00e9rie au 1\/2.000.000\u00e8me<\/strong><\/p>\n<p class=\"Style94\" align=\"center\"><img loading=\"lazy\" decoding=\"async\" src=\"https:\/\/www.asal.dz\/pictures\/cato2.jpg\" width=\"673\" height=\"503\" border=\"1\" \/><\/p>\n<p class=\"Style94\" align=\"justify\">Une fois l&rsquo;actualisation de la carte achev\u00e9e, des codes de couleurs propres \u00e0 chaque \u00e8re g\u00e9ologique, ont \u00e9t\u00e9 affect\u00e9s \u00e0 ces derniers en respectant la charte stratigraphique internationale et celle des codes de couleurs accord\u00e9s \u00e0 la commission de la carte g\u00e9ologique mondiale (C<em>ommission for the GeologicalMap of the World (CGMW<\/em>).<\/p>\n<p class=\"Style94\" align=\"justify\">Ce projet a permis:<\/p>\n<p class=\"Style94\" align=\"justify\">&#8211; d\u2019identifier de nouvelles formations et de \u00ab\u00a0redessiner\u00a0\u00bbleurs contours,<\/p>\n<p class=\"Style94\" align=\"justify\">&#8211; de renommer certaines appellations,<\/p>\n<p class=\"Style94\" align=\"justify\">&#8211; de tracer les limites g\u00e9ologiques sur la base des donn\u00e9es images et d\u2019informations exog\u00e8nes,<\/p>\n<p class=\"Style94\" align=\"justify\">&#8211; de v\u00e9rifier et de cartographierles failles.<\/p>\n","protected":false},"excerpt":{"rendered":"<p>Au titre de la collaboration entre l\u2019ASAL et l\u2019Agence du Service G\u00e9ologique d\u2019Alg\u00e9rie \u00ab\u00a0ASGA\u00a0\u00bb (ex\u00a0: Agence Nationale de la G\u00e9ologie et du Contr\u00f4le Minier \u00abANGCM\u00a0\u00bb), une \u00e9tude a \u00e9t\u00e9 r\u00e9alis\u00e9e sur la cartographie g\u00e9ologique par t\u00e9l\u00e9d\u00e9tection. L&rsquo;objectif de ce projet est l&rsquo;actualisation et la finalisation de la carte g\u00e9ologique de l&rsquo;Alg\u00e9rie \u00e0 l\u2019\u00e9chelle du 1\/2.000.000\u00e8me, [&hellip;]<\/p>\n","protected":false},"author":1,"featured_media":0,"parent":0,"menu_order":0,"comment_status":"closed","ping_status":"closed","template":"","meta":{"_et_pb_use_builder":"","_et_pb_old_content":"","_et_gb_content_width":"","rop_custom_images_group":[],"rop_custom_messages_group":[],"rop_publish_now":"initial","rop_publish_now_accounts":[],"rop_publish_now_history":[],"rop_publish_now_status":"pending","footnotes":""},"class_list":["post-1033","page","type-page","status-publish","hentry"],"_links":{"self":[{"href":"https:\/\/asal.dz\/index.php?rest_route=\/wp\/v2\/pages\/1033","targetHints":{"allow":["GET"]}}],"collection":[{"href":"https:\/\/asal.dz\/index.php?rest_route=\/wp\/v2\/pages"}],"about":[{"href":"https:\/\/asal.dz\/index.php?rest_route=\/wp\/v2\/types\/page"}],"author":[{"embeddable":true,"href":"https:\/\/asal.dz\/index.php?rest_route=\/wp\/v2\/users\/1"}],"replies":[{"embeddable":true,"href":"https:\/\/asal.dz\/index.php?rest_route=%2Fwp%2Fv2%2Fcomments&post=1033"}],"version-history":[{"count":0,"href":"https:\/\/asal.dz\/index.php?rest_route=\/wp\/v2\/pages\/1033\/revisions"}],"wp:attachment":[{"href":"https:\/\/asal.dz\/index.php?rest_route=%2Fwp%2Fv2%2Fmedia&parent=1033"}],"curies":[{"name":"wp","href":"https:\/\/api.w.org\/{rel}","templated":true}]}}