{"id":1037,"date":"2019-08-28T15:57:04","date_gmt":"2019-08-28T14:57:04","guid":{"rendered":"https:\/\/asal.dz\/?page_id=1037"},"modified":"2019-08-28T15:57:04","modified_gmt":"2019-08-28T14:57:04","slug":"cartographie-des-zones-depandage-de-crues-de-dix-neuf-19-wilayas-steppiques-a-partir-de-limagerie-satellitaire-a-moyenne-resolution","status":"publish","type":"page","link":"https:\/\/asal.dz\/?page_id=1037","title":{"rendered":"Cartographie des zones d\u2019\u00e9pandage de crues de dix neuf (19) wilayas steppiques \u00e0 partir de l\u2019imagerie satellitaire \u00e0 moyenne r\u00e9solution"},"content":{"rendered":"<p class=\"Style84\" align=\"justify\">R\u00e9alis\u00e9 en 2013 dans le cadre d\u2019une convention entre l\u2019ASAL et le Minist\u00e8re de l\u2019Agriculture et du D\u00e9veloppement Rural (Direction du D\u00e9veloppement Agricole des Zones Arides et Semi Arides (DDAZASA), au profit du Haut-Commissariat au D\u00e9veloppement de la Steppe (HCDS), ce projet avait pour objectif la cartographie des Zones d\u2019Epandage de Crues (ZEC) des dix-neuf (19) wilayas steppiques.<\/p>\n<p class=\"Style84\" align=\"center\"><img loading=\"lazy\" decoding=\"async\" src=\"https:\/\/www.asal.dz\/pictures\/crue2014.jpg\" width=\"375\" height=\"364\" border=\"1\" \/><\/p>\n<p class=\"Style94\" align=\"justify\">En effet, l&rsquo;insuffisance et l&rsquo;irr\u00e9gularit\u00e9 des pr\u00e9cipitations dans la steppe Alg\u00e9rienne rendent n\u00e9cessaire le recours \u00e0 des apports d&rsquo;eau suppl\u00e9mentaires dans tout effort d&rsquo;intensification de l&rsquo;agriculture. L\u2019irrigation, par \u00e9pandage des eaux de crues, constitue une technique particuli\u00e8re de mobilisation et d\u2019utilisation des eaux de ruissellements riches en s\u00e9diments et en \u00e9l\u00e9ments nutritifs dans les zones arides et semi-arides. Dans ces zones, les faibles pr\u00e9cipitations et l\u2019insuffisance des ressources en eau, conf\u00e8rent \u00e0 l\u2019\u00e9pandage des crues un caract\u00e8re et un facteur de survie des populations rurales.<\/p>\n<p class=\"Style94\" align=\"justify\">La r\u00e9alisation de ce projet a compris\u00a0:<\/p>\n<p class=\"Style94\" align=\"justify\">&#8211; l\u2019\u00e9laboration d\u2019une carte globale de la zone d\u2019\u00e9tude \u00e0 l\u2019\u00e9chelle du 1\/1000.000\u00e8me,<\/p>\n<p class=\"Style94\" align=\"justify\">&#8211; la production de Trente-six (36) spatiocartes des zones d\u2019\u00e9pandage de crues (ZEC) \u00e0 l\u2019\u00e9chelle du 1\/100.000\u00e8me,<\/p>\n<p class=\"Style94\" align=\"justify\">&#8211; le d\u00e9veloppement d\u2019un Syst\u00e8me d\u2019Information G\u00e9ographique.<\/p>\n<p class=\"Style94\" align=\"left\">Ces r\u00e9sultats ont \u00e9t\u00e9 obtenus \u00e0 partir de l\u2019exploitation de 23 images satellitaires \u00e0 moyenne r\u00e9solution et des donn\u00e9es terrain fournies par le HCDS.<\/p>\n<p class=\"Style94\" align=\"center\"><img loading=\"lazy\" decoding=\"async\" src=\"https:\/\/www.asal.dz\/pictures\/depandage-crues.jpg\" width=\"667\" height=\"446\" \/><\/p>\n<p class=\"Style86\" align=\"center\">Spatiocarte de la zone steppique au 1\/1000.000\u00e8me<\/p>\n<p class=\"Style86\" align=\"center\"><img width=\"688\" height=\"452\" \/><\/p>\n<p class=\"Style86\" align=\"center\">Spatiocarte de la r\u00e9gion d\u2019Aflou au 1\/100.000\u00e8me<\/p>\n<p class=\"Style94\" align=\"justify\">Le syst\u00e8me d\u2019Information G\u00e9ographique d\u00e9velopp\u00e9 a permis\u00a0:<\/p>\n<p class=\"Style94\" align=\"justify\">&#8211; La d\u00e9limitation de nouvelles zones d\u2019\u00e9pandage de crues\u00a0;<\/p>\n<p class=\"Style94\" align=\"justify\">&#8211; La visualisation de diff\u00e9rentes couches d\u2019informations (Ced, zone d\u2019\u00e9pandage de crues, bassin versant, r\u00e9seaux hydrographiques\u2026..) \u00e0 diff\u00e9rentes \u00e9chelles\u00a0;<\/p>\n<p class=\"Style94\" align=\"justify\">&#8211; La saisie, la modification et la mise \u00e0 jour des diff\u00e9rentes couches d\u2019informations\u00a0;<\/p>\n<p class=\"Style94\" align=\"justify\">&#8211; La gestion de donn\u00e9es hydrologiques (localisation des Ceds existants, positionnement des nouveau Ceds, proposition de nouvelles zones d\u2019\u00e9pandage de crues).<\/p>\n<p class=\"Style86\" align=\"center\"><img loading=\"lazy\" decoding=\"async\" src=\"https:\/\/www.asal.dz\/pictures\/depandage-crues3.jpg\" width=\"680\" height=\"530\" \/><\/p>\n<p class=\"Style86\" align=\"center\">Exemple d\u2019Identification des informations relatives aux th\u00e8mes de l\u2019\u00e9tude, visualis\u00e9es sur le SIG mis en \u0153uvre.<\/p>\n<p class=\"Style94\" align=\"justify\">Aussi, une formation au profit des 10 cadres du MADR a \u00e9t\u00e9 r\u00e9alis\u00e9e, \u00e0 Djelfa au si\u00e8ge du Haut-Commissariat au D\u00e9veloppement de la Steppe (HCDS).<\/p>\n","protected":false},"excerpt":{"rendered":"<p>R\u00e9alis\u00e9 en 2013 dans le cadre d\u2019une convention entre l\u2019ASAL et le Minist\u00e8re de l\u2019Agriculture et du D\u00e9veloppement Rural (Direction du D\u00e9veloppement Agricole des Zones Arides et Semi Arides (DDAZASA), au profit du Haut-Commissariat au D\u00e9veloppement de la Steppe (HCDS), ce projet avait pour objectif la cartographie des Zones d\u2019Epandage de Crues (ZEC) des dix-neuf [&hellip;]<\/p>\n","protected":false},"author":1,"featured_media":0,"parent":0,"menu_order":0,"comment_status":"closed","ping_status":"closed","template":"","meta":{"_et_pb_use_builder":"","_et_pb_old_content":"","_et_gb_content_width":"","rop_custom_images_group":[],"rop_custom_messages_group":[],"rop_publish_now":"initial","rop_publish_now_accounts":[],"rop_publish_now_history":[],"rop_publish_now_status":"pending","footnotes":""},"class_list":["post-1037","page","type-page","status-publish","hentry"],"_links":{"self":[{"href":"https:\/\/asal.dz\/index.php?rest_route=\/wp\/v2\/pages\/1037","targetHints":{"allow":["GET"]}}],"collection":[{"href":"https:\/\/asal.dz\/index.php?rest_route=\/wp\/v2\/pages"}],"about":[{"href":"https:\/\/asal.dz\/index.php?rest_route=\/wp\/v2\/types\/page"}],"author":[{"embeddable":true,"href":"https:\/\/asal.dz\/index.php?rest_route=\/wp\/v2\/users\/1"}],"replies":[{"embeddable":true,"href":"https:\/\/asal.dz\/index.php?rest_route=%2Fwp%2Fv2%2Fcomments&post=1037"}],"version-history":[{"count":0,"href":"https:\/\/asal.dz\/index.php?rest_route=\/wp\/v2\/pages\/1037\/revisions"}],"wp:attachment":[{"href":"https:\/\/asal.dz\/index.php?rest_route=%2Fwp%2Fv2%2Fmedia&parent=1037"}],"curies":[{"name":"wp","href":"https:\/\/api.w.org\/{rel}","templated":true}]}}