{"id":1049,"date":"2019-08-28T16:03:03","date_gmt":"2019-08-28T15:03:03","guid":{"rendered":"https:\/\/asal.dz\/?page_id=1049"},"modified":"2019-08-28T16:03:03","modified_gmt":"2019-08-28T15:03:03","slug":"atlas","status":"publish","type":"page","link":"https:\/\/asal.dz\/?page_id=1049","title":{"rendered":"atlas"},"content":{"rendered":"<h3><\/h3>\n<table style=\"height: 448px;\" border=\"0\" width=\"701\">\n<tbody>\n<tr>\n<td align=\"left\"><span class=\"Style52\"><strong><img loading=\"lazy\" decoding=\"async\" src=\"https:\/\/www.asal.dz\/pictures\/Fleche.gif\" width=\"40\" height=\"25\" align=\"bottom\" \/><\/strong><a class=\"Style51\" href=\"https:\/\/www.asal.dz\/files\/atlas\/Atlas.pdf\" target=\"_blank\" rel=\"noopener noreferrer\">Les aires prot\u00e9g\u00e9es en Algerie<\/a><\/span><\/td>\n<\/tr>\n<tr>\n<td align=\"left\">\n<p class=\"Style51\"><strong><img loading=\"lazy\" decoding=\"async\" src=\"https:\/\/www.asal.dz\/pictures\/Fleche.gif\" width=\"40\" height=\"25\" align=\"bottom\" \/><\/strong><a href=\"https:\/\/www.asal.dz\/files\/atlas\/Parcs%20nationaux1.pdf\">Parcs nationaux I<\/a><\/p>\n<\/td>\n<\/tr>\n<tr>\n<td align=\"left\">\n<p class=\"Style51\"><strong><img loading=\"lazy\" decoding=\"async\" src=\"https:\/\/www.asal.dz\/pictures\/Fleche.gif\" width=\"40\" height=\"25\" align=\"bottom\" \/><\/strong><a href=\"https:\/\/www.asal.dz\/files\/atlas\/Parcs%20nationaux2.pdf\">Parcs nationaux II<\/a><\/p>\n<\/td>\n<\/tr>\n<tr>\n<td align=\"left\">\n<p class=\"Style51\"><img loading=\"lazy\" decoding=\"async\" src=\"https:\/\/www.asal.dz\/pictures\/Fleche.gif\" width=\"40\" height=\"25\" align=\"bottom\" \/><a class=\"Style51\" href=\"https:\/\/www.asal.dz\/files\/atlas\/Zones%20humides1.pdf\">Zones humides I <\/a><\/p>\n<\/td>\n<\/tr>\n<tr>\n<td align=\"left\">\n<p class=\"Style51\"><img loading=\"lazy\" decoding=\"async\" src=\"https:\/\/www.asal.dz\/pictures\/Fleche.gif\" width=\"40\" height=\"25\" align=\"bottom\" \/><a class=\"Style51\" href=\"https:\/\/www.asal.dz\/files\/atlas\/Zones%20humides2.pdf\">Zones humides II<\/a><\/p>\n<\/td>\n<\/tr>\n<tr>\n<td align=\"left\">\n<p class=\"Style51\"><img loading=\"lazy\" decoding=\"async\" src=\"https:\/\/www.asal.dz\/pictures\/Fleche.gif\" width=\"40\" height=\"25\" align=\"bottom\" \/><a href=\"https:\/\/www.asal.dz\/files\/atlas\/Reserves%20naturelles.pdf\">R\u00e9serves naturelles<\/a><\/p>\n<\/td>\n<\/tr>\n<\/tbody>\n<\/table>\n","protected":false},"excerpt":{"rendered":"<p>Les aires prot\u00e9g\u00e9es en Algerie Parcs nationaux I Parcs nationaux II Zones humides I Zones humides II R\u00e9serves naturelles<\/p>\n","protected":false},"author":1,"featured_media":0,"parent":0,"menu_order":0,"comment_status":"closed","ping_status":"closed","template":"","meta":{"_et_pb_use_builder":"","_et_pb_old_content":"","_et_gb_content_width":"","rop_custom_images_group":[],"rop_custom_messages_group":[],"rop_publish_now":"initial","rop_publish_now_accounts":[],"rop_publish_now_history":[],"rop_publish_now_status":"pending","footnotes":""},"class_list":["post-1049","page","type-page","status-publish","hentry"],"_links":{"self":[{"href":"https:\/\/asal.dz\/index.php?rest_route=\/wp\/v2\/pages\/1049","targetHints":{"allow":["GET"]}}],"collection":[{"href":"https:\/\/asal.dz\/index.php?rest_route=\/wp\/v2\/pages"}],"about":[{"href":"https:\/\/asal.dz\/index.php?rest_route=\/wp\/v2\/types\/page"}],"author":[{"embeddable":true,"href":"https:\/\/asal.dz\/index.php?rest_route=\/wp\/v2\/users\/1"}],"replies":[{"embeddable":true,"href":"https:\/\/asal.dz\/index.php?rest_route=%2Fwp%2Fv2%2Fcomments&post=1049"}],"version-history":[{"count":0,"href":"https:\/\/asal.dz\/index.php?rest_route=\/wp\/v2\/pages\/1049\/revisions"}],"wp:attachment":[{"href":"https:\/\/asal.dz\/index.php?rest_route=%2Fwp%2Fv2%2Fmedia&parent=1049"}],"curies":[{"name":"wp","href":"https:\/\/api.w.org\/{rel}","templated":true}]}}