{"id":1195,"date":"2019-09-02T16:32:14","date_gmt":"2019-09-02T15:32:14","guid":{"rendered":"https:\/\/asal.dz\/?page_id=1195"},"modified":"2019-09-02T16:32:14","modified_gmt":"2019-09-02T15:32:14","slug":"18-wilayas-concernees-par-le-projet-de-realisation-de-sig-dedie-au-suivi-des-instruments-durbanisme-et-des-programmes-dhabitat","status":"publish","type":"page","link":"https:\/\/asal.dz\/?page_id=1195","title":{"rendered":"18 wilayas concern\u00e9es par le projet de r\u00e9alisation de SIG d\u00e9di\u00e9 au suivi des instruments d\u2019urbanisme et des programmes d\u2019habitat"},"content":{"rendered":"<p class=\"Style37\" align=\"justify\">Le Minist\u00e8re de l\u2019Habitat et de l\u2019Urbanisme a d\u00e9cid\u00e9 d\u2019\u00e9largir \u00e0 18 wilayas le projet de r\u00e9alisation de SIG d\u00e9di\u00e9 au suivi des instruments d\u2019urbanisme et des programmes d\u2019habitat, qui a \u00e9t\u00e9 r\u00e9alis\u00e9 avec succ\u00e8s pour 12 wilayas pilotes.<\/p>\n<p class=\"Style37\" align=\"justify\">Les 18 wilayas concern\u00e9es sont: Alger, Tipaza, Tizi-Ouzou, Jijel, Annaba, Skikda, Souk-Ahras, S\u00e9tif, Saida, Tlemcen, Ain Temouchent, Tebessa, Mostaganem, Tamanrasset, Tindouf, Ouargla, Laghouat, et Na\u00e2ma.<\/p>\n<p class=\"Style37\" align=\"justify\">L\u2019extension de ce projet \u00e0 18 autres wilayas constitue la deuxi\u00e8me \u00e9tape du projet qui s\u2019appuiera sur le retour d\u2019exp\u00e9rience acquis lors de la premi\u00e8re \u00e9tape concernant les 12 wilayas.<br \/>\nDans ce cadre, un atelier s\u2019est tenu le 18 janvier 2011, au si\u00e8ge du MHU regroupant les repr\u00e9sentants du minist\u00e8re, des directions d\u2019urbanisme des 12 wilayas et de l\u2019ASAL, ayant pour objectif la pr\u00e9sentation des besoins correspondants de chaque wilaya.<br \/>\nPour rappel, les douze wilayas ayant b\u00e9n\u00e9fici\u00e9 d\u2019un Syst\u00e8me d\u2019Informations G\u00e9ographiques pour le suivi et l\u2019\u00e9valuation des instruments d\u2019urbanisme sont : Adrar, Bejaia, Biskra, B\u00e9char, Blida, Chlef, Constantine, Tiaret, Oran , El-Oued, Ghardaia,et Illizi.<\/p>\n<p class=\"Style37\" align=\"justify\">Au cours de cet atelier, des discussions ont cibl\u00e9 l\u2019approche \u00e0 d\u00e9finir sur la base des r\u00e9sultats obtenus lors de la premi\u00e8re \u00e9tape. Les points suivants ont \u00e9t\u00e9 abord\u00e9s :<\/p>\n<p class=\"Style37\"><strong>&#8211;<\/strong> l\u2019analyse des besoins de chaque wilaya ;<br \/>\n<strong>&#8211;<\/strong> les diff\u00e9rentes phases et planning du projet;<br \/>\n<strong>&#8211;<\/strong> les logiciels et syst\u00e8mes d\u2019exploitation \u00e0 utiliser pour l\u2019exploitation du SIG ;<br \/>\n<strong>&#8211;<\/strong> l\u2019acquisition des images \u00e0 haute r\u00e9solution des sites identifi\u00e9s sur les 18 wilayas ;<br \/>\n<strong>&#8211;<\/strong> la formation associ\u00e9e aux diff\u00e9rentes phases du projet.<\/p>\n<p class=\"Style37\" align=\"justify\">Une formation de mise \u00e0 niveau au profit de 40 cadres du MHU, est pr\u00e9vue par l\u2019ASAL avant le d\u00e9marrage du projet des 18 wilayas, et \u00a0se d\u00e9roulera au Centre des Techniques Spatiales \u00e0 Arzew (ORAN).<\/p>\n<p class=\"Style37\" align=\"center\"><img loading=\"lazy\" decoding=\"async\" src=\"https:\/\/www.asal.dz\/pictures\/POS52Oran.JPG\" width=\"604\" height=\"462\" \/><\/p>\n<p class=\"Style37\" align=\"justify\">\n<p class=\"Style37 Style38\" align=\"center\"><img loading=\"lazy\" decoding=\"async\" src=\"https:\/\/www.asal.dz\/pictures\/Tichy.JPG\" width=\"604\" height=\"512\" \/><\/p>\n","protected":false},"excerpt":{"rendered":"<p>Le Minist\u00e8re de l\u2019Habitat et de l\u2019Urbanisme a d\u00e9cid\u00e9 d\u2019\u00e9largir \u00e0 18 wilayas le projet de r\u00e9alisation de SIG d\u00e9di\u00e9 au suivi des instruments d\u2019urbanisme et des programmes d\u2019habitat, qui a \u00e9t\u00e9 r\u00e9alis\u00e9 avec succ\u00e8s pour 12 wilayas pilotes. Les 18 wilayas concern\u00e9es sont: Alger, Tipaza, Tizi-Ouzou, Jijel, Annaba, Skikda, Souk-Ahras, S\u00e9tif, Saida, Tlemcen, Ain [&hellip;]<\/p>\n","protected":false},"author":1,"featured_media":0,"parent":0,"menu_order":0,"comment_status":"closed","ping_status":"closed","template":"","meta":{"_et_pb_use_builder":"","_et_pb_old_content":"","_et_gb_content_width":"","rop_custom_images_group":[],"rop_custom_messages_group":[],"rop_publish_now":"initial","rop_publish_now_accounts":[],"rop_publish_now_history":[],"rop_publish_now_status":"pending","footnotes":""},"class_list":["post-1195","page","type-page","status-publish","hentry"],"_links":{"self":[{"href":"https:\/\/asal.dz\/index.php?rest_route=\/wp\/v2\/pages\/1195","targetHints":{"allow":["GET"]}}],"collection":[{"href":"https:\/\/asal.dz\/index.php?rest_route=\/wp\/v2\/pages"}],"about":[{"href":"https:\/\/asal.dz\/index.php?rest_route=\/wp\/v2\/types\/page"}],"author":[{"embeddable":true,"href":"https:\/\/asal.dz\/index.php?rest_route=\/wp\/v2\/users\/1"}],"replies":[{"embeddable":true,"href":"https:\/\/asal.dz\/index.php?rest_route=%2Fwp%2Fv2%2Fcomments&post=1195"}],"version-history":[{"count":0,"href":"https:\/\/asal.dz\/index.php?rest_route=\/wp\/v2\/pages\/1195\/revisions"}],"wp:attachment":[{"href":"https:\/\/asal.dz\/index.php?rest_route=%2Fwp%2Fv2%2Fmedia&parent=1195"}],"curies":[{"name":"wp","href":"https:\/\/api.w.org\/{rel}","templated":true}]}}