{"id":1199,"date":"2019-09-02T16:33:01","date_gmt":"2019-09-02T15:33:01","guid":{"rendered":"https:\/\/asal.dz\/?page_id=1199"},"modified":"2019-09-02T16:33:01","modified_gmt":"2019-09-02T15:33:01","slug":"realisation-dun-sig-pour-la-reconnaissance-et-la-localisation-des-sites-dimplantation-de-lhabitat-precaire-dans-les-communes-dazzaba-el-ghdir-ramdane-djamel-beni","status":"publish","type":"page","link":"https:\/\/asal.dz\/?page_id=1199","title":{"rendered":"R\u00e9alisation d\u2019un SIG pour la reconnaissance et la localisation des sites d\u2019implantation de l\u2019habitat pr\u00e9caire dans les communes d\u2019Azzaba, El Ghdir, Ramdane Djamel, Beni Bechir et Salah Bouachour (Wilaya de Skikda), \u00e0 partir de l\u2019imagerie satellitaire \u00e0 tr\u00e8s haute r\u00e9solution"},"content":{"rendered":"<p class=\"Style37\" align=\"justify\">Le projet r\u00e9alis\u00e9 en 2013 avait pour objectif la mise en place d\u2019un Syst\u00e8me d\u2019Information G\u00e9ographique faisant ressortir les sites d\u2019implantation de l\u2019habitat pr\u00e9caire, dans les cinq\u00a0 communes de la wilaya de Skikda \u00e0 savoir\u00a0:Azzaba, El Ghdir, Ramdane Djamel, B\u00e9ni B\u00e9chir et Salah Bouchaour, \u00e0 partir\u00a0 de l\u2019exploitation de l\u2019imagerie satellitaire \u00e0 haute r\u00e9solution et des documents fournis par la wilaya.<\/p>\n<p class=\"Style37\" align=\"justify\">Une \u00e9tude comparative a \u00e9t\u00e9 r\u00e9alis\u00e9e entre l\u2019inventaire r\u00e9alis\u00e9en 2007 par les services de la wilaya de Skikda et les informations extraites par l\u2019ASAL \u00e0 partir d\u2019une image \u00e0 tr\u00e8s haute r\u00e9solution de 2011. Elle a permis de retracer la d\u00e9limitation et l\u2019\u00e9volution de l\u2019habitat pr\u00e9caire dans la commune de Skikda entre 2007 et 2011.<\/p>\n<p class=\"Style37\" align=\"justify\">L\u2019application SIG d\u00e9velopp\u00e9e a permis le comptage et le suivi de l\u2019\u00e9volution de l\u2019habitat pr\u00e9caire, \u00e0 partir de l\u2019imagerie satellitaire.<\/p>\n<p class=\"Style37\" align=\"justify\"><img loading=\"lazy\" decoding=\"async\" src=\"https:\/\/www.asal.dz\/pictures\/az14.jpg\" width=\"657\" height=\"465\" border=\"1\" \/><\/p>\n<p class=\"Style59\" align=\"center\">Exemple de spatiocarte sur l\u2019un des sites d\u2019habitat pr\u00e9caire.<\/p>\n<p class=\"Style37\" align=\"center\">\n","protected":false},"excerpt":{"rendered":"<p>Le projet r\u00e9alis\u00e9 en 2013 avait pour objectif la mise en place d\u2019un Syst\u00e8me d\u2019Information G\u00e9ographique faisant ressortir les sites d\u2019implantation de l\u2019habitat pr\u00e9caire, dans les cinq\u00a0 communes de la wilaya de Skikda \u00e0 savoir\u00a0:Azzaba, El Ghdir, Ramdane Djamel, B\u00e9ni B\u00e9chir et Salah Bouchaour, \u00e0 partir\u00a0 de l\u2019exploitation de l\u2019imagerie satellitaire \u00e0 haute r\u00e9solution et [&hellip;]<\/p>\n","protected":false},"author":1,"featured_media":0,"parent":0,"menu_order":0,"comment_status":"closed","ping_status":"closed","template":"","meta":{"_et_pb_use_builder":"","_et_pb_old_content":"","_et_gb_content_width":"","rop_custom_images_group":[],"rop_custom_messages_group":[],"rop_publish_now":"initial","rop_publish_now_accounts":[],"rop_publish_now_history":[],"rop_publish_now_status":"pending","footnotes":""},"class_list":["post-1199","page","type-page","status-publish","hentry"],"_links":{"self":[{"href":"https:\/\/asal.dz\/index.php?rest_route=\/wp\/v2\/pages\/1199","targetHints":{"allow":["GET"]}}],"collection":[{"href":"https:\/\/asal.dz\/index.php?rest_route=\/wp\/v2\/pages"}],"about":[{"href":"https:\/\/asal.dz\/index.php?rest_route=\/wp\/v2\/types\/page"}],"author":[{"embeddable":true,"href":"https:\/\/asal.dz\/index.php?rest_route=\/wp\/v2\/users\/1"}],"replies":[{"embeddable":true,"href":"https:\/\/asal.dz\/index.php?rest_route=%2Fwp%2Fv2%2Fcomments&post=1199"}],"version-history":[{"count":0,"href":"https:\/\/asal.dz\/index.php?rest_route=\/wp\/v2\/pages\/1199\/revisions"}],"wp:attachment":[{"href":"https:\/\/asal.dz\/index.php?rest_route=%2Fwp%2Fv2%2Fmedia&parent=1199"}],"curies":[{"name":"wp","href":"https:\/\/api.w.org\/{rel}","templated":true}]}}