{"id":1205,"date":"2019-09-02T16:34:13","date_gmt":"2019-09-02T15:34:13","guid":{"rendered":"https:\/\/asal.dz\/?page_id=1205"},"modified":"2019-09-02T16:34:13","modified_gmt":"2019-09-02T15:34:13","slug":"projet-de-realisation-de-spatiocartes-a-lechelle-du-1-5000-eme-couvrant-le-territoire-de-la-wilaya-dalger","status":"publish","type":"page","link":"https:\/\/asal.dz\/?page_id=1205","title":{"rendered":"Projet de r\u00e9alisation de spatiocartes \u00e0 l\u2019\u00e9chelle du 1\/5000 \u00e8me couvrant le territoire de la wilaya d\u2019Alger"},"content":{"rendered":"<p class=\"Style37\" align=\"justify\">L\u2019Agence Spatiale Alg\u00e9rienne et la Direction de l\u2019Am\u00e9nagement du Territoire, de l\u2019Urbanisme, de la Pr\u00e9vention et de la r\u00e9sorption de l\u2019Habitat Pr\u00e9caire de la wilaya d\u2019Alger ont sign\u00e9 une convention portant sur la r\u00e9alisation de spatiocartes \u00e0 l\u2019\u00e9chelle de 1\/5000\u00e8me \u00a0couvrant l\u2019ensemble du territoire de la wilaya. L\u2019objectif de ce travail vise l\u2019utilisation de l\u2019imagerie satellitaire \u00e0 tr\u00e8s haute r\u00e9solution pour la mise \u00e0 jour des fonds cartographiques n\u00e9cessaires \u00e0 l\u2019\u00e9tude du Plan Directeur d\u2019Am\u00e9nagement Urbain. (PDAU).<\/p>\n<p class=\"Style42\" align=\"center\"><img loading=\"lazy\" decoding=\"async\" src=\"https:\/\/www.asal.dz\/pictures\/spatiocarte-habitat.JPG\" width=\"616\" height=\"427\" \/><\/p>\n<p class=\"Style59\" align=\"center\">Pr\u00e9sentation de l\u2019aire d\u2019\u00e9tude du projet<\/p>\n","protected":false},"excerpt":{"rendered":"<p>L\u2019Agence Spatiale Alg\u00e9rienne et la Direction de l\u2019Am\u00e9nagement du Territoire, de l\u2019Urbanisme, de la Pr\u00e9vention et de la r\u00e9sorption de l\u2019Habitat Pr\u00e9caire de la wilaya d\u2019Alger ont sign\u00e9 une convention portant sur la r\u00e9alisation de spatiocartes \u00e0 l\u2019\u00e9chelle de 1\/5000\u00e8me \u00a0couvrant l\u2019ensemble du territoire de la wilaya. L\u2019objectif de ce travail vise l\u2019utilisation de l\u2019imagerie [&hellip;]<\/p>\n","protected":false},"author":1,"featured_media":0,"parent":0,"menu_order":0,"comment_status":"closed","ping_status":"closed","template":"","meta":{"_et_pb_use_builder":"","_et_pb_old_content":"","_et_gb_content_width":"","rop_custom_images_group":[],"rop_custom_messages_group":[],"rop_publish_now":"initial","rop_publish_now_accounts":[],"rop_publish_now_history":[],"rop_publish_now_status":"pending","footnotes":""},"class_list":["post-1205","page","type-page","status-publish","hentry"],"_links":{"self":[{"href":"https:\/\/asal.dz\/index.php?rest_route=\/wp\/v2\/pages\/1205","targetHints":{"allow":["GET"]}}],"collection":[{"href":"https:\/\/asal.dz\/index.php?rest_route=\/wp\/v2\/pages"}],"about":[{"href":"https:\/\/asal.dz\/index.php?rest_route=\/wp\/v2\/types\/page"}],"author":[{"embeddable":true,"href":"https:\/\/asal.dz\/index.php?rest_route=\/wp\/v2\/users\/1"}],"replies":[{"embeddable":true,"href":"https:\/\/asal.dz\/index.php?rest_route=%2Fwp%2Fv2%2Fcomments&post=1205"}],"version-history":[{"count":0,"href":"https:\/\/asal.dz\/index.php?rest_route=\/wp\/v2\/pages\/1205\/revisions"}],"wp:attachment":[{"href":"https:\/\/asal.dz\/index.php?rest_route=%2Fwp%2Fv2%2Fmedia&parent=1205"}],"curies":[{"name":"wp","href":"https:\/\/api.w.org\/{rel}","templated":true}]}}