{"id":1209,"date":"2019-09-02T16:35:21","date_gmt":"2019-09-02T15:35:21","guid":{"rendered":"https:\/\/asal.dz\/?page_id=1209"},"modified":"2019-09-02T16:35:21","modified_gmt":"2019-09-02T15:35:21","slug":"cartographie-des-zones-dexpansion-touristique-zet-de-larbi-ben-mhidi-fil-fila-et-de-la-marsa-wilaya-de-skikda","status":"publish","type":"page","link":"https:\/\/asal.dz\/?page_id=1209","title":{"rendered":"Cartographie des zones d\u2019expansion touristique (ZET) de Larbi Ben M\u2019hidi-Fil Fila, et de la Marsa (Wilaya de Skikda)"},"content":{"rendered":"<p class=\"Style37\" align=\"justify\">Ce projet avait pour objectif la r\u00e9alisation de spatiocartes \u00e0 l\u2019\u00e9chelle 1\/5.000\u00e8me, \u00e0 partir de l\u2019imagerie satellitaire \u00e0 tr\u00e8s haute r\u00e9solution spatiale. Ces spatiocartes serviront comme documents de base \u00e0 la d\u00e9limitation des trois zones d\u2019expansion touristique (ZET) Larbi Ben M&rsquo;hidi &#8211; FiFlila, et d\u2019El Marsa.<\/p>\n<p class=\"Style37\" align=\"justify\">Ce projet r\u00e9alis\u00e9 en 2013, s\u2019articulait autour de trois phases\u00a0:<\/p>\n<p class=\"Style37\" align=\"justify\">1- La pr\u00e9paration des travaux terrain et observation spatiale de 40 points\u00a0;<\/p>\n<p class=\"Style37\" align=\"justify\">2- La r\u00e9alisation d\u2019ortho-images des trois zones d\u2019expansion touristique\u00a0;<\/p>\n<p class=\"Style37\" align=\"justify\">3- La r\u00e9alisation de spatiocartes, comportant:<\/p>\n<blockquote>\n<p class=\"Style37\" align=\"justify\">&#8211; la d\u00e9limitation des ZET, class\u00e9es selon le d\u00e9cret 88-232 du 05 novembre 1988;<\/p>\n<p class=\"Style37\" align=\"justify\">&#8211; l\u2019identification des zones tampons de 100 m, 300 m, 800 m, 3000 m\u00a0;<\/p>\n<p class=\"Style37\" align=\"justify\">&#8211; l\u2019identification des principales routes\u00a0;<\/p>\n<p class=\"Style37\" align=\"justify\">&#8211; la toponymie des r\u00e9gions cartographi\u00e9es\u00a0;<\/p>\n<p class=\"Style37\" align=\"justify\">&#8211; l\u2019habillage des spatiocartes\u00a0;<\/p>\n<p class=\"Style37\" align=\"justify\">&#8211; l\u2019impression des spatiocartes.<\/p>\n<\/blockquote>\n<p class=\"Style37\" align=\"center\"><img loading=\"lazy\" decoding=\"async\" src=\"https:\/\/www.asal.dz\/pictures\/cartzone.jpg\" width=\"680\" height=\"477\" \/><\/p>\n<p class=\"Style59\" align=\"center\">Exemple de spatiocarte d\u2019une zone d\u2019expansion touristique.<\/p>\n<p class=\"Style37\" align=\"center\">\n","protected":false},"excerpt":{"rendered":"<p>Ce projet avait pour objectif la r\u00e9alisation de spatiocartes \u00e0 l\u2019\u00e9chelle 1\/5.000\u00e8me, \u00e0 partir de l\u2019imagerie satellitaire \u00e0 tr\u00e8s haute r\u00e9solution spatiale. Ces spatiocartes serviront comme documents de base \u00e0 la d\u00e9limitation des trois zones d\u2019expansion touristique (ZET) Larbi Ben M&rsquo;hidi &#8211; FiFlila, et d\u2019El Marsa. Ce projet r\u00e9alis\u00e9 en 2013, s\u2019articulait autour de trois [&hellip;]<\/p>\n","protected":false},"author":1,"featured_media":0,"parent":0,"menu_order":0,"comment_status":"closed","ping_status":"closed","template":"","meta":{"_et_pb_use_builder":"","_et_pb_old_content":"","_et_gb_content_width":"","rop_custom_images_group":[],"rop_custom_messages_group":[],"rop_publish_now":"initial","rop_publish_now_accounts":[],"rop_publish_now_history":[],"rop_publish_now_status":"pending","footnotes":""},"class_list":["post-1209","page","type-page","status-publish","hentry"],"_links":{"self":[{"href":"https:\/\/asal.dz\/index.php?rest_route=\/wp\/v2\/pages\/1209","targetHints":{"allow":["GET"]}}],"collection":[{"href":"https:\/\/asal.dz\/index.php?rest_route=\/wp\/v2\/pages"}],"about":[{"href":"https:\/\/asal.dz\/index.php?rest_route=\/wp\/v2\/types\/page"}],"author":[{"embeddable":true,"href":"https:\/\/asal.dz\/index.php?rest_route=\/wp\/v2\/users\/1"}],"replies":[{"embeddable":true,"href":"https:\/\/asal.dz\/index.php?rest_route=%2Fwp%2Fv2%2Fcomments&post=1209"}],"version-history":[{"count":0,"href":"https:\/\/asal.dz\/index.php?rest_route=\/wp\/v2\/pages\/1209\/revisions"}],"wp:attachment":[{"href":"https:\/\/asal.dz\/index.php?rest_route=%2Fwp%2Fv2%2Fmedia&parent=1209"}],"curies":[{"name":"wp","href":"https:\/\/api.w.org\/{rel}","templated":true}]}}