{"id":1215,"date":"2019-09-02T16:37:44","date_gmt":"2019-09-02T15:37:44","guid":{"rendered":"https:\/\/asal.dz\/?page_id=1215"},"modified":"2019-09-02T16:48:43","modified_gmt":"2019-09-02T15:48:43","slug":"inondations","status":"publish","type":"page","link":"https:\/\/asal.dz\/?page_id=1215","title":{"rendered":"INONDATIONS"},"content":{"rendered":"<table border=\"0\" width=\"699\">\n<tbody>\n<tr>\n<td height=\"207\"><\/td>\n<td colspan=\"5\" rowspan=\"5\" align=\"left\" valign=\"top\">\n<p class=\"Style42\" align=\"center\">INONDATIONS<\/p>\n<p class=\"Style37\" align=\"justify\">L&rsquo;Alg\u00e9rie est fr\u00e9quemment concern\u00e9e par des inondations d\u00e9vastatrices. Par le pass\u00e9, ces derni\u00e8res se produisaient surtout suite aux d\u00e9bordements des grands cours d\u2019eau des plaines agricoles. Depuis une vingtaine d\u2019ann\u00e9es, elles ont davantage touch\u00e9 les centres urbains o\u00f9 elles ont engendr\u00e9 de nombreuses pertes en vies humaines et des d\u00e9g\u00e2ts mat\u00e9riels consid\u00e9rables. L&rsquo;augmentation perceptible de la fr\u00e9quence et de l&rsquo;amplitude des ph\u00e9nom\u00e8nes climatiques extr\u00eames rend indispensable la mobilisation de toutes les ressources technologiques pour faire face \u00e0 cette situation.<\/p>\n<p class=\"Style37\" align=\"justify\">Dans ce cadre, l&rsquo;imagerie satellitaire a montr\u00e9 toute son importance dans l&rsquo;organisation des secours, l&rsquo;\u00e9valuation des d\u00e9g\u00e2ts des r\u00e9gions concern\u00e9es,ainsi que dans la pr\u00e9vention par la cartographie des zones inondables et le dimensionnement des dispositifs de lutte contre les inondations.<\/p>\n<p class=\"Style42\"><strong>Exemples d\u2019applications<\/strong><\/p>\n<blockquote>\n<h3 align=\"justify\"><\/h3>\n<p align=\"justify\"><img loading=\"lazy\" decoding=\"async\" src=\"https:\/\/www.asal.dz\/pictures\/puce.jpg\" width=\"16\" height=\"10\" \/><span class=\"Style37\"><a href=\"https:\/\/asal.dz\/?page_id=1225\">Analyse des impacts de l\u2019inondation ayant touch\u00e9 la r\u00e9gion d\u2019Aflou (W. Laghouat) le 09\/10\/2013, \u00e0 partir d\u2019images Alsat 2A prises le 11 octobre 2014. <\/a><\/span><\/p>\n<p class=\"Style37\" align=\"justify\"><img loading=\"lazy\" decoding=\"async\" src=\"https:\/\/www.asal.dz\/pictures\/puce.jpg\" width=\"16\" height=\"10\" \/><a href=\"https:\/\/asal.dz\/?page_id=1229\">Analyse des impacts li\u00e9s \u00e0 l\u2019inondation ayant touch\u00e9 la r\u00e9gion de F\u2019kirina (Wilaya d\u2019Oum El Bouaghi) le 31\/08\/2013, \u00e0 partir de l\u2019imagerie satellitaire Alsat 2A.<\/a><\/p>\n<p class=\"Style37\" align=\"justify\"><img loading=\"lazy\" decoding=\"async\" src=\"https:\/\/www.asal.dz\/pictures\/puce.jpg\" width=\"16\" height=\"10\" \/><a href=\"https:\/\/asal.dz\/?page_id=1235\">Inondations d\u2019El-TARF -23 f\u00e9vrier 2012<\/a>.<\/p>\n<p class=\"Style37\" align=\"justify\"><img loading=\"lazy\" decoding=\"async\" src=\"https:\/\/www.asal.dz\/pictures\/puce.jpg\" width=\"16\" height=\"10\" \/><a href=\"https:\/\/asal.dz\/?page_id=1239\">Inondations d\u2019El Bayadh-1er octobre 2011.<\/a><\/p>\n<p class=\"Style37\" align=\"justify\"><img loading=\"lazy\" decoding=\"async\" src=\"https:\/\/www.asal.dz\/pictures\/puce.jpg\" width=\"16\" height=\"10\" \/><a href=\"https:\/\/asal.dz\/?page_id=1243\">Les inondations de Gharda\u00efa &#8211; 1er \u00a0\u00a0octobre 2008.<\/a><\/p>\n<\/blockquote>\n<\/td>\n<\/tr>\n<\/tbody>\n<\/table>\n","protected":false},"excerpt":{"rendered":"<p>INONDATIONS L&rsquo;Alg\u00e9rie est fr\u00e9quemment concern\u00e9e par des inondations d\u00e9vastatrices. Par le pass\u00e9, ces derni\u00e8res se produisaient surtout suite aux d\u00e9bordements des grands cours d\u2019eau des plaines agricoles. Depuis une vingtaine d\u2019ann\u00e9es, elles ont davantage touch\u00e9 les centres urbains o\u00f9 elles ont engendr\u00e9 de nombreuses pertes en vies humaines et des d\u00e9g\u00e2ts mat\u00e9riels consid\u00e9rables. L&rsquo;augmentation perceptible [&hellip;]<\/p>\n","protected":false},"author":1,"featured_media":0,"parent":0,"menu_order":0,"comment_status":"closed","ping_status":"closed","template":"","meta":{"_et_pb_use_builder":"","_et_pb_old_content":"","_et_gb_content_width":"","rop_custom_images_group":[],"rop_custom_messages_group":[],"rop_publish_now":"initial","rop_publish_now_accounts":[],"rop_publish_now_history":[],"rop_publish_now_status":"pending","footnotes":""},"class_list":["post-1215","page","type-page","status-publish","hentry"],"_links":{"self":[{"href":"https:\/\/asal.dz\/index.php?rest_route=\/wp\/v2\/pages\/1215","targetHints":{"allow":["GET"]}}],"collection":[{"href":"https:\/\/asal.dz\/index.php?rest_route=\/wp\/v2\/pages"}],"about":[{"href":"https:\/\/asal.dz\/index.php?rest_route=\/wp\/v2\/types\/page"}],"author":[{"embeddable":true,"href":"https:\/\/asal.dz\/index.php?rest_route=\/wp\/v2\/users\/1"}],"replies":[{"embeddable":true,"href":"https:\/\/asal.dz\/index.php?rest_route=%2Fwp%2Fv2%2Fcomments&post=1215"}],"version-history":[{"count":0,"href":"https:\/\/asal.dz\/index.php?rest_route=\/wp\/v2\/pages\/1215\/revisions"}],"wp:attachment":[{"href":"https:\/\/asal.dz\/index.php?rest_route=%2Fwp%2Fv2%2Fmedia&parent=1215"}],"curies":[{"name":"wp","href":"https:\/\/api.w.org\/{rel}","templated":true}]}}