{"id":1225,"date":"2019-09-02T16:44:51","date_gmt":"2019-09-02T15:44:51","guid":{"rendered":"https:\/\/asal.dz\/?page_id=1225"},"modified":"2019-09-02T16:44:51","modified_gmt":"2019-09-02T15:44:51","slug":"analyse-des-impacts-de-linondation-ayant-touche-la-region-daflou-w-laghouat-le-09-10-2013-a-partir-dimages-alsat-2a","status":"publish","type":"page","link":"https:\/\/asal.dz\/?page_id=1225","title":{"rendered":"Analyse des impacts de l\u2019inondation ayant touch\u00e9 la r\u00e9gion d\u2019Aflou (W. Laghouat) le 09\/10\/2013, \u00e0 partir d\u2019images Alsat 2A"},"content":{"rendered":"<p class=\"Style84\" align=\"justify\">Suite aux inondations ayant touch\u00e9\u00a0 la r\u00e9gion d\u2019Aflou (Wilaya de Laghouat), le 09 octobre 2013,\u00a0 l\u2019Agence Spatiale Alg\u00e9rienne a exploit\u00e9 des images Alsat-2A prises le 11 octobre 2013.<\/p>\n<p class=\"Style84\" align=\"justify\">L\u2019analyse de ces images a permis de mettre en \u00e9vidence plusieurs impacts de cet \u00e9v\u00e9nement pluvieux, notamment ceux li\u00e9s aux d\u00e9bordements\u00a0 des affluents (Chaabet) de l\u2019oued El Medsous\u00a0:<\/p>\n<p class=\"Style84\" align=\"justify\">&#8211; Au Nord-Est\u00a0 d\u2019Aflou ,\u00a0 les traces d\u2019inondations sont visibles aux abords de la RN 23, et sur les dayas\u00a0gorg\u00e9es d\u2019eaux de pluies [Zone 1].<\/p>\n<p class=\"Style84\" align=\"justify\">&#8211; A l\u2019Est\u00a0 d\u2019Aflou, les terres agricoles ont \u00e9t\u00e9 inond\u00e9es sur une surface de 11 ha [zone 2].<\/p>\n<p class=\"Style84\" align=\"justify\">&#8211; Au Sud-Ouest de la ville, le d\u00e9bordement de Chaabet Sidi Aoun a provoqu\u00e9 l\u2019inondation de plusieurs parcelles agricoles limitrophes [zone 3]. Des traces de l\u2019intensit\u00e9 de cet \u00e9v\u00e9nement pluvieux sont visibles \u00e0 travers des Dayas\u00a0 satur\u00e9es d\u2019eau [zone 4].<\/p>\n<p class=\"Style84\" align=\"center\"><img loading=\"lazy\" decoding=\"async\" src=\"https:\/\/www.asal.dz\/pictures\/aflou14.jpg\" width=\"582\" height=\"394\" border=\"1\" \/><\/p>\n<p class=\"Style84\" align=\"center\"><img loading=\"lazy\" decoding=\"async\" src=\"https:\/\/www.asal.dz\/pictures\/aflou141.jpg\" width=\"595\" height=\"394\" border=\"1\" \/><\/p>\n<p class=\"Style84\" align=\"center\"><img loading=\"lazy\" decoding=\"async\" src=\"https:\/\/www.asal.dz\/pictures\/aflou142.jpg\" width=\"624\" height=\"423\" border=\"1\" \/><\/p>\n<p class=\"Style84\" align=\"center\"><img loading=\"lazy\" decoding=\"async\" src=\"https:\/\/www.asal.dz\/pictures\/aflou143.jpg\" width=\"571\" height=\"417\" border=\"1\" \/><\/p>\n<p class=\"Style84\" align=\"center\"><img loading=\"lazy\" decoding=\"async\" src=\"https:\/\/www.asal.dz\/pictures\/aflou144.jpg\" width=\"579\" height=\"417\" border=\"1\" \/><\/p>\n<p class=\"Style84\" align=\"center\"><img loading=\"lazy\" decoding=\"async\" src=\"https:\/\/www.asal.dz\/pictures\/aflou145.jpg\" width=\"416\" height=\"417\" border=\"1\" \/><\/p>\n<p class=\"Style84\" align=\"center\"><img loading=\"lazy\" decoding=\"async\" src=\"https:\/\/www.asal.dz\/pictures\/aflou146.jpg\" width=\"680\" height=\"423\" border=\"1\" \/><\/p>\n<p class=\"Style84\" align=\"center\"><img loading=\"lazy\" decoding=\"async\" src=\"https:\/\/www.asal.dz\/pictures\/aflou147.jpg\" width=\"621\" height=\"444\" border=\"1\" \/><\/p>\n<p class=\"Style84\" align=\"center\"><img loading=\"lazy\" decoding=\"async\" src=\"https:\/\/www.asal.dz\/pictures\/aflou148.jpg\" width=\"578\" height=\"432\" border=\"1\" \/><\/p>\n","protected":false},"excerpt":{"rendered":"<p>Suite aux inondations ayant touch\u00e9\u00a0 la r\u00e9gion d\u2019Aflou (Wilaya de Laghouat), le 09 octobre 2013,\u00a0 l\u2019Agence Spatiale Alg\u00e9rienne a exploit\u00e9 des images Alsat-2A prises le 11 octobre 2013. L\u2019analyse de ces images a permis de mettre en \u00e9vidence plusieurs impacts de cet \u00e9v\u00e9nement pluvieux, notamment ceux li\u00e9s aux d\u00e9bordements\u00a0 des affluents (Chaabet) de l\u2019oued El [&hellip;]<\/p>\n","protected":false},"author":1,"featured_media":0,"parent":0,"menu_order":0,"comment_status":"closed","ping_status":"closed","template":"","meta":{"_et_pb_use_builder":"","_et_pb_old_content":"","_et_gb_content_width":"","rop_custom_images_group":[],"rop_custom_messages_group":[],"rop_publish_now":"initial","rop_publish_now_accounts":[],"rop_publish_now_history":[],"rop_publish_now_status":"pending","footnotes":""},"class_list":["post-1225","page","type-page","status-publish","hentry"],"_links":{"self":[{"href":"https:\/\/asal.dz\/index.php?rest_route=\/wp\/v2\/pages\/1225","targetHints":{"allow":["GET"]}}],"collection":[{"href":"https:\/\/asal.dz\/index.php?rest_route=\/wp\/v2\/pages"}],"about":[{"href":"https:\/\/asal.dz\/index.php?rest_route=\/wp\/v2\/types\/page"}],"author":[{"embeddable":true,"href":"https:\/\/asal.dz\/index.php?rest_route=\/wp\/v2\/users\/1"}],"replies":[{"embeddable":true,"href":"https:\/\/asal.dz\/index.php?rest_route=%2Fwp%2Fv2%2Fcomments&post=1225"}],"version-history":[{"count":0,"href":"https:\/\/asal.dz\/index.php?rest_route=\/wp\/v2\/pages\/1225\/revisions"}],"wp:attachment":[{"href":"https:\/\/asal.dz\/index.php?rest_route=%2Fwp%2Fv2%2Fmedia&parent=1225"}],"curies":[{"name":"wp","href":"https:\/\/api.w.org\/{rel}","templated":true}]}}