{"id":1235,"date":"2019-09-02T16:46:34","date_gmt":"2019-09-02T15:46:34","guid":{"rendered":"https:\/\/asal.dz\/?page_id=1235"},"modified":"2019-09-02T16:46:34","modified_gmt":"2019-09-02T15:46:34","slug":"inondations-del-tarf-23-fevrier-2012","status":"publish","type":"page","link":"https:\/\/asal.dz\/?page_id=1235","title":{"rendered":"Inondations d\u2019El-TARF -23 f\u00e9vrier 2012"},"content":{"rendered":"<p class=\"Style37\" align=\"justify\">Au lendemain des inondations qui ont affect\u00e9 la r\u00e9gion d\u2019El Tarf le 23 f\u00e9vrier 2012, l\u2019Agence Spatiale Alg\u00e9rienne a entrepris, en collaboration avec la Direction G\u00e9n\u00e9rale de la Protection Civile et les minist\u00e8res, de l\u2019Agriculture et du D\u00e9veloppement Rural et des Ressources en Eau, \u00e0 l\u2019activation de la Charte internationale \u00ab <strong>Espace et risques majeurs<\/strong> \u00bb, afin de disposer de donn\u00e9es satellitaires compl\u00e9mentaires aux images Alsat 2A.<\/p>\n<p class=\"Style37\" align=\"justify\">L\u2019\u00e9tude comparative avant et apr\u00e8s le sinistre, r\u00e9alis\u00e9e par l\u2019ASAL \u00e0 partir du traitement des images satellitaires a permis de r\u00e9aliser une d\u00e9limitation cartographique pr\u00e9cise des terres agricoles inond\u00e9es et leurs superficies, ainsi que les agglom\u00e9rations touch\u00e9es.<\/p>\n<p class=\"Style37\" align=\"justify\">\n<p class=\"Style37\" align=\"center\"><img loading=\"lazy\" decoding=\"async\" src=\"https:\/\/www.asal.dz\/pictures\/inondation-eltaraf.JPG\" width=\"624\" height=\"497\" \/><\/p>\n<p class=\"Style37\" align=\"justify\">Un travail de pr\u00e9cision \u00e0 partir de l\u2019imagerie satellitaire \u00e0 tr\u00e8s haute r\u00e9solution, a \u00e9t\u00e9 effectu\u00e9 sur des zones repr\u00e9sentatives des 10 communes de la Wilaya \u00a0\u00a0\u00a0\u00a0d\u2019El-Tarf \u00a0touch\u00e9es par le sinistre.<\/p>\n<p class=\"Style37\" align=\"center\"><img loading=\"lazy\" decoding=\"async\" src=\"https:\/\/www.asal.dz\/pictures\/inondation-eltaraf2.JPG\" width=\"503\" height=\"337\" \/><\/p>\n<p class=\"Style37\" align=\"justify\">Localisation des sites concern\u00e9es par une cartographie pr\u00e9cise, visant le suivi du ph\u00e9nom\u00e8ne de r\u00e9sorption\u00a0 des eaux. Les zones inond\u00e9es apparaissent avec une couleur marron (eau charg\u00e9e de boue)<\/p>\n<p class=\"Style37\" align=\"center\"><img loading=\"lazy\" decoding=\"async\" src=\"https:\/\/www.asal.dz\/pictures\/inondation-eltaraf3.JPG\" width=\"627\" height=\"513\" \/><\/p>\n","protected":false},"excerpt":{"rendered":"<p>Au lendemain des inondations qui ont affect\u00e9 la r\u00e9gion d\u2019El Tarf le 23 f\u00e9vrier 2012, l\u2019Agence Spatiale Alg\u00e9rienne a entrepris, en collaboration avec la Direction G\u00e9n\u00e9rale de la Protection Civile et les minist\u00e8res, de l\u2019Agriculture et du D\u00e9veloppement Rural et des Ressources en Eau, \u00e0 l\u2019activation de la Charte internationale \u00ab Espace et risques majeurs [&hellip;]<\/p>\n","protected":false},"author":1,"featured_media":0,"parent":0,"menu_order":0,"comment_status":"closed","ping_status":"closed","template":"","meta":{"_et_pb_use_builder":"","_et_pb_old_content":"","_et_gb_content_width":"","rop_custom_images_group":[],"rop_custom_messages_group":[],"rop_publish_now":"initial","rop_publish_now_accounts":[],"rop_publish_now_history":[],"rop_publish_now_status":"pending","footnotes":""},"class_list":["post-1235","page","type-page","status-publish","hentry"],"_links":{"self":[{"href":"https:\/\/asal.dz\/index.php?rest_route=\/wp\/v2\/pages\/1235","targetHints":{"allow":["GET"]}}],"collection":[{"href":"https:\/\/asal.dz\/index.php?rest_route=\/wp\/v2\/pages"}],"about":[{"href":"https:\/\/asal.dz\/index.php?rest_route=\/wp\/v2\/types\/page"}],"author":[{"embeddable":true,"href":"https:\/\/asal.dz\/index.php?rest_route=\/wp\/v2\/users\/1"}],"replies":[{"embeddable":true,"href":"https:\/\/asal.dz\/index.php?rest_route=%2Fwp%2Fv2%2Fcomments&post=1235"}],"version-history":[{"count":0,"href":"https:\/\/asal.dz\/index.php?rest_route=\/wp\/v2\/pages\/1235\/revisions"}],"wp:attachment":[{"href":"https:\/\/asal.dz\/index.php?rest_route=%2Fwp%2Fv2%2Fmedia&parent=1235"}],"curies":[{"name":"wp","href":"https:\/\/api.w.org\/{rel}","templated":true}]}}