{"id":1239,"date":"2019-09-02T16:47:21","date_gmt":"2019-09-02T15:47:21","guid":{"rendered":"https:\/\/asal.dz\/?page_id=1239"},"modified":"2019-09-02T16:47:21","modified_gmt":"2019-09-02T15:47:21","slug":"inondations-del-bayadh-1er-octobre-2011","status":"publish","type":"page","link":"https:\/\/asal.dz\/?page_id=1239","title":{"rendered":"Inondations d\u2019El Bayadh-1er octobre 2011"},"content":{"rendered":"<table border=\"0\" width=\"699\">\n<tbody>\n<tr>\n<td colspan=\"5\" rowspan=\"5\" align=\"left\" valign=\"top\">\n<p class=\"Style37\" align=\"justify\">A la suite des inondations ayant touch\u00e9 la ville d\u2019El Bayadh le 1er octobre 2011, l\u2019Agence Spatiale Alg\u00e9rienne (ASAL), a programm\u00e9\u00a0 la couverture de la r\u00e9gion sinistr\u00e9e par des images du satellite alg\u00e9rien Alsat-2A et a aussi d\u00e9clench\u00e9, en coordination avec la Direction G\u00e9n\u00e9rale de la Protection Civile, la charte internationale \u00ab\u00a0<strong>espace et risques majeurs<\/strong>\u00a0\u00bb.<\/p>\n<p class=\"Style37\" align=\"justify\">Dans ce cadre, l\u2019ASAL a r\u00e9alis\u00e9 un travail visant la d\u00e9limitation de la zone inond\u00e9e et l\u2019\u00e9valuation pr\u00e9liminaire des impacts\u00a0 de ces inondations sur les habitations et les infrastructures.<br \/>\nL\u2019exploitation des images satellitaires prises avant et apr\u00e8s les inondations, a permis la d\u00e9limitation de\u00a0 la zone inond\u00e9e par la d\u00e9tection de l\u2019humidit\u00e9 des sols.<\/p>\n<p class=\"Style37\" align=\"justify\">Il ressort de ces analyses d\u2019images, les \u00e9l\u00e9ments d\u2019informations suivants:<\/p>\n<p class=\"Style37\" align=\"justify\"><strong>1<\/strong>&#8211; la surface inond\u00e9e dans les 02 rives de l\u2019oued Defaa, a touch\u00e9 plus de 23 hectares sur un p\u00e9rim\u00e8tre de 4,5 Km.<\/p>\n<p class=\"Style37\" align=\"justify\"><strong> 2<\/strong>&#8211; un (01) \u00a0pont situ\u00e9 dans la partie Ouest de la ville a \u00e9t\u00e9 s\u00e9rieusement endommag\u00e9 et 02 passerelles ont \u00e9t\u00e9 emport\u00e9es.<\/p>\n<p class=\"Style37\" align=\"justify\">Aussi, l\u2019analyse des images satellites a montr\u00e9 que les eaux de la crue de l\u2019Oued Defaa du 1er octobre 2011, charg\u00e9es d\u2019apport solide et de d\u00e9bris charri\u00e9s par cet Oued, ont d\u00e9bord\u00e9 sur la rive droite \u00e0 l\u2019entr\u00e9e de la ville (en amont\u00a0: entr\u00e9e Est de la ville), \u00e0 quelques centaines de m\u00e8tres \u00e0 l\u2019Est du pont du 20 ao\u00fbt 1956, reliant El Bayadh \u00e0 l\u2019a\u00e9roport .<\/p>\n<p class=\"Style37\" align=\"center\"><img loading=\"lazy\" decoding=\"async\" src=\"https:\/\/www.asal.dz\/pictures\/inondation-bayadh.JPG\" width=\"559\" height=\"420\" \/><\/p>\n<\/td>\n<\/tr>\n<tr>\n<td height=\"62\"><\/td>\n<\/tr>\n<tr>\n<td height=\"184\"><\/td>\n<\/tr>\n<tr>\n<td height=\"44\"><\/td>\n<\/tr>\n<tr>\n<td height=\"328\"><\/td>\n<\/tr>\n<\/tbody>\n<\/table>\n","protected":false},"excerpt":{"rendered":"<p>A la suite des inondations ayant touch\u00e9 la ville d\u2019El Bayadh le 1er octobre 2011, l\u2019Agence Spatiale Alg\u00e9rienne (ASAL), a programm\u00e9\u00a0 la couverture de la r\u00e9gion sinistr\u00e9e par des images du satellite alg\u00e9rien Alsat-2A et a aussi d\u00e9clench\u00e9, en coordination avec la Direction G\u00e9n\u00e9rale de la Protection Civile, la charte internationale \u00ab\u00a0espace et risques majeurs\u00a0\u00bb. [&hellip;]<\/p>\n","protected":false},"author":1,"featured_media":0,"parent":0,"menu_order":0,"comment_status":"closed","ping_status":"closed","template":"","meta":{"_et_pb_use_builder":"","_et_pb_old_content":"","_et_gb_content_width":"","rop_custom_images_group":[],"rop_custom_messages_group":[],"rop_publish_now":"initial","rop_publish_now_accounts":[],"rop_publish_now_history":[],"rop_publish_now_status":"pending","footnotes":""},"class_list":["post-1239","page","type-page","status-publish","hentry"],"_links":{"self":[{"href":"https:\/\/asal.dz\/index.php?rest_route=\/wp\/v2\/pages\/1239","targetHints":{"allow":["GET"]}}],"collection":[{"href":"https:\/\/asal.dz\/index.php?rest_route=\/wp\/v2\/pages"}],"about":[{"href":"https:\/\/asal.dz\/index.php?rest_route=\/wp\/v2\/types\/page"}],"author":[{"embeddable":true,"href":"https:\/\/asal.dz\/index.php?rest_route=\/wp\/v2\/users\/1"}],"replies":[{"embeddable":true,"href":"https:\/\/asal.dz\/index.php?rest_route=%2Fwp%2Fv2%2Fcomments&post=1239"}],"version-history":[{"count":0,"href":"https:\/\/asal.dz\/index.php?rest_route=\/wp\/v2\/pages\/1239\/revisions"}],"wp:attachment":[{"href":"https:\/\/asal.dz\/index.php?rest_route=%2Fwp%2Fv2%2Fmedia&parent=1239"}],"curies":[{"name":"wp","href":"https:\/\/api.w.org\/{rel}","templated":true}]}}