{"id":1249,"date":"2019-09-02T16:50:17","date_gmt":"2019-09-02T15:50:17","guid":{"rendered":"https:\/\/asal.dz\/?page_id=1249"},"modified":"2019-09-02T16:50:17","modified_gmt":"2019-09-02T15:50:17","slug":"bilan-des-feux-de-forets-en-algerie-a-partir-des-images-satellitaires-campagne-estivale-2013","status":"publish","type":"page","link":"https:\/\/asal.dz\/?page_id=1249","title":{"rendered":"Bilan des feux de  for\u00eats en Alg\u00e9rie \u00e0 partir des images satellitaires-Campagne estivale 2013"},"content":{"rendered":"<p class=\"Style37\" align=\"justify\">Dans le cadre de l\u2019\u00e9valuation et du suivi des incendies de for\u00eats durant l\u2019\u00e9t\u00e9 2013, et en collaboration avec la Direction G\u00e9n\u00e9rale des For\u00eats (DGF), l\u2019ASAL a mobilis\u00e9 les ressources du satellite Alsat-2A pour \u00e9tablir le bilan estival des feux de for\u00eats. L\u2019imagerie \u00e0 haute r\u00e9solution Alsat 2A compl\u00e8te l\u2019utilisation des images satellitaires \u00e0 moyenne r\u00e9solution.<\/p>\n<p class=\"Style37\" align=\"justify\">Cette ann\u00e9e, le bilan est en nette baisse par rapport aux ann\u00e9es pr\u00e9c\u00e9dentes, et particuli\u00e8rement \u00e0 l\u2019ann\u00e9e 2012. Ceci est d\u00fb \u00e0\u00a0:<\/p>\n<p class=\"Style37\" align=\"justify\">&#8211; un dispositif efficace mis en place par la DGF et la DGPC,<br \/>\n&#8211; un renforcement par des moyens mat\u00e9riels importants,<br \/>\n&#8211; des conditions climatiques cl\u00e9mentes lors de la p\u00e9riode estivale.<\/p>\n<p class=\"Style37\" align=\"justify\">Un atelier technique a \u00e9t\u00e9 organis\u00e9 le mercredi 02 octobre 2013 au si\u00e8ge de l\u2019ASAL, avec la Direction G\u00e9n\u00e9rale des For\u00eats et la Direction G\u00e9n\u00e9rale de la Protection Civile, visant l\u2019\u00e9valuation du bilan provisoire des feux de for\u00eats.<\/p>\n<p class=\"Style37\" align=\"justify\">Apr\u00e8s les pr\u00e9sentations de l\u2019ASAL et de la DGF, l\u2019examen des r\u00e9sultats fait ressortir que les wilayas les plus touch\u00e9es sont\u00a0: Sa\u00efda, M\u00e9d\u00e9a, A\u00efnDefla, Skikda, Tiaret et Guelma.<\/p>\n<p class=\"Style37\" align=\"justify\">A l\u2019issue des d\u00e9bats, il a \u00e9t\u00e9 programm\u00e9 une sortie conjointe sur terrain ASAL-DGF, au niveau de la wilaya de AinDefla, pour validation des r\u00e9sultats.<\/p>\n<p class=\"Style37\" align=\"justify\">Enfin, concernant le\u00a0 Syst\u00e8me de Pr\u00e9vention et de Gestion des Feux de For\u00eats (GISFOR) mis en place aux niveaux de plusieurs circonscriptions foresti\u00e8res, il a \u00e9t\u00e9 convenu l\u2019\u00e9tablissement d\u2019une convention particuli\u00e8re ASAL-DGF visant la g\u00e9n\u00e9ralisation de la mise en \u0153uvre technique et op\u00e9rationnelle de GISFOR \u00e0 l\u2019ensemble des circonscriptions foresti\u00e8res nationales.<\/p>\n<p class=\"Style37\" align=\"justify\">Cette convention vise \u00e9galement une formation autour de l\u2019utilisation de ce syst\u00e8me par les diff\u00e9rentes circonscriptions.<\/p>\n<p class=\"Style37\" align=\"center\"><img loading=\"lazy\" decoding=\"async\" src=\"https:\/\/www.asal.dz\/pictures\/feux20141.jpg\" width=\"426\" height=\"474\" border=\"1\" \/><\/p>\n<p class=\"Style37\" align=\"center\"><img loading=\"lazy\" decoding=\"async\" src=\"https:\/\/www.asal.dz\/pictures\/feux20142.jpg\" width=\"414\" height=\"454\" border=\"1\" \/><\/p>\n<p class=\"Style37\" align=\"center\"><img loading=\"lazy\" decoding=\"async\" src=\"https:\/\/www.asal.dz\/pictures\/feux20143.jpg\" width=\"468\" height=\"534\" border=\"1\" \/><\/p>\n<p class=\"Style37\" align=\"center\">\n<p class=\"Style37\" align=\"center\"><img loading=\"lazy\" decoding=\"async\" src=\"https:\/\/www.asal.dz\/pictures\/feux20144.jpg\" width=\"590\" height=\"342\" border=\"1\" \/><\/p>\n<p class=\"Style37\" align=\"justify\">\n","protected":false},"excerpt":{"rendered":"<p>Dans le cadre de l\u2019\u00e9valuation et du suivi des incendies de for\u00eats durant l\u2019\u00e9t\u00e9 2013, et en collaboration avec la Direction G\u00e9n\u00e9rale des For\u00eats (DGF), l\u2019ASAL a mobilis\u00e9 les ressources du satellite Alsat-2A pour \u00e9tablir le bilan estival des feux de for\u00eats. L\u2019imagerie \u00e0 haute r\u00e9solution Alsat 2A compl\u00e8te l\u2019utilisation des images satellitaires \u00e0 moyenne [&hellip;]<\/p>\n","protected":false},"author":1,"featured_media":0,"parent":0,"menu_order":0,"comment_status":"closed","ping_status":"closed","template":"","meta":{"_et_pb_use_builder":"","_et_pb_old_content":"","_et_gb_content_width":"","rop_custom_images_group":[],"rop_custom_messages_group":[],"rop_publish_now":"initial","rop_publish_now_accounts":[],"rop_publish_now_history":[],"rop_publish_now_status":"pending","footnotes":""},"class_list":["post-1249","page","type-page","status-publish","hentry"],"_links":{"self":[{"href":"https:\/\/asal.dz\/index.php?rest_route=\/wp\/v2\/pages\/1249","targetHints":{"allow":["GET"]}}],"collection":[{"href":"https:\/\/asal.dz\/index.php?rest_route=\/wp\/v2\/pages"}],"about":[{"href":"https:\/\/asal.dz\/index.php?rest_route=\/wp\/v2\/types\/page"}],"author":[{"embeddable":true,"href":"https:\/\/asal.dz\/index.php?rest_route=\/wp\/v2\/users\/1"}],"replies":[{"embeddable":true,"href":"https:\/\/asal.dz\/index.php?rest_route=%2Fwp%2Fv2%2Fcomments&post=1249"}],"version-history":[{"count":0,"href":"https:\/\/asal.dz\/index.php?rest_route=\/wp\/v2\/pages\/1249\/revisions"}],"wp:attachment":[{"href":"https:\/\/asal.dz\/index.php?rest_route=%2Fwp%2Fv2%2Fmedia&parent=1249"}],"curies":[{"name":"wp","href":"https:\/\/api.w.org\/{rel}","templated":true}]}}