{"id":1251,"date":"2019-09-02T16:53:41","date_gmt":"2019-09-02T15:53:41","guid":{"rendered":"https:\/\/asal.dz\/?page_id=1251"},"modified":"2019-09-02T16:53:41","modified_gmt":"2019-09-02T15:53:41","slug":"feux-de-forets","status":"publish","type":"page","link":"https:\/\/asal.dz\/?page_id=1251","title":{"rendered":"FEUX DE FORETS"},"content":{"rendered":"<table border=\"0\" width=\"699\">\n<tbody>\n<tr>\n<td height=\"207\"><\/td>\n<td colspan=\"5\" rowspan=\"5\" align=\"left\" valign=\"top\">\n<p class=\"Style37\" align=\"justify\">La lutte contre les incendies de for\u00eats constitue \u00e9galement un axe d&rsquo;action prioritaire\u00a0 de l\u2019Agence Spatiale Alg\u00e9rienne, du fait de son impact sur l\u2019environnement et le d\u00e9veloppement.<\/p>\n<p class=\"Style37\" align=\"justify\">Les images du satellite Alsat 2A, en raison de leur haute r\u00e9solution spatiale et de leur richesse spectrale, sont mises \u00e0 contribution pour affiner la d\u00e9limitation des surfaces foresti\u00e8res parcourues par le feu, r\u00e9alis\u00e9e \u00e0 partir des images satellitaires \u00e0 moyenne r\u00e9solution. Ce travail s\u2019inscrit au titre du suivi annuel des incendies de for\u00eats, par l\u2019\u00e9tablissement d\u2019un \u00e9tat des surfaces foresti\u00e8res parcourues par le feu, durant la p\u00e9riode estivale.<\/p>\n<p class=\"Style37\" align=\"justify\">Ce travail est conduit en collaboration avec la\u00a0 Direction G\u00e9n\u00e9rale des For\u00eats dont les informations alimentent le module statistique du Syst\u00e8me d\u2019Information G\u00e9ographique d\u00e9di\u00e9 \u00e0 la gestion et \u00e0 la pr\u00e9vention des feux de for\u00eats, mis en place par l\u2019ASAL au niveau des Conservations des for\u00eats.<\/p>\n<p class=\"Style42\">Exemples d\u2019applications<\/p>\n<blockquote>\n<p class=\"Style37\" align=\"justify\"><img loading=\"lazy\" decoding=\"async\" src=\"https:\/\/www.asal.dz\/pictures\/puce.jpg\" width=\"16\" height=\"10\" \/><a href=\"https:\/\/asal.dz\/?page_id=1249\">Bilan des feux de\u00a0 for\u00eats en Alg\u00e9rie \u00e0 partir des images satellitaires-Campagne estivale 2013<\/a><\/p>\n<p class=\"Style37\" align=\"justify\"><img loading=\"lazy\" decoding=\"async\" src=\"https:\/\/www.asal.dz\/pictures\/puce.jpg\" width=\"16\" height=\"10\" \/><a href=\"https:\/\/asal.dz\/?page_id=1255\">Bilan des feux de\u00a0 for\u00eats en Alg\u00e9rie \u00e0 partir des images satellitaires-Campagne estivale 2014<\/a><\/p>\n<p class=\"Style37\" align=\"justify\"><img loading=\"lazy\" decoding=\"async\" src=\"https:\/\/www.asal.dz\/pictures\/puce.jpg\" width=\"16\" height=\"10\" \/><a href=\"https:\/\/asal.dz\/?page_id=1259\">Cartographie de l\u2019al\u00e9a g\u00e9ologique au 1\/50.000\u00e8me \u00e0 partir des images satellitaires \u00e0 haute r\u00e9solution (alsat-2A) et des syst\u00e8mes d\u2019information g\u00e9ographique (SIG): cas de la zone pilote de Beja\u00efa<\/a><\/p>\n<p class=\"Style37\" align=\"justify\"><img loading=\"lazy\" decoding=\"async\" src=\"https:\/\/www.asal.dz\/pictures\/puce.jpg\" width=\"16\" height=\"10\" \/><a href=\"https:\/\/asal.dz\/?page_id=1263\">Bureau d\u2019Appui R\u00e9gional\u00a0 UN-SPIDER\u00a0 pour la gestion des catastrophes naturelles et des interventions d\u2019urgence<\/a><\/p>\n<\/blockquote>\n<\/td>\n<\/tr>\n<\/tbody>\n<\/table>\n","protected":false},"excerpt":{"rendered":"<p>La lutte contre les incendies de for\u00eats constitue \u00e9galement un axe d&rsquo;action prioritaire\u00a0 de l\u2019Agence Spatiale Alg\u00e9rienne, du fait de son impact sur l\u2019environnement et le d\u00e9veloppement. Les images du satellite Alsat 2A, en raison de leur haute r\u00e9solution spatiale et de leur richesse spectrale, sont mises \u00e0 contribution pour affiner la d\u00e9limitation des surfaces [&hellip;]<\/p>\n","protected":false},"author":1,"featured_media":0,"parent":0,"menu_order":0,"comment_status":"closed","ping_status":"closed","template":"","meta":{"_et_pb_use_builder":"","_et_pb_old_content":"","_et_gb_content_width":"","rop_custom_images_group":[],"rop_custom_messages_group":[],"rop_publish_now":"initial","rop_publish_now_accounts":[],"rop_publish_now_history":[],"rop_publish_now_status":"pending","footnotes":""},"class_list":["post-1251","page","type-page","status-publish","hentry"],"_links":{"self":[{"href":"https:\/\/asal.dz\/index.php?rest_route=\/wp\/v2\/pages\/1251","targetHints":{"allow":["GET"]}}],"collection":[{"href":"https:\/\/asal.dz\/index.php?rest_route=\/wp\/v2\/pages"}],"about":[{"href":"https:\/\/asal.dz\/index.php?rest_route=\/wp\/v2\/types\/page"}],"author":[{"embeddable":true,"href":"https:\/\/asal.dz\/index.php?rest_route=\/wp\/v2\/users\/1"}],"replies":[{"embeddable":true,"href":"https:\/\/asal.dz\/index.php?rest_route=%2Fwp%2Fv2%2Fcomments&post=1251"}],"version-history":[{"count":0,"href":"https:\/\/asal.dz\/index.php?rest_route=\/wp\/v2\/pages\/1251\/revisions"}],"wp:attachment":[{"href":"https:\/\/asal.dz\/index.php?rest_route=%2Fwp%2Fv2%2Fmedia&parent=1251"}],"curies":[{"name":"wp","href":"https:\/\/api.w.org\/{rel}","templated":true}]}}