{"id":1255,"date":"2019-09-02T16:51:13","date_gmt":"2019-09-02T15:51:13","guid":{"rendered":"https:\/\/asal.dz\/?page_id=1255"},"modified":"2019-09-02T16:51:13","modified_gmt":"2019-09-02T15:51:13","slug":"bilan-des-feux-de-forets-en-algerie-a-partir-des-images-satellitaires-campagne-estivale-2014","status":"publish","type":"page","link":"https:\/\/asal.dz\/?page_id=1255","title":{"rendered":"Bilan des feux de  for\u00eats en Alg\u00e9rie \u00e0 partir des images satellitaires-Campagne estivale 2014"},"content":{"rendered":"<table border=\"0\" width=\"699\">\n<tbody>\n<tr>\n<td colspan=\"5\" rowspan=\"5\" align=\"left\" valign=\"top\">\n<p class=\"Style37\" align=\"justify\">Pour la campagne 2014,\u00a0 des images satellitaires \u00e0 moyenne r\u00e9solution (28 images Landsat-8 et 03 images UK-DMC II) et \u00e0 haute r\u00e9solution, Alsat-2A (18 sc\u00e8nes) prises durant la p\u00e9riode allant du 08 juillet\u00a0 au 18 septembre 2014, ont \u00e9t\u00e9 exploit\u00e9es pour l\u2019estimation des superficies touch\u00e9es par le feu.<\/p>\n<p class=\"Style37\" align=\"justify\">40 Wilayas du Nord de l\u2019Alg\u00e9rie ont \u00e9t\u00e9 concern\u00e9es par cette estimation, 16 Wilayas de la r\u00e9gion Est, 11 de la r\u00e9gion Centre et 13 de l\u2019Ouest.<\/p>\n<p class=\"Style37\" align=\"justify\">Un bilan provisoire est ainsi \u00e9tabli, ce dernier ne sera d\u00e9finitif qu\u2019apr\u00e8s les conclusions de la validation de terrain effectu\u00e9e par les services de la Direction G\u00e9n\u00e9rale des For\u00eats.<\/p>\n<p class=\"Style37\" align=\"justify\"><strong>R\u00e9gion Est\u00a0:<\/strong><\/p>\n<p class=\"Style37\" align=\"center\"><img loading=\"lazy\" decoding=\"async\" src=\"https:\/\/www.asal.dz\/pictures\/feux20145.jpg\" width=\"629\" height=\"289\" border=\"1\" \/><\/p>\n<p class=\"Style37\" align=\"center\"><strong>Superficies touch\u00e9es par le feu\u00a0 \u00e0 partir des images Alsat-2A du 06 Septembre 2014 dans la r\u00e9gion de\u00a0 Sebt <\/strong><\/p>\n<p class=\"Style37\" align=\"center\"><img loading=\"lazy\" decoding=\"async\" src=\"https:\/\/www.asal.dz\/pictures\/feux20146.jpg\" width=\"586\" height=\"360\" border=\"1\" \/><\/p>\n<p class=\"Style37\" align=\"left\"><strong>R\u00e9gion Centre\u00a0: <\/strong><\/p>\n<p class=\"Style37\" align=\"center\"><img loading=\"lazy\" decoding=\"async\" src=\"https:\/\/www.asal.dz\/pictures\/feux20147.jpg\" width=\"602\" height=\"370\" border=\"1\" \/><\/p>\n<p class=\"Style37\" align=\"center\"><strong>Superficies touch\u00e9es par le feu\u00a0 \u00e0 partir des images Alsat-2A du 18 septembre\u00a0 2014 dans la for\u00eat de Yakour\u00e8ne (W. Tiziouzou)<\/strong><\/p>\n<p class=\"Style37\" align=\"center\"><img loading=\"lazy\" decoding=\"async\" src=\"https:\/\/www.asal.dz\/pictures\/feux20148.jpg\" width=\"676\" height=\"398\" border=\"1\" \/><\/p>\n<p class=\"Style37\" align=\"left\"><span class=\"Style39\">R\u00e9gion Ouest:<\/span><\/p>\n<p class=\"Style37\" align=\"center\"><img loading=\"lazy\" decoding=\"async\" src=\"https:\/\/www.asal.dz\/pictures\/feux20149.jpg\" width=\"442\" height=\"396\" border=\"1\" \/><\/p>\n<p class=\"Style37\" align=\"center\"><strong>Zones touch\u00e9es par le feu dans la Wilaya de Sidi Bel Abb\u00e8s, \u00e0 partir des images satellitaires landsat-8:01 septembre 2014<\/strong><\/p>\n<p class=\"Style37\" align=\"center\"><img loading=\"lazy\" decoding=\"async\" src=\"https:\/\/www.asal.dz\/pictures\/feux201410.jpg\" width=\"680\" height=\"560\" border=\"1\" \/><\/p>\n<\/td>\n<\/tr>\n<tr>\n<td height=\"62\"><\/td>\n<\/tr>\n<tr>\n<td height=\"184\"><\/td>\n<\/tr>\n<tr>\n<td height=\"44\"><\/td>\n<\/tr>\n<tr>\n<td height=\"985\"><\/td>\n<\/tr>\n<tr>\n<td><\/td>\n<td colspan=\"5\">\n<p class=\"Style39\" align=\"center\">\n<\/td>\n<\/tr>\n<\/tbody>\n<\/table>\n","protected":false},"excerpt":{"rendered":"<p>Pour la campagne 2014,\u00a0 des images satellitaires \u00e0 moyenne r\u00e9solution (28 images Landsat-8 et 03 images UK-DMC II) et \u00e0 haute r\u00e9solution, Alsat-2A (18 sc\u00e8nes) prises durant la p\u00e9riode allant du 08 juillet\u00a0 au 18 septembre 2014, ont \u00e9t\u00e9 exploit\u00e9es pour l\u2019estimation des superficies touch\u00e9es par le feu. 40 Wilayas du Nord de l\u2019Alg\u00e9rie ont [&hellip;]<\/p>\n","protected":false},"author":1,"featured_media":0,"parent":0,"menu_order":0,"comment_status":"closed","ping_status":"closed","template":"","meta":{"_et_pb_use_builder":"","_et_pb_old_content":"","_et_gb_content_width":"","rop_custom_images_group":[],"rop_custom_messages_group":[],"rop_publish_now":"initial","rop_publish_now_accounts":[],"rop_publish_now_history":[],"rop_publish_now_status":"pending","footnotes":""},"class_list":["post-1255","page","type-page","status-publish","hentry"],"_links":{"self":[{"href":"https:\/\/asal.dz\/index.php?rest_route=\/wp\/v2\/pages\/1255","targetHints":{"allow":["GET"]}}],"collection":[{"href":"https:\/\/asal.dz\/index.php?rest_route=\/wp\/v2\/pages"}],"about":[{"href":"https:\/\/asal.dz\/index.php?rest_route=\/wp\/v2\/types\/page"}],"author":[{"embeddable":true,"href":"https:\/\/asal.dz\/index.php?rest_route=\/wp\/v2\/users\/1"}],"replies":[{"embeddable":true,"href":"https:\/\/asal.dz\/index.php?rest_route=%2Fwp%2Fv2%2Fcomments&post=1255"}],"version-history":[{"count":0,"href":"https:\/\/asal.dz\/index.php?rest_route=\/wp\/v2\/pages\/1255\/revisions"}],"wp:attachment":[{"href":"https:\/\/asal.dz\/index.php?rest_route=%2Fwp%2Fv2%2Fmedia&parent=1255"}],"curies":[{"name":"wp","href":"https:\/\/api.w.org\/{rel}","templated":true}]}}