{"id":1259,"date":"2019-09-02T16:52:25","date_gmt":"2019-09-02T15:52:25","guid":{"rendered":"https:\/\/asal.dz\/?page_id=1259"},"modified":"2019-09-02T16:52:25","modified_gmt":"2019-09-02T15:52:25","slug":"cartographie-de-lalea-geologique-au-1-50-000eme-a-partir-des-images-satellitaires-a-haute-resolution-alsat-2a-et-des-systemes-dinformation-geographique-sig-cas-de-la-zone-pilote","status":"publish","type":"page","link":"https:\/\/asal.dz\/?page_id=1259","title":{"rendered":"Cartographie de l\u2019al\u00e9a g\u00e9ologique au 1\/50.000\u00e8me \u00e0 partir des images satellitaires \u00e0 haute r\u00e9solution (alsat-2A) et des syst\u00e8mes d\u2019information g\u00e9ographique (SIG): cas de la zone pilote de Beja\u00efa"},"content":{"rendered":"<p class=\"Style37\" align=\"justify\">Les glissements de terrains sont des risques naturels omnipr\u00e9sents en Afrique, et tr\u00e8s r\u00e9pandus en Alg\u00e9rie, en particulier dans la Wilaya de Bejaia. En Alg\u00e9rie, les zones soumises aux mouvements de terrain sont surtout l\u2019Atlas tellien et de fa\u00e7on moindre l\u2019Atlas saharien, en raison de l\u2019existence de reliefs tr\u00e8s contrast\u00e9s, de terrains g\u00e9ologiques friables (argiles, flyschs, marnes, etc.) et de conditions climatiques rigoureuses.<\/p>\n<p class=\"Style37\" align=\"justify\">Ce projet sur l\u2019al\u00e9a g\u00e9ologique a pour objectifs de mettre en \u00e9vidence les caract\u00e9ristiques suivantes\u00a0:<\/p>\n<p class=\"Style37\" align=\"justify\">&#8211; Identifier les zones de risque en d\u00e9finissant la nature des formations g\u00e9ologiques.<\/p>\n<p class=\"Style37\" align=\"justify\">&#8211; D\u00e9finir le contexte structural et comprendre son r\u00f4le dans le fonctionnement du glissement de terrain.<\/p>\n<p class=\"Style37\" align=\"justify\">&#8211; Identifier et d\u00e9limiter les zones sensibles au glissement.<\/p>\n<p class=\"Style37\" align=\"justify\">Pour cela, et dans le cadre de la coop\u00e9ration avec l\u2019Agence du Service G\u00e9ologique d\u2019Alg\u00e9rie \u00ab\u00a0ASGA\u00a0\u00bb (ex\u00a0: Agence Nationale de la G\u00e9ologie et du Contr\u00f4le Minier \u00abANGCM\u00a0\u00bb), un projet de cartographie de l\u2019al\u00e9a g\u00e9ologique a \u00e9t\u00e9 r\u00e9alis\u00e9.<\/p>\n<p align=\"justify\"><span class=\"Style37\">L\u2019objectif du projet visait la cartographie au 1\/50.000\u00e8me des al\u00e9as g\u00e9ologiques li\u00e9s aux glissements de terrain, et la r\u00e9alisation d\u2019un syst\u00e8me d\u2019information g\u00e9ographique s\u2019appuyant sur la mise en \u0153uvre d\u2019une base de donn\u00e9es litho stratigraphiques, hydrog\u00e9ologiques, g\u00e9otechniques et g\u00e9ophysiques. Deux communes pilotes ont \u00e9t\u00e9 \u00e9tudi\u00e9es\u00a0: Taskriout et La\u00e2lam, dans la wilaya de Bejaia sont concern\u00e9es par cette \u00e9tude.\u00a0<\/span><\/p>\n<p class=\"Style37\" align=\"justify\">Les images utilis\u00e9es pour atteindre les objectifs fix\u00e9s par cette \u00e9tude, sont les images fournies par le satellite Alg\u00e9rien Alsat 2A, ayant 10m de r\u00e9solution en multi-spectral et 2.5m en mode panchromatique (images multi-r\u00e9solution). Un mod\u00e8le num\u00e9rique de terrain (ASTER) de 30 m de r\u00e9solution a \u00e9t\u00e9 exploit\u00e9 dans le cadre de ce travail.<\/p>\n<p class=\"Style37\" align=\"center\"><img loading=\"lazy\" decoding=\"async\" src=\"https:\/\/www.asal.dz\/pictures\/feux201411.jpg\" width=\"435\" height=\"330\" border=\"1\" \/><\/p>\n<p class=\"Style39\" align=\"center\">a)<\/p>\n<p class=\"Style37\" align=\"center\"><img loading=\"lazy\" decoding=\"async\" src=\"https:\/\/www.asal.dz\/pictures\/feux201412.jpg\" width=\"412\" height=\"317\" border=\"1\" \/><\/p>\n<p class=\"Style39\" align=\"center\">b)<\/p>\n<p class=\"Style39\" align=\"center\">Cartes des zones sensiblesau glissement de terrain (a) Lalaam, (b) Taskriout<\/p>\n<p class=\"Style37\" align=\"justify\">L\u2019exploitation des images satellitaires a permis de d\u00e9limiter les zones d\u2019instabilit\u00e9 de terrain\u00a0 et d\u2019acc\u00e9der \u00e0 la description du milieu naturel (G\u00e9omorphologie, occupation du sol, infrastructures, etc.). L\u2019imagerie ALSAT 2A offre la possibilit\u00e9 d\u2019identifier les zones de fortes concentrations d\u2019habitation, se localisent de part et d\u2019autre du Djebel Takoucht..<\/p>\n<p class=\"Style37\" align=\"justify\">L\u2019apport des SIG a permis l\u2019analyse et le croisement des donn\u00e9es sous forme de couches d\u2019informations ind\u00e9pendantes et superposables, ainsi que la restitution de ces donn\u00e9es sous forme de tableaux et de cartes th\u00e9matiques.<\/p>\n<p class=\"Style37\" align=\"justify\">\n<p class=\"Style39\" align=\"center\">\n","protected":false},"excerpt":{"rendered":"<p>Les glissements de terrains sont des risques naturels omnipr\u00e9sents en Afrique, et tr\u00e8s r\u00e9pandus en Alg\u00e9rie, en particulier dans la Wilaya de Bejaia. En Alg\u00e9rie, les zones soumises aux mouvements de terrain sont surtout l\u2019Atlas tellien et de fa\u00e7on moindre l\u2019Atlas saharien, en raison de l\u2019existence de reliefs tr\u00e8s contrast\u00e9s, de terrains g\u00e9ologiques friables (argiles, [&hellip;]<\/p>\n","protected":false},"author":1,"featured_media":0,"parent":0,"menu_order":0,"comment_status":"closed","ping_status":"closed","template":"","meta":{"_et_pb_use_builder":"","_et_pb_old_content":"","_et_gb_content_width":"","rop_custom_images_group":[],"rop_custom_messages_group":[],"rop_publish_now":"initial","rop_publish_now_accounts":[],"rop_publish_now_history":[],"rop_publish_now_status":"pending","footnotes":""},"class_list":["post-1259","page","type-page","status-publish","hentry"],"_links":{"self":[{"href":"https:\/\/asal.dz\/index.php?rest_route=\/wp\/v2\/pages\/1259","targetHints":{"allow":["GET"]}}],"collection":[{"href":"https:\/\/asal.dz\/index.php?rest_route=\/wp\/v2\/pages"}],"about":[{"href":"https:\/\/asal.dz\/index.php?rest_route=\/wp\/v2\/types\/page"}],"author":[{"embeddable":true,"href":"https:\/\/asal.dz\/index.php?rest_route=\/wp\/v2\/users\/1"}],"replies":[{"embeddable":true,"href":"https:\/\/asal.dz\/index.php?rest_route=%2Fwp%2Fv2%2Fcomments&post=1259"}],"version-history":[{"count":0,"href":"https:\/\/asal.dz\/index.php?rest_route=\/wp\/v2\/pages\/1259\/revisions"}],"wp:attachment":[{"href":"https:\/\/asal.dz\/index.php?rest_route=%2Fwp%2Fv2%2Fmedia&parent=1259"}],"curies":[{"name":"wp","href":"https:\/\/api.w.org\/{rel}","templated":true}]}}