{"id":1263,"date":"2019-09-02T16:53:21","date_gmt":"2019-09-02T15:53:21","guid":{"rendered":"https:\/\/asal.dz\/?page_id=1263"},"modified":"2019-09-02T16:53:21","modified_gmt":"2019-09-02T15:53:21","slug":"bureau-dappui-regional-un-spider-pour-la-gestion-des-catastrophes-naturelles-et-des-interventions-durgence","status":"publish","type":"page","link":"https:\/\/asal.dz\/?page_id=1263","title":{"rendered":"Bureau d\u2019Appui R\u00e9gional  UN-SPIDER  pour la gestion des catastrophes naturelles et des interventions d\u2019urgence"},"content":{"rendered":"<table border=\"0\" width=\"699\">\n<tbody>\n<tr>\n<td colspan=\"5\" rowspan=\"5\" align=\"left\" valign=\"top\">\n<p class=\"Style37\" align=\"justify\">Dans le cadre de la mise en \u0153uvre du programme des Nations Unies pour l\u2019exploitation de l\u2019information d\u2019origine spatiale aux fins de la gestion des catastrophes naturelles, le Comit\u00e9 des utilisations pacifiques de l\u2019espace extra-atmosph\u00e9rique (COPUOS) des Nations-Unies a recommand\u00e9 lors de sa 49\u00e8me session, tenue \u00e0 Vienne du 7 au 16 juin 2006, la mise en place d\u2019une entit\u00e9 internationale pour assurer la coordination et fournir les moyens d\u2019une optimisation r\u00e9aliste de l\u2019efficacit\u00e9 des services spatiaux pour les besoins de la gestion des catastrophes.<\/p>\n<p class=\"Style37\" align=\"justify\">L\u2019Assembl\u00e9e G\u00e9n\u00e9rale des Nations Unies, dans sa r\u00e9solution 61\/110 du 14 d\u00e9cembre 2006 a convenu de d\u00e9signer l\u2019entit\u00e9 \u00ab\u00a0Plateforme des Nations Unies de donn\u00e9es spatiales pour la gestion des catastrophes et des interventions d\u2019urgence (SPIDER) (Space-based Information for Disaster Management and Emergency Response) \u00bb en tant que programme du Bureau des Affaires Spatiales (BAS) des Nations Unies. Dans ce cadre, l\u2019Alg\u00e9rie a \u00e9t\u00e9 retenue pour abriter le bureau d\u2019appui r\u00e9gional (<em>RSO\u00a0ouRegional Support Office<\/em>) au niveau de la r\u00e9gion Afrique du Nord et du Sahel.<\/p>\n<p class=\"Style37\" align=\"justify\">La cr\u00e9ation du RSO d\u2019Alger, sis au niveau de la Direction G\u00e9n\u00e9rale de la Protection Civile (DGPC) et encadr\u00e9 par l\u2019ASAL, a \u00e9t\u00e9 concr\u00e9tis\u00e9e le 07 d\u00e9cembre 2009, par la signature de l\u2019Accord de Coop\u00e9ration entre le BAS (Bureau des Affaires Spatiales de l\u2019ONU) et l\u2019ASAL, en marge de la 3\u00e8me Conf\u00e9rence africaine (ALC-2009). L\u2019inauguration officielle du RSO d\u2019Alger a \u00e9t\u00e9 effectu\u00e9e le 6 mai 2013, en pr\u00e9sence de Mme Mazlane OTHMANE, Directrice du Bureau des Affaires Spatiales des Nations Unies.<\/p>\n<p class=\"Style37\" align=\"justify\">Ce bureau a pour mission la collaboration et la coordination entre les centres d\u2019expertise nationaux et r\u00e9gionaux pour l\u2019utilisation de la technologie spatiale dans la gestion des catastrophes naturelles, dans la r\u00e9gion Afrique du Nord et Sahel.<\/p>\n<p class=\"Style37\" align=\"center\"><img loading=\"lazy\" decoding=\"async\" src=\"https:\/\/www.asal.dz\/pictures\/feux201413.jpg\" width=\"425\" height=\"243\" border=\"1\" \/><\/p>\n<p class=\"Style44\" align=\"center\"><strong>Zone de couverture des activit\u00e9s du bureau d\u2019appui r\u00e9gional UNSPIDER d\u2019Alger <\/strong><\/p>\n<p class=\"Style39\" align=\"justify\">\n<p class=\"Style39\" align=\"justify\">Mission du RSO d\u2019Alger:<\/p>\n<p class=\"Style37\" align=\"justify\">&#8211; mise en place de m\u00e9canismes de coordination entre l\u2019entit\u00e9 internationale des Nations Unies et les services charg\u00e9s de la protection civile et les institutions charg\u00e9es de l\u2019activit\u00e9 spatiale dans la r\u00e9gion d\u2019Afrique du Nord;<\/p>\n<p class=\"Style37\" align=\"justify\">&#8211; la mise en place d\u2019un r\u00e9seau Nord-Africain\u00a0;<\/p>\n<p class=\"Style37\" align=\"justify\">&#8211; mise \u00e0 la disposition des services r\u00e9gionaux comp\u00e9tents de produits spatiaux \u00e0 valeurs ajout\u00e9es, destin\u00e9s \u00e0 la pr\u00e9vention et la gestion des catastrophes naturelles\u00a0;<\/p>\n<p class=\"Style37\" align=\"justify\">&#8211; l\u2019\u00e9laboration d\u2019un catalogue r\u00e9gional des catastrophes naturelles qui surviennent dans la r\u00e9gion\u00a0;<\/p>\n<p class=\"Style37\" align=\"justify\">&#8211; mise en \u0153uvre d\u2019une base de donn\u00e9es g\u00e9ographique r\u00e9gionale, orient\u00e9e sur les catastrophes naturelles.<\/p>\n<p class=\"Style37\" align=\"justify\"><img loading=\"lazy\" decoding=\"async\" src=\"https:\/\/www.asal.dz\/pictures\/feux201414.jpg\" width=\"680\" height=\"469\" border=\"1\" \/><\/p>\n<\/td>\n<\/tr>\n<tr>\n<td height=\"62\"><\/td>\n<\/tr>\n<tr>\n<td height=\"184\"><\/td>\n<\/tr>\n<tr>\n<td height=\"44\"><\/td>\n<\/tr>\n<tr>\n<td height=\"985\"><\/td>\n<\/tr>\n<tr>\n<td><\/td>\n<td colspan=\"5\">\n<p class=\"Style39\" align=\"center\">\n<\/td>\n<\/tr>\n<tr>\n<td height=\"21\"><\/td>\n<td colspan=\"5\"><\/td>\n<\/tr>\n<\/tbody>\n<\/table>\n","protected":false},"excerpt":{"rendered":"<p>Dans le cadre de la mise en \u0153uvre du programme des Nations Unies pour l\u2019exploitation de l\u2019information d\u2019origine spatiale aux fins de la gestion des catastrophes naturelles, le Comit\u00e9 des utilisations pacifiques de l\u2019espace extra-atmosph\u00e9rique (COPUOS) des Nations-Unies a recommand\u00e9 lors de sa 49\u00e8me session, tenue \u00e0 Vienne du 7 au 16 juin 2006, la [&hellip;]<\/p>\n","protected":false},"author":1,"featured_media":0,"parent":0,"menu_order":0,"comment_status":"closed","ping_status":"closed","template":"","meta":{"_et_pb_use_builder":"","_et_pb_old_content":"","_et_gb_content_width":"","rop_custom_images_group":[],"rop_custom_messages_group":[],"rop_publish_now":"initial","rop_publish_now_accounts":[],"rop_publish_now_history":[],"rop_publish_now_status":"pending","footnotes":""},"class_list":["post-1263","page","type-page","status-publish","hentry"],"_links":{"self":[{"href":"https:\/\/asal.dz\/index.php?rest_route=\/wp\/v2\/pages\/1263","targetHints":{"allow":["GET"]}}],"collection":[{"href":"https:\/\/asal.dz\/index.php?rest_route=\/wp\/v2\/pages"}],"about":[{"href":"https:\/\/asal.dz\/index.php?rest_route=\/wp\/v2\/types\/page"}],"author":[{"embeddable":true,"href":"https:\/\/asal.dz\/index.php?rest_route=\/wp\/v2\/users\/1"}],"replies":[{"embeddable":true,"href":"https:\/\/asal.dz\/index.php?rest_route=%2Fwp%2Fv2%2Fcomments&post=1263"}],"version-history":[{"count":0,"href":"https:\/\/asal.dz\/index.php?rest_route=\/wp\/v2\/pages\/1263\/revisions"}],"wp:attachment":[{"href":"https:\/\/asal.dz\/index.php?rest_route=%2Fwp%2Fv2%2Fmedia&parent=1263"}],"curies":[{"name":"wp","href":"https:\/\/api.w.org\/{rel}","templated":true}]}}