{"id":1269,"date":"2019-09-02T16:55:47","date_gmt":"2019-09-02T15:55:47","guid":{"rendered":"https:\/\/asal.dz\/?page_id=1269"},"modified":"2019-09-02T16:55:47","modified_gmt":"2019-09-02T15:55:47","slug":"analyse-des-conditions-ecologiques-des-regions-de-reproduction-du-criquet-pelerin-dans-les-wilayas-dillizi-de-tamanrasset-et-dadrar-a-partir-de-limagerie-satellitaire-pr","status":"publish","type":"page","link":"https:\/\/asal.dz\/?page_id=1269","title":{"rendered":"Analyse des conditions \u00e9cologiques des r\u00e9gions de reproduction du criquet p\u00e8lerin  dans les wilayas d\u2019Illizi, de Tamanrasset et  d\u2019Adrar, \u00e0 partir de l\u2019imagerie satellitaire prises entre le 1er et le 18 octobre 2013"},"content":{"rendered":"<p class=\"Style37\" align=\"justify\">L\u2019Agence Spatiale Alg\u00e9rienne (ASAL) a exploit\u00e9 neuf sc\u00e8nes satellitaires \u00e0 moyenne r\u00e9solution (22m), dat\u00e9es du 01 au 18 octobre 2013, et couvrant les wilayas d\u2019Illizi, de Tamanrasset et d\u2019Adrar et ce, sur une superficie de 602 870 Km2 (Figures 1 et 2).<\/p>\n<p class=\"Style37\" align=\"justify\">L\u2019analyse de ces images satellitaires vise l\u2019\u00e9valuation de l\u2019activit\u00e9 chlorophyllienne dans ces r\u00e9gions et la localisation des zones \u00e9cologiquement favorables susceptibles de favoriser la reproduction acridienne en cette p\u00e9riode.<\/p>\n<p class=\"Style37\" align=\"justify\">Dans la r\u00e9gion du Tassili (Zone 1), la densit\u00e9 moyenne de sa couverture v\u00e9g\u00e9tale jalonnant essentiellement les lits d\u2019oueds, correspond \u00e0 une activit\u00e9 chlorophyllienne moyenne (Figure 3).<\/p>\n<p class=\"Style37\" align=\"justify\">Les r\u00e9gions\u00a0 du Hoggar (Zone 2) et de Timiaouine (Zone 3) d\u00e9veloppent une\u00a0 couverture v\u00e9g\u00e9tale tr\u00e8s dense se caract\u00e9risant\u00a0 par\u00a0 une activit\u00e9 chlorophyllienne plus importante par rapport \u00e0 celle de la zone 1. Cette v\u00e9g\u00e9tation est localis\u00e9e essentiellement au niveau des lits d\u2019oueds (Figures 4 et 5).<\/p>\n<p class=\"Style37\" align=\"justify\">A titre d\u2019exemple, la v\u00e9g\u00e9tation pr\u00e9sente le long de l\u2019oued Tamanrasset a une forte activit\u00e9 chlorophyllienne (Figure 6).<\/p>\n<p class=\"Style37\" align=\"justify\">Ainsi, il ressort de cette analyse que les zones 2 et 3 pr\u00e9sentent des conditions \u00e9cologiques tr\u00e8s favorables \u00e0 la reproduction du criquet p\u00e8lerin, et \u00e0 un degr\u00e9 moindre pour ce qui est de la zone 1.<\/p>\n<p class=\"Style37\" align=\"justify\">La localisation pr\u00e9cise de ces sites orientera les \u00e9quipes de terrain charg\u00e9es de la prospection et du traitement phytosanitaire.<\/p>\n<h3 class=\"Style37\" align=\"center\"><img loading=\"lazy\" decoding=\"async\" src=\"https:\/\/www.asal.dz\/pictures\/criq2014.jpg\" width=\"455\" height=\"429\" border=\"1\" \/><\/h3>\n<blockquote>\n<p class=\"Style44\" align=\"center\">Fig. 1 : Carte de situation de la r\u00e9gion d\u2019int\u00e9r\u00eat\u00a0 concern\u00e9e par l\u2019analyse des conditions \u00e9cologiques\u00a0 du criquet p\u00e8lerin \u00e0 partir des images satellitaires d\u2019octobre \u00a02013.<\/p>\n<p class=\"Style44\" align=\"center\"><img loading=\"lazy\" decoding=\"async\" src=\"https:\/\/www.asal.dz\/pictures\/criq20141.jpg\" width=\"555\" height=\"393\" border=\"1\" \/><\/p>\n<p class=\"Style44\" align=\"center\"><strong>Fig. 2: Identification des zones de reproduction du criquet p\u00e8lerin au\u00a0 Sud de l\u2019Alg\u00e9rie<\/strong><\/p>\n<p class=\"Style44\" align=\"center\"><img loading=\"lazy\" decoding=\"async\" src=\"https:\/\/www.asal.dz\/pictures\/criq20142.jpg\" width=\"592\" height=\"421\" border=\"1\" \/><\/p>\n<p align=\"center\"><span class=\"Style44\"><strong>Fig.\u00a03: Identification des zones de reproduction du criquet p\u00e8lerin dans la r\u00e9gion du Tassili.<\/strong><\/span><\/p>\n<p class=\"Style44\" align=\"center\"><img loading=\"lazy\" decoding=\"async\" src=\"https:\/\/www.asal.dz\/pictures\/criq20143.jpg\" width=\"536\" height=\"382\" border=\"1\" \/><\/p>\n<p class=\"Style44\" align=\"center\">Fig. 4\u00a0: Identification des zones de reproduction du criquet p\u00e8lerin dans la r\u00e9gion du Hoggar<\/p>\n<p class=\"Style44\" align=\"center\"><img loading=\"lazy\" decoding=\"async\" src=\"https:\/\/www.asal.dz\/pictures\/criq20144.jpg\" width=\"551\" height=\"392\" \/><\/p>\n<p class=\"Style44\" align=\"center\">Fig. 5: Identification des zones de reproduction du criquet p\u00e8lerin dans la r\u00e9gion de Timiaouine.<\/p>\n<p class=\"Style44\" align=\"center\"><img loading=\"lazy\" decoding=\"async\" src=\"https:\/\/www.asal.dz\/pictures\/criq20145.jpg\" width=\"548\" height=\"390\" border=\"1\" \/><\/p>\n<p class=\"Style44\" align=\"center\">Fig. 6\u00a0: Identification des zones de reproduction du criquet p\u00e8lerin au niveau de l\u2019Oued Tamanrasset.<\/p>\n<p class=\"Style44\" align=\"center\">\n<\/blockquote>\n","protected":false},"excerpt":{"rendered":"<p>L\u2019Agence Spatiale Alg\u00e9rienne (ASAL) a exploit\u00e9 neuf sc\u00e8nes satellitaires \u00e0 moyenne r\u00e9solution (22m), dat\u00e9es du 01 au 18 octobre 2013, et couvrant les wilayas d\u2019Illizi, de Tamanrasset et d\u2019Adrar et ce, sur une superficie de 602 870 Km2 (Figures 1 et 2). L\u2019analyse de ces images satellitaires vise l\u2019\u00e9valuation de l\u2019activit\u00e9 chlorophyllienne dans ces r\u00e9gions [&hellip;]<\/p>\n","protected":false},"author":1,"featured_media":0,"parent":0,"menu_order":0,"comment_status":"closed","ping_status":"closed","template":"","meta":{"_et_pb_use_builder":"","_et_pb_old_content":"","_et_gb_content_width":"","rop_custom_images_group":[],"rop_custom_messages_group":[],"rop_publish_now":"initial","rop_publish_now_accounts":[],"rop_publish_now_history":[],"rop_publish_now_status":"pending","footnotes":""},"class_list":["post-1269","page","type-page","status-publish","hentry"],"_links":{"self":[{"href":"https:\/\/asal.dz\/index.php?rest_route=\/wp\/v2\/pages\/1269","targetHints":{"allow":["GET"]}}],"collection":[{"href":"https:\/\/asal.dz\/index.php?rest_route=\/wp\/v2\/pages"}],"about":[{"href":"https:\/\/asal.dz\/index.php?rest_route=\/wp\/v2\/types\/page"}],"author":[{"embeddable":true,"href":"https:\/\/asal.dz\/index.php?rest_route=\/wp\/v2\/users\/1"}],"replies":[{"embeddable":true,"href":"https:\/\/asal.dz\/index.php?rest_route=%2Fwp%2Fv2%2Fcomments&post=1269"}],"version-history":[{"count":0,"href":"https:\/\/asal.dz\/index.php?rest_route=\/wp\/v2\/pages\/1269\/revisions"}],"wp:attachment":[{"href":"https:\/\/asal.dz\/index.php?rest_route=%2Fwp%2Fv2%2Fmedia&parent=1269"}],"curies":[{"name":"wp","href":"https:\/\/api.w.org\/{rel}","templated":true}]}}