{"id":1271,"date":"2019-09-02T16:59:25","date_gmt":"2019-09-02T15:59:25","guid":{"rendered":"https:\/\/asal.dz\/?page_id=1271"},"modified":"2019-09-02T16:59:25","modified_gmt":"2019-09-02T15:59:25","slug":"lutte-antiacridienne","status":"publish","type":"page","link":"https:\/\/asal.dz\/?page_id=1271","title":{"rendered":"LUTTE ANTIACRIDIENNE"},"content":{"rendered":"<p class=\"Style37\" align=\"justify\">Depuis 2003, l&rsquo;ASAL collabore avec l\u2019Institut National de la Protection des V\u00e9g\u00e9taux (INPV) dans le cadre de la lutte anti-acridienne. Cette contribution se concr\u00e9tise par la mise \u00e0 contribution de l\u2019imagerie satellitaire de moyenne r\u00e9solution pour l\u2019identification des zones de reproduction du criquet p\u00e8lerin, en particulier sur les r\u00e9gions saharo sah\u00e9liennes.<\/p>\n<p class=\"Style37\" align=\"justify\">La lutte s\u2019appuie sur l\u2019identification des zones \u00e0 forte activit\u00e9 chlorophyllienne qui constituent des aires favorables \u00e0 la reproduction et au d\u00e9veloppement du criquet,ainsi que sur l\u2019analyse des conditions \u00e9cologiques \u00e0 l&rsquo;aide de l&rsquo;imagerie satellitaire.<\/p>\n<p class=\"Style37\" align=\"justify\">Cette collaboration s&rsquo;\u00e9tend aux pays voisins et s&rsquo;int\u00e8gre aux efforts men\u00e9s par la FAO pour combattre ce fl\u00e9au qui menace r\u00e9guli\u00e8rement des populations enti\u00e8res dans les pays africains travers\u00e9s par le criquet.<\/p>\n<p class=\"Style39\">Exemples d\u2019applications<\/p>\n<blockquote><p><img loading=\"lazy\" decoding=\"async\" src=\"https:\/\/www.asal.dz\/pictures\/puce.jpg\" width=\"16\" height=\"10\" \/><span class=\"Style37\"><a href=\"https:\/\/asal.dz\/?page_id=1269\">Analyse des conditions \u00e9cologiques des r\u00e9gions de reproduction du criquet p\u00e8lerin\u00a0 dans les wilayas d\u2019Illizi, de Tamanrasset et\u00a0 d\u2019Adrar, \u00e0 partir de l\u2019imagerie satellitaire prises entre le 1er et le 18 octobre 2013.<\/a> <\/span><\/p>\n<p class=\"Style60\" align=\"justify\"><img loading=\"lazy\" decoding=\"async\" src=\"https:\/\/www.asal.dz\/pictures\/puce.jpg\" width=\"16\" height=\"10\" \/><a href=\"https:\/\/asal.dz\/?page_id=1275\">Analyse des conditions \u00e9cologiques, \u00e0 partir des images satellitaires, des r\u00e9gions de reproduction du criquet p\u00e8lerin \u00a0au Sud de l\u2019Alg\u00e9rie, au Nord du Mali et au Niger- Septembre 2013 . <\/a><\/p>\n<p class=\"Style60\" align=\"justify\"><img loading=\"lazy\" decoding=\"async\" src=\"https:\/\/www.asal.dz\/pictures\/puce.jpg\" width=\"16\" height=\"10\" \/><a href=\"https:\/\/asal.dz\/?page_id=1279\">Analyse des conditions \u00e9cologiques des r\u00e9gions de reproduction du criquet p\u00e8lerin\u00a0 au Sud de l\u2019Alg\u00e9rie et au Nord-Est de la Mauritanie, \u00e0 partir des images satellitaires- Janvier-F\u00e9vrier 2014. <\/a><\/p>\n<p align=\"justify\"><span class=\"Style60\"><img loading=\"lazy\" decoding=\"async\" src=\"https:\/\/www.asal.dz\/pictures\/puce.jpg\" width=\"16\" height=\"10\" \/><a href=\"https:\/\/asal.dz\/?page_id=1283\">Analyse des conditions \u00e9cologiques des r\u00e9gions de reproduction du criquet p\u00e8lerin\u00a0 au Sud de l\u2019Alg\u00e9rie, \u00e0 partir des images satellitaires de Juillet 2014.<\/a><\/span><\/p>\n<\/blockquote>\n<p class=\"Style58\" align=\"center\">\n<p class=\"Style37\" align=\"justify\">\n","protected":false},"excerpt":{"rendered":"<p>Depuis 2003, l&rsquo;ASAL collabore avec l\u2019Institut National de la Protection des V\u00e9g\u00e9taux (INPV) dans le cadre de la lutte anti-acridienne. Cette contribution se concr\u00e9tise par la mise \u00e0 contribution de l\u2019imagerie satellitaire de moyenne r\u00e9solution pour l\u2019identification des zones de reproduction du criquet p\u00e8lerin, en particulier sur les r\u00e9gions saharo sah\u00e9liennes. La lutte s\u2019appuie sur [&hellip;]<\/p>\n","protected":false},"author":1,"featured_media":0,"parent":0,"menu_order":0,"comment_status":"closed","ping_status":"closed","template":"","meta":{"_et_pb_use_builder":"","_et_pb_old_content":"","_et_gb_content_width":"","rop_custom_images_group":[],"rop_custom_messages_group":[],"rop_publish_now":"initial","rop_publish_now_accounts":[],"rop_publish_now_history":[],"rop_publish_now_status":"pending","footnotes":""},"class_list":["post-1271","page","type-page","status-publish","hentry"],"_links":{"self":[{"href":"https:\/\/asal.dz\/index.php?rest_route=\/wp\/v2\/pages\/1271","targetHints":{"allow":["GET"]}}],"collection":[{"href":"https:\/\/asal.dz\/index.php?rest_route=\/wp\/v2\/pages"}],"about":[{"href":"https:\/\/asal.dz\/index.php?rest_route=\/wp\/v2\/types\/page"}],"author":[{"embeddable":true,"href":"https:\/\/asal.dz\/index.php?rest_route=\/wp\/v2\/users\/1"}],"replies":[{"embeddable":true,"href":"https:\/\/asal.dz\/index.php?rest_route=%2Fwp%2Fv2%2Fcomments&post=1271"}],"version-history":[{"count":0,"href":"https:\/\/asal.dz\/index.php?rest_route=\/wp\/v2\/pages\/1271\/revisions"}],"wp:attachment":[{"href":"https:\/\/asal.dz\/index.php?rest_route=%2Fwp%2Fv2%2Fmedia&parent=1271"}],"curies":[{"name":"wp","href":"https:\/\/api.w.org\/{rel}","templated":true}]}}