{"id":1279,"date":"2019-09-02T16:58:02","date_gmt":"2019-09-02T15:58:02","guid":{"rendered":"https:\/\/asal.dz\/?page_id=1279"},"modified":"2019-09-02T16:58:02","modified_gmt":"2019-09-02T15:58:02","slug":"analyse-des-conditions-ecologiques-des-regions-de-reproduction-du-criquet-pelerin-au-sud-de-lalgerie-et-au-nord-est-de-la-mauritanie-a-partir-des-images-satellitaires-janvier-fevrier-2014","status":"publish","type":"page","link":"https:\/\/asal.dz\/?page_id=1279","title":{"rendered":"Analyse des conditions \u00e9cologiques des r\u00e9gions de reproduction du criquet p\u00e8lerin  au Sud de l\u2019Alg\u00e9rie et au Nord-Est de la Mauritanie, \u00e0 partir des images satellitaires- Janvier-F\u00e9vrier 2014"},"content":{"rendered":"<table border=\"0\" width=\"699\">\n<tbody>\n<tr>\n<td colspan=\"5\" rowspan=\"5\" align=\"left\" valign=\"top\">\n<p class=\"Style37\" align=\"justify\">L\u2019Agence Spatiale Alg\u00e9rienne (ASAL) a exploit\u00e9 treize sc\u00e8nes satellitaires \u00e0 moyenne r\u00e9solution couvrant les r\u00e9gions duSud Alg\u00e9rien (Wilayas d\u2019Illizi, Tamanrasset, Adrar et Tindouf) et le Nord-Est de la Mauritanie et ce pour une \u00e9valuation et une localisation des zones \u00e9cologiquement favorables \u00e0 la reproduction acridienne.<br \/>\nA l\u2019issue de l\u2019analyse des images satellitaire couvrant une superficie de 935 671 Km2 , prises au cours de la p\u00e9riode comprise entre le 18 janvier et le 03 f\u00e9vrier 2014, il ressort ce qui suit\u00a0:<\/p>\n<p class=\"Style37\" align=\"justify\">&#8211; Dans le Nord-Est de la Mauritanie(Zone 1), La r\u00e9gion de BirMoghrein pr\u00e9sente une\u00a0 couverture v\u00e9g\u00e9tale moyenne se traduisant\u00a0 par\u00a0 une activit\u00e9 chlorophyllienne moyenne. Cette v\u00e9g\u00e9tation est localis\u00e9e essentiellement au niveau des lits d\u2019oueds.<\/p>\n<p class=\"Style37\" align=\"justify\">&#8211; Dans la r\u00e9gion du Sud Alg\u00e9rien (Zone 2), en particulier la wilaya d\u2019Illizi, la couverture v\u00e9g\u00e9tale de ces r\u00e9gions, pr\u00e9sente dans les lits d\u2019oueds est de moyenne densit\u00e9, repr\u00e9sentant ainsi une activit\u00e9 chlorophyllienne allant de faible \u00e0 moyenne.<\/p>\n<p class=\"Style37\">Enfin, l\u2019analyse de ces deux (02) zones,\u00a0 a permis l\u2019identification et la localisation de plusieurs sites, indiquant des conditions \u00e9cologiques favorables \u00e0 la reproduction du criquet p\u00e8lerin.<\/p>\n<p class=\"Style37\" align=\"center\"><img loading=\"lazy\" decoding=\"async\" src=\"https:\/\/www.asal.dz\/pictures\/criq201411.jpg\" width=\"603\" height=\"426\" border=\"1\" \/><\/p>\n<blockquote>\n<p class=\"Style44\">Fig. 1\u00a0: Carte de situation des deux (02) zones concern\u00e9es par l\u2019analyse\u00a0 des conditions \u00e9cologiques\u00a0 du criquet p\u00e8lerin \u00e0 partir des images satellitaires \u00e0 moyenne r\u00e9solution, prises entre le 18 janvier et le 03 f\u00e9vrier 2014.<\/p>\n<\/blockquote>\n<p class=\"Style37\" align=\"center\">\n<p class=\"Style37\" align=\"center\"><img loading=\"lazy\" decoding=\"async\" src=\"https:\/\/www.asal.dz\/pictures\/criq201412.jpg\" width=\"628\" height=\"445\" border=\"1\" \/><\/p>\n<p class=\"Style44\" align=\"center\">Fig. 2\u00a0: [Zone 1]\u00a0: Identification des zones de reproduction du criquet p\u00e8lerin dans le Nord-Est de la Mauritanie<\/p>\n<p class=\"Style37\" align=\"center\">\n<p class=\"Style37\" align=\"center\"><img loading=\"lazy\" decoding=\"async\" src=\"https:\/\/www.asal.dz\/pictures\/criq201413.jpg\" width=\"627\" height=\"444\" border=\"1\" \/><\/p>\n<p class=\"Style44\" align=\"center\">Fig. 3\u00a0: [Zone 2]\u00a0: Identification des zones de reproduction du criquet p\u00e8lerin dans le Sud de l\u2019Alg\u00e9rie.<\/p>\n<p class=\"Style37\" align=\"center\">\n<p class=\"Style37\" align=\"center\"><img loading=\"lazy\" decoding=\"async\" src=\"https:\/\/www.asal.dz\/pictures\/criq201414.jpg\" width=\"564\" height=\"399\" border=\"1\" \/><\/p>\n<p class=\"Style44\" align=\"center\">Fig. 4\u00a0: [Zone 2]\u00a0: Identification des zones de reproduction du criquet p\u00e8lerin dans la r\u00e9gion d\u2019Illizi.<\/p>\n<p class=\"Style37\" align=\"center\"><img loading=\"lazy\" decoding=\"async\" src=\"https:\/\/www.asal.dz\/pictures\/criq201415.jpg\" width=\"628\" height=\"444\" \/><\/p>\n<p class=\"Style44\" align=\"center\">Fig. 5\u00a0: [Zone 2]\u00a0: Identification des zones de reproduction du criquet p\u00e8lerin au niveau de OuedTadjerdjeri (W.Illizi).<\/p>\n<p class=\"Style37\" align=\"center\">\n<\/td>\n<\/tr>\n<tr>\n<td height=\"62\"><\/td>\n<\/tr>\n<tr>\n<td height=\"184\"><\/td>\n<\/tr>\n<tr>\n<td height=\"44\"><\/td>\n<\/tr>\n<tr>\n<td height=\"2259\"><\/td>\n<\/tr>\n<tr>\n<td><\/td>\n<td colspan=\"5\">\n<p class=\"Style39\" align=\"center\">\n<\/td>\n<\/tr>\n<\/tbody>\n<\/table>\n","protected":false},"excerpt":{"rendered":"<p>L\u2019Agence Spatiale Alg\u00e9rienne (ASAL) a exploit\u00e9 treize sc\u00e8nes satellitaires \u00e0 moyenne r\u00e9solution couvrant les r\u00e9gions duSud Alg\u00e9rien (Wilayas d\u2019Illizi, Tamanrasset, Adrar et Tindouf) et le Nord-Est de la Mauritanie et ce pour une \u00e9valuation et une localisation des zones \u00e9cologiquement favorables \u00e0 la reproduction acridienne. A l\u2019issue de l\u2019analyse des images satellitaire couvrant une superficie [&hellip;]<\/p>\n","protected":false},"author":1,"featured_media":0,"parent":0,"menu_order":0,"comment_status":"closed","ping_status":"closed","template":"","meta":{"_et_pb_use_builder":"","_et_pb_old_content":"","_et_gb_content_width":"","rop_custom_images_group":[],"rop_custom_messages_group":[],"rop_publish_now":"initial","rop_publish_now_accounts":[],"rop_publish_now_history":[],"rop_publish_now_status":"pending","footnotes":""},"class_list":["post-1279","page","type-page","status-publish","hentry"],"_links":{"self":[{"href":"https:\/\/asal.dz\/index.php?rest_route=\/wp\/v2\/pages\/1279","targetHints":{"allow":["GET"]}}],"collection":[{"href":"https:\/\/asal.dz\/index.php?rest_route=\/wp\/v2\/pages"}],"about":[{"href":"https:\/\/asal.dz\/index.php?rest_route=\/wp\/v2\/types\/page"}],"author":[{"embeddable":true,"href":"https:\/\/asal.dz\/index.php?rest_route=\/wp\/v2\/users\/1"}],"replies":[{"embeddable":true,"href":"https:\/\/asal.dz\/index.php?rest_route=%2Fwp%2Fv2%2Fcomments&post=1279"}],"version-history":[{"count":0,"href":"https:\/\/asal.dz\/index.php?rest_route=\/wp\/v2\/pages\/1279\/revisions"}],"wp:attachment":[{"href":"https:\/\/asal.dz\/index.php?rest_route=%2Fwp%2Fv2%2Fmedia&parent=1279"}],"curies":[{"name":"wp","href":"https:\/\/api.w.org\/{rel}","templated":true}]}}