{"id":1283,"date":"2019-09-02T16:59:06","date_gmt":"2019-09-02T15:59:06","guid":{"rendered":"https:\/\/asal.dz\/?page_id=1283"},"modified":"2019-09-02T16:59:06","modified_gmt":"2019-09-02T15:59:06","slug":"analyse-des-conditions-ecologiques-des-regions-de-reproduction-du-criquet-pelerin-au-sud-de-lalgerie-a-partir-des-images-satellitaires-de-juillet-2014","status":"publish","type":"page","link":"https:\/\/asal.dz\/?page_id=1283","title":{"rendered":"Analyse des conditions \u00e9cologiques des r\u00e9gions de reproduction du criquet p\u00e8lerin  au Sud de l\u2019Alg\u00e9rie, \u00e0 partir des images satellitaires de Juillet 2014"},"content":{"rendered":"<p class=\"Style37\" align=\"justify\">L\u2019ASAL a trait\u00e9 et analys\u00e9 trois sc\u00e8nes satellitaires Landsat 8 (30 m), prises entre le 05 et le12 juillet 2014, et couvrant les r\u00e9gions du Hoggar, Silet et Tin Zaouatine(Wilaya de Tamanrasset) ainsi que la r\u00e9gion de Bordj Badji Mokhtar (Wilaya d\u2019Adrar) sur une superficie totale de 112 635 Km2.<\/p>\n<p class=\"Style37\" align=\"justify\">Ces images ont \u00e9t\u00e9 exploit\u00e9es afin d\u2019\u00e9valuer l\u2019activit\u00e9 chlorophyllienne dans cette r\u00e9gion (Figure 1), \u00e0 l\u2019effet de localiser les zones \u00e9cologiquement favorables \u00e0 la reproduction du criquet p\u00e8lerin en cette p\u00e9riode.<\/p>\n<p><span class=\"Style37\">Ces traitements ont permis d\u2019\u00e9laborer les spatiocartes destin\u00e9es \u00e0 l\u2019\u00e9valuation des conditions \u00e9cologiques des biotopes acridiens.<\/span><\/p>\n<p class=\"Style37\" align=\"center\"><img loading=\"lazy\" decoding=\"async\" src=\"https:\/\/www.asal.dz\/pictures\/criq201416.jpg\" width=\"632\" height=\"447\" border=\"1\" \/><\/p>\n<p class=\"Style44\" align=\"center\">Fig. 1\u00a0: Identification des zones de reproduction du criquet p\u00e8lerin dans le Sud de l\u2019Alg\u00e9rie.<\/p>\n<p class=\"Style37\" align=\"center\"><img loading=\"lazy\" decoding=\"async\" src=\"https:\/\/www.asal.dz\/pictures\/criq201417.jpg\" width=\"585\" height=\"414\" border=\"1\" \/><\/p>\n<p class=\"Style44\" align=\"center\">Fig.2: Identification des zones de reproduction du criquet p\u00e8lerin au niveau de l\u2019Oued Tamanrasset.<\/p>\n<p class=\"Style37\" align=\"justify\">L\u2019analyse des conditions \u00e9cologiques \u00e0 partir des images satellitaires \u00e0 moyenne r\u00e9solution, a permis de localiser les zones susceptibles d\u2019abriter le criquet p\u00e8lerin sur une superficie de 112 635 km2.<\/p>\n<p class=\"Style37\" align=\"justify\">Globalement, les r\u00e9gions analys\u00e9es pr\u00e9sentent une\u00a0 couverture v\u00e9g\u00e9tale moyenne se caract\u00e9risant\u00a0 par\u00a0 une activit\u00e9 chlorophyllienne moyenne. Cette v\u00e9g\u00e9tation est localis\u00e9e essentiellement au niveau des lits d\u2019oueds.<\/p>\n<p class=\"Style37\" align=\"justify\">La majorit\u00e9 des zones identifi\u00e9es sont localis\u00e9es au niveau de la r\u00e9gion du Hoggar du faite de l\u2019importance du chevelu hydrographique dans cette r\u00e9gion.<\/p>\n<p class=\"Style37\" align=\"justify\">Au niveau d\u2019oued Tamanrasset, la v\u00e9g\u00e9tation pr\u00e9sente une forte activit\u00e9 chlorophyllienne.<\/p>\n<p class=\"Style37\" align=\"justify\">Les zones, ainsi identifi\u00e9es dans la r\u00e9gion \u00e9tudi\u00e9e indiquent des conditions \u00e9cologiques favorables \u00e0 la reproduction du criquet p\u00e8lerin.<\/p>\n<p class=\"Style37\" align=\"justify\">La localisation pr\u00e9cise de ces sites permettra un d\u00e9ploiement et une\u00a0 intervention efficaces des \u00e9quipes de terrain qui seront charg\u00e9es du traitement\u00a0 phytosanitaire.<\/p>\n<p class=\"Style37\" align=\"justify\">\n","protected":false},"excerpt":{"rendered":"<p>L\u2019ASAL a trait\u00e9 et analys\u00e9 trois sc\u00e8nes satellitaires Landsat 8 (30 m), prises entre le 05 et le12 juillet 2014, et couvrant les r\u00e9gions du Hoggar, Silet et Tin Zaouatine(Wilaya de Tamanrasset) ainsi que la r\u00e9gion de Bordj Badji Mokhtar (Wilaya d\u2019Adrar) sur une superficie totale de 112 635 Km2. Ces images ont \u00e9t\u00e9 exploit\u00e9es [&hellip;]<\/p>\n","protected":false},"author":1,"featured_media":0,"parent":0,"menu_order":0,"comment_status":"closed","ping_status":"closed","template":"","meta":{"_et_pb_use_builder":"","_et_pb_old_content":"","_et_gb_content_width":"","rop_custom_images_group":[],"rop_custom_messages_group":[],"rop_publish_now":"initial","rop_publish_now_accounts":[],"rop_publish_now_history":[],"rop_publish_now_status":"pending","footnotes":""},"class_list":["post-1283","page","type-page","status-publish","hentry"],"_links":{"self":[{"href":"https:\/\/asal.dz\/index.php?rest_route=\/wp\/v2\/pages\/1283","targetHints":{"allow":["GET"]}}],"collection":[{"href":"https:\/\/asal.dz\/index.php?rest_route=\/wp\/v2\/pages"}],"about":[{"href":"https:\/\/asal.dz\/index.php?rest_route=\/wp\/v2\/types\/page"}],"author":[{"embeddable":true,"href":"https:\/\/asal.dz\/index.php?rest_route=\/wp\/v2\/users\/1"}],"replies":[{"embeddable":true,"href":"https:\/\/asal.dz\/index.php?rest_route=%2Fwp%2Fv2%2Fcomments&post=1283"}],"version-history":[{"count":0,"href":"https:\/\/asal.dz\/index.php?rest_route=\/wp\/v2\/pages\/1283\/revisions"}],"wp:attachment":[{"href":"https:\/\/asal.dz\/index.php?rest_route=%2Fwp%2Fv2%2Fmedia&parent=1283"}],"curies":[{"name":"wp","href":"https:\/\/api.w.org\/{rel}","templated":true}]}}