{"id":1347,"date":"2019-09-25T14:07:17","date_gmt":"2019-09-25T13:07:17","guid":{"rendered":"https:\/\/asal.dz\/?page_id=1347"},"modified":"2022-05-08T09:08:54","modified_gmt":"2022-05-08T08:08:54","slug":"alcomsat-1","status":"publish","type":"page","link":"https:\/\/asal.dz\/?page_id=1347","title":{"rendered":"Alcomsat-1"},"content":{"rendered":"<p style=\"text-align: justify;\">Le satellite Alcomsat-1 est un satellite de t\u00e9l\u00e9communications lanc\u00e9 le 11 D\u00e9cembre 2017 \u00e0 00:41 AM (heure locale) depuis la Chine et mis en orbite g\u00e9ostationnaire le 18 D\u00e9cembre 2017 \u00e0 36 000 Km d\u2019altitude, \u00e0 la position orbitale 24.8 Ouest. Il est caract\u00e9ris\u00e9 par un poids total de 5225 Kg (poids au lancement) et d\u2019une dur\u00e9e de vie estim\u00e9e \u00e0 15 ann\u00e9es. Il fournit des services de diffusion des programmes TV et Radio, Internet et services VSAT en bande de fr\u00e9quence Ku et Ka ainsi que d\u2019augmentation de la pr\u00e9cision du signal GPS, SBAS.<\/p>\n<p>&nbsp;<\/p>\n<p style=\"text-align: center;\"><img loading=\"lazy\" decoding=\"async\" class=\"alignnone wp-image-4789 size-full\" src=\"https:\/\/asal.dz\/wp-content\/uploads\/2021\/12\/photo-1.jpg\" alt=\"\" width=\"386\" height=\"289\" srcset=\"https:\/\/asal.dz\/wp-content\/uploads\/2021\/12\/photo-1.jpg 386w, https:\/\/asal.dz\/wp-content\/uploads\/2021\/12\/photo-1-300x225.jpg 300w\" sizes=\"(max-width: 386px) 100vw, 386px\" \/><\/p>\n<p style=\"text-align: center;\"><strong>Photo de la phase du lancement du satellite Alcomsat-1<\/strong><\/p>\n<p style=\"text-align: center;\"><img loading=\"lazy\" decoding=\"async\" class=\"alignnone wp-image-4791 size-full\" src=\"https:\/\/asal.dz\/wp-content\/uploads\/2021\/12\/photo-2.jpg\" alt=\"\" width=\"383\" height=\"243\" srcset=\"https:\/\/asal.dz\/wp-content\/uploads\/2021\/12\/photo-2.jpg 383w, https:\/\/asal.dz\/wp-content\/uploads\/2021\/12\/photo-2-300x190.jpg 300w\" sizes=\"(max-width: 383px) 100vw, 383px\" \/><\/p>\n<p style=\"text-align: center;\"><strong>Illustration de la phase de transfert d\u2019orbite du satellite Alcomsat-1<\/strong><\/p>\n<p style=\"text-align: center;\"><img loading=\"lazy\" decoding=\"async\" class=\"alignnone wp-image-4793 size-full\" src=\"https:\/\/asal.dz\/wp-content\/uploads\/2021\/12\/photo-3.jpg\" alt=\"\" width=\"373\" height=\"260\" srcset=\"https:\/\/asal.dz\/wp-content\/uploads\/2021\/12\/photo-3.jpg 373w, https:\/\/asal.dz\/wp-content\/uploads\/2021\/12\/photo-3-300x209.jpg 300w\" sizes=\"(max-width: 373px) 100vw, 373px\" \/><\/p>\n<p style=\"text-align: center;\"><strong>Vue d\u2019ensemble du satellite Alcomsat-1<\/strong><\/p>\n<p style=\"text-align: center;\"><img loading=\"lazy\" decoding=\"async\" class=\"alignnone wp-image-4795 size-full\" src=\"https:\/\/asal.dz\/wp-content\/uploads\/2021\/12\/photo-4.jpg\" alt=\"\" width=\"605\" height=\"334\" \/><\/p>\n<p style=\"text-align: center;\"><strong>Syst\u00e8me de t\u00e9l\u00e9communication satellitaire Alcomsat-1<\/strong><\/p>\n<p>&nbsp;<\/p>\n<p><strong>Centres de contr\u00f4le et d\u2019exploitation<\/strong><\/p>\n<p style=\"text-align: justify;\">Le syst\u00e8me satellitaire Alcomsat-1 est g\u00e9r\u00e9 par deux centres de contr\u00f4le et d\u2019exploitation : il s\u2019agit du Centre d&rsquo;Exploitation des Syst\u00e8mes de T\u00e9l\u00e9communications Spatiales (CESTS) de Bouchaoui &#8211; Alger, et du Centre des Op\u00e9rations des T\u00e9l\u00e9communications Spatiales (COTS) de Boughezoul &#8211; M\u00e9d\u00e9a, qui sont charg\u00e9s de contr\u00f4ler \u00e0 partir de stations sol, en r\u00e9gime continu, l\u2019\u00e9tat de sant\u00e9 du satellite de t\u00e9l\u00e9communications Alg\u00e9rien Alcomsat-1, et de g\u00e9rer les applications multim\u00e9dias.<\/p>\n<p><img loading=\"lazy\" decoding=\"async\" class=\"wp-image-4801 size-full aligncenter\" src=\"https:\/\/asal.dz\/wp-content\/uploads\/2021\/12\/photo-5.jpg\" alt=\"\" width=\"604\" height=\"297\" srcset=\"https:\/\/asal.dz\/wp-content\/uploads\/2021\/12\/photo-5.jpg 604w, https:\/\/asal.dz\/wp-content\/uploads\/2021\/12\/photo-5-300x148.jpg 300w\" sizes=\"(max-width: 604px) 100vw, 604px\" \/><\/p>\n<p style=\"text-align: center;\"><strong>Centre de contr\u00f4le et d\u2019exploitation des services de t\u00e9l\u00e9communications Alcomsat-1<\/strong><\/p>\n<p>&nbsp;<\/p>\n<p style=\"text-align: justify;\">Les centres de contr\u00f4le, d\u2019op\u00e9ration, et d\u2019exploitation des services de t\u00e9l\u00e9communications sont charg\u00e9s de :<\/p>\n<ul>\n<li style=\"text-align: justify;\">Contr\u00f4ler le satellite Alcomsat-1 en orbite ;<\/li>\n<li style=\"text-align: justify;\">Contr\u00f4ler l\u2019acc\u00e8s de la charge utile du satellite ;<\/li>\n<li style=\"text-align: justify;\">Exploiter les services de t\u00e9l\u00e9diffusion et radiodiffusion ;<\/li>\n<li style=\"text-align: justify;\">Exploiter les services VSAT en bande de fr\u00e9quences Ku et Ka ;<\/li>\n<li style=\"text-align: justify;\">La maintenance des stations sols de contr\u00f4les et d\u2019exploitations du satellite Alcomsat-1.<\/li>\n<\/ul>\n<p>Les ing\u00e9nieurs des deux stations (Bouchaoui \u2013 Alger et Boughezoul \u2013 M\u00e9d\u00e9a) assurent en permanence 24H\/24 et 7J\/7 la stabilit\u00e9 et maintien des conditions op\u00e9rationnelles du syst\u00e8me satellitaire Alcomsat-1 tout en veillant au bon fonctionnement des diff\u00e9rents services.<\/p>\n<p style=\"text-align: center;\"><img loading=\"lazy\" decoding=\"async\" class=\"alignnone wp-image-4811 size-full\" src=\"https:\/\/asal.dz\/wp-content\/uploads\/2021\/12\/photo-6.jpg\" alt=\"\" width=\"608\" height=\"409\" srcset=\"https:\/\/asal.dz\/wp-content\/uploads\/2021\/12\/photo-6.jpg 608w, https:\/\/asal.dz\/wp-content\/uploads\/2021\/12\/photo-6-300x202.jpg 300w, https:\/\/asal.dz\/wp-content\/uploads\/2021\/12\/photo-6-110x75.jpg 110w\" sizes=\"(max-width: 608px) 100vw, 608px\" \/><\/p>\n<p style=\"text-align: center;\"><strong>Ing\u00e9nieurs de contr\u00f4le et d\u2019op\u00e9ration du syst\u00e8me satellitaire Alcomsat-1<\/strong><\/p>\n<p>&nbsp;<\/p>\n<p><strong>Applications et exploitation des services du satellite Alcomsat-1<\/strong><\/p>\n<p style=\"text-align: justify;\">Pour assurer l\u2019exploitation optimale des services du satellite Alcomsat-1, le Centre d\u2019Exploitation des Syst\u00e8mes de T\u00e9l\u00e9communications Spatiales (CESTS), et le Centre des Op\u00e9rations des T\u00e9l\u00e9communications Spatiales (COTS) sont dot\u00e9s de centres d\u2019applications fournissant les services de transmission audio, vid\u00e9o et Internet en bandes de fr\u00e9quences Ku et Ka, et comprenant :<\/p>\n<ul>\n<li style=\"text-align: justify;\">Un centre d\u2019exploitation des services de t\u00e9l\u00e9diffusion et de radiodiffusion fonctionnant en bande Ku,<\/li>\n<li style=\"text-align: justify;\">Un centre d\u2019exploitation des services VSAT fonctionnant en bande Ku, situ\u00e9 au niveau de la station de Bouchaoui, Wilaya d\u2019Alger ;<\/li>\n<li style=\"text-align: justify;\">Un centre d\u2019exploitation des services VSAT fonctionnant en bande Ka, situ\u00e9 au niveau de la station de Boughezoul, Wilaya de M\u00e9d\u00e9a.<\/li>\n<\/ul>\n<p><strong>T\u00e9l\u00e9diffusion et radiodiffusion <\/strong><\/p>\n<p style=\"text-align: justify;\">Les ing\u00e9nieurs du centre d\u2019exploitation des services de t\u00e9l\u00e9diffusion et radiodiffusion sont charg\u00e9s de superviser, contr\u00f4ler et assurer en r\u00e9gime continu, la diffusion sur le satellite Alcomsat-1, des bouquets TV nationaux publics et priv\u00e9s en qualit\u00e9 SD (Standard Definition) et HD (High Definition), ainsi que les  programmes Radio.<\/p>\n<p style=\"text-align: justify;\">Diverses plateformes et solutions ont \u00e9t\u00e9 r\u00e9alis\u00e9es, d\u00e9velopp\u00e9es et ajout\u00e9es dans le cadre du lancement de chaines TV suppl\u00e9mentaires en qualit\u00e9 SD et HD (TV6 G\u00e9n\u00e9raliste, TV7 EL Maarifa, TV8 EDHAKIRA).<\/p>\n<p><img loading=\"lazy\" decoding=\"async\" class=\"wp-image-4819 size-full aligncenter\" src=\"https:\/\/asal.dz\/wp-content\/uploads\/2021\/12\/photo-7-1.jpg\" alt=\"\" width=\"604\" height=\"307\" srcset=\"https:\/\/asal.dz\/wp-content\/uploads\/2021\/12\/photo-7-1.jpg 604w, https:\/\/asal.dz\/wp-content\/uploads\/2021\/12\/photo-7-1-300x152.jpg 300w\" sizes=\"(max-width: 604px) 100vw, 604px\" \/><\/p>\n<p style=\"text-align: center;\"><strong>Centre d\u2019exploitation des services de t\u00e9l\u00e9diffusion et radiodiffusion<\/strong><\/p>\n<p>&nbsp;<\/p>\n<p><strong>Applications VSAT en bande de fr\u00e9quence Ku et Ka<\/strong><\/p>\n<p style=\"text-align: justify;\">Les ing\u00e9nieurs des centres d\u2019exploitation des services VSAT en bande de fr\u00e9quences Ku et Ka, ont pour r\u00f4le d\u2019assurer le d\u00e9ploiement des stations VSAT fixes et mobiles pour la Transmission de donn\u00e9es, la VoIP et Visio-Conf\u00e9rence, via le satellite Alcomsat-1, tout en garantissant le bon fonctionnement de ces derniers.<\/p>\n<p style=\"text-align: justify;\">Des r\u00e9alisations de r\u00e9seaux d\u2019interconnexion de communications ont \u00e9t\u00e9 effectu\u00e9es au profit de diff\u00e9rents organismes nationaux et structures nationales :<\/p>\n<ul style=\"text-align: justify;\">\n<li>D\u00e9ploiement d\u2019un r\u00e9seau d\u2019interconnexion et de transfert de flux h\u00e9liport\u00e9 vers les services de la direction g\u00e9n\u00e9rale de la protection civile (DGPC) ;<\/li>\n<\/ul>\n<ul>\n<li style=\"text-align: justify;\">Simulation ORSEC d\u2019un tremblement de terre dans la wilaya de Boumerdes avec la Direction G\u00e9n\u00e9rale de la Protection Civile (DGPC), et le Minist\u00e8re de la Poste et des T\u00e9l\u00e9communications ;<\/li>\n<li style=\"text-align: justify;\">Transmission de donn\u00e9es VoIP, Visio-Conf\u00e9rence et transfert de flux h\u00e9liport\u00e9 vers les centres de la Direction G\u00e9n\u00e9rale de la Suret\u00e9 Nationale (DGSN) ;<\/li>\n<\/ul>\n<p style=\"text-align: center;\"><img loading=\"lazy\" decoding=\"async\" class=\"alignnone wp-image-4821 size-full\" src=\"https:\/\/asal.dz\/wp-content\/uploads\/2021\/12\/photo-8-1.jpg\" alt=\"\" width=\"635\" height=\"472\" srcset=\"https:\/\/asal.dz\/wp-content\/uploads\/2021\/12\/photo-8-1.jpg 635w, https:\/\/asal.dz\/wp-content\/uploads\/2021\/12\/photo-8-1-300x223.jpg 300w\" sizes=\"(max-width: 635px) 100vw, 635px\" \/><\/p>\n<p style=\"text-align: center;\"><strong>R\u00e9alisation de r\u00e9seaux d\u2019interconnexion au profit des organismes nationaux<\/strong><\/p>\n<p>&nbsp;<\/p>\n","protected":false},"excerpt":{"rendered":"<p>Le satellite Alcomsat-1 est un satellite de t\u00e9l\u00e9communications lanc\u00e9 le 11 D\u00e9cembre 2017 \u00e0 00:41 AM (heure locale) depuis la Chine et mis en orbite g\u00e9ostationnaire le 18 D\u00e9cembre 2017 \u00e0 36 000 Km d\u2019altitude, \u00e0 la position orbitale 24.8 Ouest. Il est caract\u00e9ris\u00e9 par un poids total de 5225 Kg (poids au lancement) et [&hellip;]<\/p>\n","protected":false},"author":1,"featured_media":0,"parent":0,"menu_order":0,"comment_status":"closed","ping_status":"closed","template":"","meta":{"_et_pb_use_builder":"","_et_pb_old_content":"","_et_gb_content_width":"","rop_custom_images_group":[],"rop_custom_messages_group":[],"rop_publish_now":"initial","rop_publish_now_accounts":[],"rop_publish_now_history":[],"rop_publish_now_status":"pending","footnotes":""},"class_list":["post-1347","page","type-page","status-publish","hentry"],"_links":{"self":[{"href":"https:\/\/asal.dz\/index.php?rest_route=\/wp\/v2\/pages\/1347","targetHints":{"allow":["GET"]}}],"collection":[{"href":"https:\/\/asal.dz\/index.php?rest_route=\/wp\/v2\/pages"}],"about":[{"href":"https:\/\/asal.dz\/index.php?rest_route=\/wp\/v2\/types\/page"}],"author":[{"embeddable":true,"href":"https:\/\/asal.dz\/index.php?rest_route=\/wp\/v2\/users\/1"}],"replies":[{"embeddable":true,"href":"https:\/\/asal.dz\/index.php?rest_route=%2Fwp%2Fv2%2Fcomments&post=1347"}],"version-history":[{"count":0,"href":"https:\/\/asal.dz\/index.php?rest_route=\/wp\/v2\/pages\/1347\/revisions"}],"wp:attachment":[{"href":"https:\/\/asal.dz\/index.php?rest_route=%2Fwp%2Fv2%2Fmedia&parent=1347"}],"curies":[{"name":"wp","href":"https:\/\/api.w.org\/{rel}","templated":true}]}}