{"id":198,"date":"2018-12-22T07:53:33","date_gmt":"2018-12-22T06:53:33","guid":{"rendered":"https:\/\/asal.dz\/?page_id=198"},"modified":"2018-12-22T08:05:09","modified_gmt":"2018-12-22T07:05:09","slug":"la-vulgarisation","status":"publish","type":"page","link":"https:\/\/asal.dz\/?page_id=198","title":{"rendered":"La Vulgarisation"},"content":{"rendered":"<p align=\"justify\"><span class=\"Style42\">L\u2019Agence Spatiale Alg\u00e9rienne m\u00e8ne, gr\u00e2ce au projet \u00ab\u00a0EDUCSPACE\u00a0\u00bb, des actions de vulgarisation et de sensibilisation du monde de l\u2019\u00e9ducation et de la jeunesse, aux \u00a0technologies et applications spatiales. Le but recherch\u00e9 est l\u2019apprentissage didactique des grandes lignes du domaine spatial au profit des divers \u00e9chelons \u00e9ducatifs et associatifs\u00a0: lyc\u00e9e, Universit\u00e9, mouvement et associations \u00e0 caract\u00e8re scientifique et culturel, etc.. <\/span><\/p>\n<p class=\"Style42\" align=\"justify\">L\u2019information scientifique et technologique li\u00e9e aux activit\u00e9s spatiales de l\u2019ASAL est adapt\u00e9e aussi autour d\u2019actions majeures\u00a0 telles\u00a0:<\/p>\n<p class=\"Style42\" align=\"justify\"><img loading=\"lazy\" decoding=\"async\" src=\"https:\/\/www.asal.dz\/pictures\/puce.jpg\" width=\"16\" height=\"10\" \/> les publications et documents p\u00e9riodiques,<\/p>\n<p class=\"Style42\" align=\"justify\"><img loading=\"lazy\" decoding=\"async\" src=\"https:\/\/www.asal.dz\/pictures\/puce.jpg\" width=\"16\" height=\"10\" \/> les actes d\u2019\u00e9v\u00e9nements scientifiques,<\/p>\n<p class=\"Style42\" align=\"justify\"><img loading=\"lazy\" decoding=\"async\" src=\"https:\/\/www.asal.dz\/pictures\/puce.jpg\" width=\"16\" height=\"10\" \/> le site web de l\u2019ASAL.<\/p>\n<p class=\"Style42\" align=\"justify\"><img loading=\"lazy\" decoding=\"async\" src=\"https:\/\/www.asal.dz\/pictures\/puce.jpg\" width=\"16\" height=\"10\" \/> l\u2019animation de la semaine spatiale nationale sur la vie en orbite des satellites alg\u00e9riens Alsat-1 et Alsat-2A,<\/p>\n<p class=\"Style42\" align=\"justify\"><img loading=\"lazy\" decoding=\"async\" src=\"https:\/\/www.asal.dz\/pictures\/puce.jpg\" width=\"16\" height=\"10\" \/> ainsi que la participation aux manifestations scientifiques et technologiques :<\/p>\n<p class=\"Style42\" align=\"justify\"><strong>&#8211;<\/strong> le Salon National d\u2019Astronomie populaire<\/p>\n<p class=\"Style42\" align=\"justify\"><strong>&#8211;<\/strong> l\u2019Anniversaire de la cr\u00e9ation de l\u2019Universit\u00e9 des Sciences et de la Technologie Houari Boumediene (USTHB)<\/p>\n<p class=\"Style42\" align=\"justify\"><strong>&#8211;<\/strong> les S\u00e9minaires, journ\u00e9es techniques et ateliers.<\/p>\n<p class=\"Style42\" align=\"justify\">Durant ces 10 derni\u00e8res ann\u00e9es, l\u2019ASAL a progressivement accentu\u00e9 ses actions de vulgarisation,\u00a0 au regard des r\u00e9sultats appr\u00e9ciables sur la prise de conscience dans le domaine de l\u2019utilisation de l\u2019outil spatial pour le d\u00e9veloppement \u00e9conomique et durable de notre pays.<\/p>\n<h3 class=\"Style51\" align=\"center\"><img loading=\"lazy\" decoding=\"async\" src=\"https:\/\/www.asal.dz\/pictures\/vulgarisation.JPG\" width=\"666\" height=\"657\" \/><\/h3>\n","protected":false},"excerpt":{"rendered":"<p>L\u2019Agence Spatiale Alg\u00e9rienne m\u00e8ne, gr\u00e2ce au projet \u00ab\u00a0EDUCSPACE\u00a0\u00bb, des actions de vulgarisation et de sensibilisation du monde de l\u2019\u00e9ducation et de la jeunesse, aux \u00a0technologies et applications spatiales. Le but recherch\u00e9 est l\u2019apprentissage didactique des grandes lignes du domaine spatial au profit des divers \u00e9chelons \u00e9ducatifs et associatifs\u00a0: lyc\u00e9e, Universit\u00e9, mouvement et associations \u00e0 caract\u00e8re [&hellip;]<\/p>\n","protected":false},"author":1,"featured_media":0,"parent":0,"menu_order":0,"comment_status":"closed","ping_status":"closed","template":"","meta":{"_et_pb_use_builder":"","_et_pb_old_content":"","_et_gb_content_width":"","rop_custom_images_group":[],"rop_custom_messages_group":[],"rop_publish_now":"initial","rop_publish_now_accounts":[],"rop_publish_now_history":[],"rop_publish_now_status":"pending","footnotes":""},"class_list":["post-198","page","type-page","status-publish","hentry"],"_links":{"self":[{"href":"https:\/\/asal.dz\/index.php?rest_route=\/wp\/v2\/pages\/198","targetHints":{"allow":["GET"]}}],"collection":[{"href":"https:\/\/asal.dz\/index.php?rest_route=\/wp\/v2\/pages"}],"about":[{"href":"https:\/\/asal.dz\/index.php?rest_route=\/wp\/v2\/types\/page"}],"author":[{"embeddable":true,"href":"https:\/\/asal.dz\/index.php?rest_route=\/wp\/v2\/users\/1"}],"replies":[{"embeddable":true,"href":"https:\/\/asal.dz\/index.php?rest_route=%2Fwp%2Fv2%2Fcomments&post=198"}],"version-history":[{"count":0,"href":"https:\/\/asal.dz\/index.php?rest_route=\/wp\/v2\/pages\/198\/revisions"}],"wp:attachment":[{"href":"https:\/\/asal.dz\/index.php?rest_route=%2Fwp%2Fv2%2Fmedia&parent=198"}],"curies":[{"name":"wp","href":"https:\/\/api.w.org\/{rel}","templated":true}]}}