{"id":200,"date":"2018-12-22T07:54:46","date_gmt":"2018-12-22T06:54:46","guid":{"rendered":"https:\/\/asal.dz\/?page_id=200"},"modified":"2018-12-22T07:54:46","modified_gmt":"2018-12-22T06:54:46","slug":"educspace","status":"publish","type":"page","link":"https:\/\/asal.dz\/?page_id=200","title":{"rendered":"Educspace"},"content":{"rendered":"<table border=\"0\" width=\"705\">\n<tbody>\n<tr>\n<td colspan=\"5\" align=\"left\" valign=\"top\">\n<p class=\"Style63\" align=\"justify\">L\u2019exposition d\u2019images satellitaires et le mod\u00e8le p\u00e9dagogique du satellite Alsat-1 suscitent l\u2019inter\u00e9ssement de \u00e9l\u00e8ves. ( El\u00e9ves des etablissements scolaires\u00a0 d\u2019El-Manahidj, La Pers\u00e9v\u00e9rance et Tawfiq. Octobre 2012 )<\/p>\n<\/td>\n<\/tr>\n<tr>\n<td height=\"105\"><\/td>\n<td colspan=\"2\" align=\"left\" valign=\"top\"><img loading=\"lazy\" decoding=\"async\" src=\"https:\/\/www.asal.dz\/pictures\/educ2012.JPG\" width=\"250\" height=\"177\" \/><\/td>\n<td align=\"left\" valign=\"top\"><\/td>\n<td colspan=\"2\" align=\"left\" valign=\"top\"><img loading=\"lazy\" decoding=\"async\" src=\"https:\/\/www.asal.dz\/pictures\/educ22012.JPG\" width=\"250\" height=\"177\" \/><\/td>\n<\/tr>\n<tr>\n<td height=\"21\"><\/td>\n<td colspan=\"5\" align=\"left\" valign=\"top\">\n<p class=\"Style63\" align=\"justify\">Les jeunes sont avides\u00a0 de connaissance sur\u00a0 des questions diverses li\u00e9es aux technologies et applications spatiales. (USTHB 2010 &#8211; 2011)<\/p>\n<\/td>\n<\/tr>\n<tr>\n<td height=\"105\"><\/td>\n<td colspan=\"2\" align=\"left\" valign=\"top\"><img loading=\"lazy\" decoding=\"async\" src=\"https:\/\/www.asal.dz\/pictures\/educ1011.JPG\" width=\"250\" height=\"187\" \/><\/td>\n<td align=\"left\" valign=\"top\"><\/td>\n<td colspan=\"2\" align=\"left\" valign=\"top\"><img loading=\"lazy\" decoding=\"async\" src=\"https:\/\/www.asal.dz\/pictures\/educ101.JPG\" width=\"250\" height=\"187\" \/><\/td>\n<\/tr>\n<tr>\n<td height=\"21\"><\/td>\n<td colspan=\"5\" align=\"left\" valign=\"top\">\n<p class=\"Style63\" align=\"justify\">Les \u00e9l\u00e8ves suivent avec attention les s\u00e9ances de pr\u00e9sentation<\/p>\n<\/td>\n<\/tr>\n<tr>\n<td height=\"105\"><\/td>\n<td colspan=\"2\" align=\"left\" valign=\"top\"><img loading=\"lazy\" decoding=\"async\" src=\"https:\/\/www.asal.dz\/pictures\/educ33.JPG\" width=\"250\" height=\"190\" \/><\/td>\n<td align=\"left\" valign=\"top\"><\/td>\n<td colspan=\"2\" align=\"left\" valign=\"top\"><img loading=\"lazy\" decoding=\"async\" src=\"https:\/\/www.asal.dz\/pictures\/educ333.JPG\" width=\"250\" height=\"187\" \/><\/td>\n<\/tr>\n<tr>\n<td height=\"21\"><\/td>\n<td colspan=\"5\" align=\"left\" valign=\"top\">\n<p class=\"Style63\">Scout club El Bayrouni El-Afroune Alger, le 24 juin 2009<\/p>\n<\/td>\n<\/tr>\n<tr>\n<td height=\"105\"><\/td>\n<td colspan=\"2\" align=\"left\" valign=\"top\"><img loading=\"lazy\" decoding=\"async\" src=\"https:\/\/www.asal.dz\/pictures\/club2.jpg\" width=\"250\" height=\"190\" \/><\/td>\n<td align=\"left\" valign=\"top\"><\/td>\n<td colspan=\"2\" align=\"left\" valign=\"top\"><img loading=\"lazy\" decoding=\"async\" src=\"https:\/\/www.asal.dz\/pictures\/club3.jpg\" width=\"250\" height=\"190\" \/><\/td>\n<\/tr>\n<tr>\n<td colspan=\"6\" height=\"21\"><\/td>\n<\/tr>\n<tr>\n<td height=\"21\"><\/td>\n<td colspan=\"2\" align=\"left\" valign=\"top\"><\/td>\n<td align=\"left\" valign=\"top\"><\/td>\n<td colspan=\"2\" align=\"left\" valign=\"top\"><\/td>\n<\/tr>\n<tr>\n<td height=\"30\"><\/td>\n<td colspan=\"2\" align=\"left\" valign=\"top\"><img loading=\"lazy\" decoding=\"async\" src=\"https:\/\/www.asal.dz\/pictures\/club1.jpg\" width=\"250\" height=\"190\" \/><\/td>\n<td align=\"left\" valign=\"top\"><\/td>\n<td colspan=\"2\" align=\"left\" valign=\"top\"><img loading=\"lazy\" decoding=\"async\" src=\"https:\/\/www.asal.dz\/pictures\/club 4.jpg\" width=\"250\" height=\"190\" \/><\/td>\n<\/tr>\n<tr>\n<td height=\"21\"><\/td>\n<td colspan=\"2\" align=\"left\" valign=\"top\"><\/td>\n<td align=\"left\" valign=\"top\"><\/td>\n<td colspan=\"2\" align=\"left\" valign=\"top\"><\/td>\n<\/tr>\n<tr>\n<td height=\"21\"><\/td>\n<td class=\"Style63\" colspan=\"5\" align=\"left\" valign=\"top\">Lyc\u00e9e Zoulikha Ould Kablia Draria Alger, le 02 mars 2009<\/td>\n<\/tr>\n<tr>\n<td height=\"49\"><\/td>\n<td colspan=\"2\" align=\"left\" valign=\"top\"><img loading=\"lazy\" decoding=\"async\" src=\"https:\/\/www.asal.dz\/pictures\/lycee3.jpg\" width=\"250\" height=\"190\" \/><\/td>\n<td align=\"left\" valign=\"top\"><\/td>\n<td colspan=\"2\" align=\"left\" valign=\"top\"><img loading=\"lazy\" decoding=\"async\" src=\"https:\/\/www.asal.dz\/pictures\/lycee.jpg\" width=\"250\" height=\"190\" \/><\/td>\n<\/tr>\n<tr>\n<td height=\"21\"><\/td>\n<td align=\"left\" valign=\"top\"><\/td>\n<td align=\"left\" valign=\"top\"><\/td>\n<td align=\"left\" valign=\"top\"><\/td>\n<td align=\"left\" valign=\"top\"><\/td>\n<td align=\"left\" valign=\"top\"><\/td>\n<\/tr>\n<tr>\n<td height=\"21\"><\/td>\n<td colspan=\"2\" align=\"left\" valign=\"top\"><img loading=\"lazy\" decoding=\"async\" src=\"https:\/\/www.asal.dz\/pictures\/lycee2.jpg\" width=\"250\" height=\"190\" \/><\/td>\n<td align=\"left\" valign=\"top\"><\/td>\n<td colspan=\"2\" align=\"left\" valign=\"top\"><img loading=\"lazy\" decoding=\"async\" src=\"https:\/\/www.asal.dz\/pictures\/lycee4.jpg\" width=\"250\" height=\"190\" \/><\/td>\n<\/tr>\n<tr>\n<td height=\"21\"><\/td>\n<td colspan=\"2\" align=\"left\" valign=\"top\"><\/td>\n<td align=\"left\" valign=\"top\"><\/td>\n<td colspan=\"2\" align=\"left\" valign=\"top\"><\/td>\n<\/tr>\n<tr>\n<td height=\"21\"><\/td>\n<td class=\"Style63\" colspan=\"5\" align=\"left\" valign=\"top\">Lyc\u00e9e Cheikh Amoud.W de Tamanrasset, le 01 decembre 2008<\/td>\n<\/tr>\n<tr>\n<td height=\"65\"><\/td>\n<td colspan=\"2\" align=\"left\" valign=\"top\"><img loading=\"lazy\" decoding=\"async\" src=\"https:\/\/www.asal.dz\/pictures\/educ2.JPG\" width=\"250\" height=\"190\" \/><\/td>\n<td align=\"left\" valign=\"top\"><\/td>\n<td colspan=\"2\" align=\"left\" valign=\"top\"><img loading=\"lazy\" decoding=\"async\" src=\"https:\/\/www.asal.dz\/pictures\/educ4.JPG\" width=\"250\" height=\"190\" \/><\/td>\n<\/tr>\n<tr>\n<td height=\"21\"><\/td>\n<td colspan=\"2\" align=\"left\" valign=\"top\"><\/td>\n<td align=\"left\" valign=\"top\"><\/td>\n<td colspan=\"2\" align=\"left\" valign=\"top\"><\/td>\n<\/tr>\n<tr>\n<td height=\"43\"><\/td>\n<td colspan=\"2\" align=\"left\" valign=\"top\"><img loading=\"lazy\" decoding=\"async\" src=\"https:\/\/www.asal.dz\/pictures\/educ01.JPG\" width=\"250\" height=\"190\" \/><\/td>\n<td align=\"left\" valign=\"top\"><\/td>\n<td colspan=\"2\" align=\"left\" valign=\"top\"><img loading=\"lazy\" decoding=\"async\" src=\"https:\/\/www.asal.dz\/pictures\/educ011.JPG\" width=\"250\" height=\"190\" \/><\/td>\n<\/tr>\n<tr>\n<td colspan=\"6\" height=\"21\"><\/td>\n<\/tr>\n<tr>\n<td height=\"21\"><\/td>\n<td class=\"Style63\" colspan=\"5\" align=\"left\" valign=\"top\">Lyc\u00e9ens de l&rsquo;etablissement Abdelmalek Temmam Kouba Alger, le 05 mars 2007<\/td>\n<\/tr>\n<tr>\n<td height=\"65\"><\/td>\n<td colspan=\"2\" align=\"left\" valign=\"top\"><img loading=\"lazy\" decoding=\"async\" src=\"https:\/\/www.asal.dz\/pictures\/kouba1.JPG\" width=\"250\" height=\"190\" \/><\/td>\n<td align=\"left\" valign=\"top\"><\/td>\n<td colspan=\"2\" align=\"left\" valign=\"top\"><img loading=\"lazy\" decoding=\"async\" src=\"https:\/\/www.asal.dz\/pictures\/kouba2.jpg\" width=\"250\" height=\"190\" \/><\/td>\n<\/tr>\n<tr>\n<td height=\"21\"><\/td>\n<td colspan=\"2\" align=\"left\" valign=\"top\"><\/td>\n<td align=\"left\" valign=\"top\"><\/td>\n<td colspan=\"2\" align=\"left\" valign=\"top\"><\/td>\n<\/tr>\n<tr>\n<td height=\"65\"><\/td>\n<td colspan=\"2\" align=\"left\" valign=\"top\"><img loading=\"lazy\" decoding=\"async\" src=\"https:\/\/www.asal.dz\/pictures\/kouba3.JPG\" width=\"250\" height=\"190\" \/><\/td>\n<td align=\"left\" valign=\"top\"><\/td>\n<td colspan=\"2\" align=\"left\" valign=\"top\"><img loading=\"lazy\" decoding=\"async\" src=\"https:\/\/www.asal.dz\/pictures\/kouba4.jpg\" width=\"250\" height=\"190\" \/><\/td>\n<\/tr>\n<tr>\n<td height=\"21\"><\/td>\n<td colspan=\"5\"><\/td>\n<\/tr>\n<tr>\n<td height=\"29\"><\/td>\n<td colspan=\"5\" align=\"left\" valign=\"top\"><span class=\"Style57\">Les lyc\u00e9ens des \u00e9tablissements de la wilaya de Tlemcen, le 11decembre 2006<\/span><\/td>\n<\/tr>\n<tr>\n<td height=\"65\"><\/td>\n<td colspan=\"2\" align=\"left\" valign=\"top\"><img loading=\"lazy\" decoding=\"async\" src=\"https:\/\/www.asal.dz\/pictures\/Tlemcen1.JPG\" width=\"250\" height=\"190\" \/><\/td>\n<td align=\"left\" valign=\"top\"><\/td>\n<td colspan=\"2\" align=\"left\" valign=\"top\"><img loading=\"lazy\" decoding=\"async\" src=\"https:\/\/www.asal.dz\/pictures\/Tlemcen2.JPG\" width=\"250\" height=\"190\" \/><\/td>\n<\/tr>\n<tr>\n<td height=\"21\"><\/td>\n<td colspan=\"2\" align=\"left\" valign=\"top\"><\/td>\n<td align=\"left\" valign=\"top\"><\/td>\n<td colspan=\"2\" align=\"left\" valign=\"top\"><\/td>\n<\/tr>\n<tr>\n<td height=\"65\"><\/td>\n<td colspan=\"2\" align=\"left\" valign=\"top\"><img loading=\"lazy\" decoding=\"async\" src=\"https:\/\/www.asal.dz\/pictures\/Tlemcen3.JPG\" width=\"250\" height=\"190\" \/><\/td>\n<td align=\"left\" valign=\"top\"><\/td>\n<td colspan=\"2\" align=\"left\" valign=\"top\"><img loading=\"lazy\" decoding=\"async\" src=\"https:\/\/www.asal.dz\/pictures\/Tlemcen4.JPG\" width=\"250\" height=\"190\" \/><\/td>\n<\/tr>\n<\/tbody>\n<\/table>\n","protected":false},"excerpt":{"rendered":"<p>L\u2019exposition d\u2019images satellitaires et le mod\u00e8le p\u00e9dagogique du satellite Alsat-1 suscitent l\u2019inter\u00e9ssement de \u00e9l\u00e8ves. ( El\u00e9ves des etablissements scolaires\u00a0 d\u2019El-Manahidj, La Pers\u00e9v\u00e9rance et Tawfiq. Octobre 2012 ) Les jeunes sont avides\u00a0 de connaissance sur\u00a0 des questions diverses li\u00e9es aux technologies et applications spatiales. (USTHB 2010 &#8211; 2011) Les \u00e9l\u00e8ves suivent avec attention les s\u00e9ances de [&hellip;]<\/p>\n","protected":false},"author":1,"featured_media":0,"parent":0,"menu_order":0,"comment_status":"closed","ping_status":"closed","template":"","meta":{"_et_pb_use_builder":"","_et_pb_old_content":"","_et_gb_content_width":"","rop_custom_images_group":[],"rop_custom_messages_group":[],"rop_publish_now":"initial","rop_publish_now_accounts":[],"rop_publish_now_history":[],"rop_publish_now_status":"pending","footnotes":""},"class_list":["post-200","page","type-page","status-publish","hentry"],"_links":{"self":[{"href":"https:\/\/asal.dz\/index.php?rest_route=\/wp\/v2\/pages\/200","targetHints":{"allow":["GET"]}}],"collection":[{"href":"https:\/\/asal.dz\/index.php?rest_route=\/wp\/v2\/pages"}],"about":[{"href":"https:\/\/asal.dz\/index.php?rest_route=\/wp\/v2\/types\/page"}],"author":[{"embeddable":true,"href":"https:\/\/asal.dz\/index.php?rest_route=\/wp\/v2\/users\/1"}],"replies":[{"embeddable":true,"href":"https:\/\/asal.dz\/index.php?rest_route=%2Fwp%2Fv2%2Fcomments&post=200"}],"version-history":[{"count":0,"href":"https:\/\/asal.dz\/index.php?rest_route=\/wp\/v2\/pages\/200\/revisions"}],"wp:attachment":[{"href":"https:\/\/asal.dz\/index.php?rest_route=%2Fwp%2Fv2%2Fmedia&parent=200"}],"curies":[{"name":"wp","href":"https:\/\/api.w.org\/{rel}","templated":true}]}}