{"id":206,"date":"2018-12-22T08:06:12","date_gmt":"2018-12-22T07:06:12","guid":{"rendered":"https:\/\/asal.dz\/?page_id=206"},"modified":"2018-12-22T08:06:12","modified_gmt":"2018-12-22T07:06:12","slug":"le-programme-educspace","status":"publish","type":"page","link":"https:\/\/asal.dz\/?page_id=206","title":{"rendered":"Le Programme EDUCSPACE"},"content":{"rendered":"<p class=\"Style42\" align=\"justify\">Le programme \u00ab\u00a0Educspace\u00a0\u00bb,\u00a0 engag\u00e9 en partenariat avec le Minist\u00e8re de l\u2019Education Nationale et le mouvement associatif \u00e0 caract\u00e8re scientifique, a un int\u00e9r\u00eat essentiellement p\u00e9dagogique.<\/p>\n<p class=\"Style42\" align=\"justify\"><strong>Il vise les objectifs suivants\u00a0:<\/strong><\/p>\n<p class=\"Style42\" align=\"justify\"><strong>1<\/strong>&#8211; informer et sensibiliser les jeunes lyc\u00e9ens et \u00e9tudiants sur les sciences et technologies de l\u2019espace\u00a0;<\/p>\n<p class=\"Style63\" align=\"justify\"><span class=\"Style64\"><strong>2<\/strong>&#8211; informer sur l\u2019apport des techniques spatiales \u00e0 la connaissance, la gestion et le suivi des ressources naturelles, la protection de l\u2019environnement\u00a0et le \u00a0d\u00e9veloppement durable;<\/span><\/p>\n<p class=\"Style62\" align=\"justify\"><span class=\"Style42\"><strong>3<\/strong>&#8211; contribuer de fa\u00e7on active \u00e0 la culture scientifique et technique des lyc\u00e9ens en exploitant leur attrait aux sciences de l\u2019espace.<\/span><\/p>\n<p class=\"Style42\"><strong>Le programme \u00ab\u00a0Educspace\u00a0\u00bb s\u2019appuie sur:<\/strong><\/p>\n<p class=\"Style42\"><strong>&#8211;<\/strong> des projections relatives \u00e0 la conception, la r\u00e9alisation et le lancement des satellites Alsat-1 (28 novembre 2002)\u00a0 et\u00a0\u00a0 Alsat-2A\u00a0 (12 juillet 2010 )<\/p>\n<p class=\"Style42\"><strong>&#8211;<\/strong> des conf\u00e9rences-d\u00e9bats sur la t\u00e9l\u00e9d\u00e9tection et les applications spatiales anim\u00e9es par les experts de l\u2019ASAL<\/p>\n<p class=\"Style42\"><strong>&#8211;<\/strong> une exposition sur l\u2019imagerie satellitaire<\/p>\n<p class=\"Style42\"><strong>&#8211;<\/strong> la distribution d\u2019une documentation scientifique.<\/p>\n<p class=\"Style42\" align=\"center\"><img loading=\"lazy\" decoding=\"async\" src=\"https:\/\/www.asal.dz\/pictures\/educspace1.JPG\" width=\"650\" height=\"588\" \/><\/p>\n","protected":false},"excerpt":{"rendered":"<p>Le programme \u00ab\u00a0Educspace\u00a0\u00bb,\u00a0 engag\u00e9 en partenariat avec le Minist\u00e8re de l\u2019Education Nationale et le mouvement associatif \u00e0 caract\u00e8re scientifique, a un int\u00e9r\u00eat essentiellement p\u00e9dagogique. Il vise les objectifs suivants\u00a0: 1&#8211; informer et sensibiliser les jeunes lyc\u00e9ens et \u00e9tudiants sur les sciences et technologies de l\u2019espace\u00a0; 2&#8211; informer sur l\u2019apport des techniques spatiales \u00e0 la connaissance, [&hellip;]<\/p>\n","protected":false},"author":1,"featured_media":0,"parent":0,"menu_order":0,"comment_status":"closed","ping_status":"closed","template":"","meta":{"_et_pb_use_builder":"","_et_pb_old_content":"","_et_gb_content_width":"","rop_custom_images_group":[],"rop_custom_messages_group":[],"rop_publish_now":"initial","rop_publish_now_accounts":[],"rop_publish_now_history":[],"rop_publish_now_status":"pending","footnotes":""},"class_list":["post-206","page","type-page","status-publish","hentry"],"_links":{"self":[{"href":"https:\/\/asal.dz\/index.php?rest_route=\/wp\/v2\/pages\/206","targetHints":{"allow":["GET"]}}],"collection":[{"href":"https:\/\/asal.dz\/index.php?rest_route=\/wp\/v2\/pages"}],"about":[{"href":"https:\/\/asal.dz\/index.php?rest_route=\/wp\/v2\/types\/page"}],"author":[{"embeddable":true,"href":"https:\/\/asal.dz\/index.php?rest_route=\/wp\/v2\/users\/1"}],"replies":[{"embeddable":true,"href":"https:\/\/asal.dz\/index.php?rest_route=%2Fwp%2Fv2%2Fcomments&post=206"}],"version-history":[{"count":0,"href":"https:\/\/asal.dz\/index.php?rest_route=\/wp\/v2\/pages\/206\/revisions"}],"wp:attachment":[{"href":"https:\/\/asal.dz\/index.php?rest_route=%2Fwp%2Fv2%2Fmedia&parent=206"}],"curies":[{"name":"wp","href":"https:\/\/api.w.org\/{rel}","templated":true}]}}