{"id":52,"date":"2018-12-05T00:11:55","date_gmt":"2018-12-04T23:11:55","guid":{"rendered":"https:\/\/asal.dz\/?page_id=52"},"modified":"2018-12-13T16:00:52","modified_gmt":"2018-12-13T15:00:52","slug":"entites-operationnelles","status":"publish","type":"page","link":"https:\/\/asal.dz\/?page_id=52","title":{"rendered":"Entit\u00e9s op\u00e9rationnelles"},"content":{"rendered":"<p align=\"left\"><span class=\"Style45\"><span class=\"Style47\">Entit\u00e9s op\u00e9rationnelles<\/span><\/span><\/p>\n<p align=\"justify\"><span class=\"Style45\"><span class=\"Style46\"> L\u2019Agence Spatiale Alg\u00e9rienne est constitu\u00e9e d\u2019une structure centrale et de quatre entit\u00e9s op\u00e9rationnelles.<\/span><\/span><\/p>\n<p align=\"justify\"><span class=\"Style42\"><strong>&#8211;<\/strong><\/span> <span class=\"Style42\">Centre des Techniques Spatiales (CTS);<\/span><\/p>\n<p align=\"justify\"><span class=\"Style42\"><strong>&#8211;<\/strong><\/span> <span class=\"Style42\">Centre des Applications Spatiales (CAS);<\/span><\/p>\n<p align=\"justify\"><span class=\"Style42\"><strong>&#8211;<\/strong><\/span> <span class=\"Style42\">Centre de D\u00e9veloppement des Satellites (CDS); <\/span><\/p>\n<p align=\"justify\"><span class=\"Style42\"><strong>&#8211;<\/strong> Centre d\u2019exploitation des Syst\u00e8mes de T\u00e9l\u00e9communications (CEST). <\/span><\/p>\n<p class=\"Style42\" align=\"justify\"><strong>Le Centre des Techniques Spatiales <\/strong>(<strong>CTS<\/strong>) est charg\u00e9 de mener toutes les actions d\u2019\u00e9tudes et de recherches scientifiques et techniques dans les domaines :<\/p>\n<p class=\"Style42\" align=\"justify\">&#8211; de la technologie spatiale, notamment les techniques li\u00e9es aux capteurs, aux radiom\u00e8tres, aux t\u00e9l\u00e9communications spatiales, aux stations terriennes de r\u00e9ception et de contr\u00f4le ainsi qu\u2019aux engins et instruments d\u2019observation de la terre et de l\u2019atmosph\u00e8re ;<\/p>\n<p class=\"Style42\" align=\"justify\">&#8211; de la physique de la t\u00e9l\u00e9d\u00e9tection a\u00e9rospatiale, du bilan d\u2019\u00e9nergie au sol et de la physique de l\u2019atmosph\u00e8re ;<\/p>\n<p class=\"Style42\" align=\"justify\">&#8211; de la m\u00e9thodologie de traitement des images satellitaires et du traitement des banques de donn\u00e9es images ;<\/p>\n<p class=\"Style42\" align=\"justify\">&#8211; de la g\u00e9od\u00e9sie spatiale et des syst\u00e8mes de r\u00e9f\u00e9rences, des techniques et syst\u00e8mes de navigation par satellites, de la radio-astronomie et l\u2019altim\u00e9trie spatiale, de la d\u00e9termination du champ de pesanteur et du g\u00e9o\u00efde, et des applications g\u00e9odynamiques ;<\/p>\n<p class=\"Style42\" align=\"justify\">&#8211; de la g\u00e9omatique, des bases de donn\u00e9es et syst\u00e8mes d\u2019informations g\u00e9ographiques, des m\u00e9thodes d\u2019acquisition (topographique, photogramm\u00e9trie, t\u00e9l\u00e9d\u00e9tection et cartographie), de traitement et de restitution des donn\u00e9es g\u00e9ographiques.<\/p>\n<p class=\"Style42\" align=\"justify\"><strong>Le Centre de D\u00e9veloppement des Satellites<\/strong> <strong>(CDS<\/strong>) est charg\u00e9 de la conception, du d\u00e9veloppement et de la r\u00e9alisation des syst\u00e8mes spatiaux pr\u00e9vus dans le cadre du programme spatial national, notamment :<\/p>\n<p class=\"Style42\" align=\"justify\">&#8211; la mise \u00e0 contribution de l\u2019industrie nationale dans les domaines connexes des technologies spatiales, notamment les domaines de la m\u00e9canique, de l\u2019\u00e9lectronique, de l\u2019optique, de l\u2019informatique et des t\u00e9l\u00e9communications.<\/p>\n<p class=\"Style42\" align=\"justify\"><strong>Le Centre des Applications Spatiales (CAS)<\/strong>\u00a0 est charg\u00e9 de mettre en \u0153uvre les actions d\u2019exploitation des satellites et des syst\u00e8mes d\u00e9coulant des programmes spatiaux, en relation avec les diff\u00e9rents secteurs utilisateurs.<\/p>\n<p class=\"Style42\" align=\"justify\">Le centre assure la r\u00e9alisation des projets op\u00e9rationnels sectoriels et intersectoriels bas\u00e9s sur la t\u00e9l\u00e9d\u00e9tection et les syst\u00e8mes d\u2019information g\u00e9ographique, particuli\u00e8rement dans les domaines de\u00a0l\u2019environnement et des risques naturels, de l\u2019agriculture et des ressources en eau, de\u00a0 l\u2019am\u00e9nagement du territoire et de\u00a0 l\u2018urbanisme ainsi que de la g\u00e9ologie et des sciences de la terre.<\/p>\n<p class=\"Style42\" align=\"justify\"><strong>Le Centre d\u2019Exploitation des Syst\u00e8mes de T\u00e9l\u00e9communications (CEST)<\/strong> est charg\u00e9 de la gestion, de l\u2019exploitation et de la commercialisation des produits et services de satellites de t\u00e9l\u00e9communications pr\u00e9vus dans le cadre du programme spatial national, notamment :<\/p>\n<p class=\"Style42\" align=\"justify\">&#8211; la gestion technique des infrastructures terrestres de r\u00e9ception et de contr\u00f4le ;<\/p>\n<p class=\"Style42\" align=\"justify\">&#8211; la prise en charge des produits et services des satellites en relation avec les secteurs utilisateurs concern\u00e9s ;<\/p>\n<p class=\"Style42\" align=\"justify\">&#8211; la d\u00e9finition et la mise en \u0153uvre d\u2019une politique de commercialisation des produits et se<\/p>\n","protected":false},"excerpt":{"rendered":"<p>Entit\u00e9s op\u00e9rationnelles L\u2019Agence Spatiale Alg\u00e9rienne est constitu\u00e9e d\u2019une structure centrale et de quatre entit\u00e9s op\u00e9rationnelles. &#8211; Centre des Techniques Spatiales (CTS); &#8211; Centre des Applications Spatiales (CAS); &#8211; Centre de D\u00e9veloppement des Satellites (CDS); &#8211; Centre d\u2019exploitation des Syst\u00e8mes de T\u00e9l\u00e9communications (CEST). Le Centre des Techniques Spatiales (CTS) est charg\u00e9 de mener toutes les actions [&hellip;]<\/p>\n","protected":false},"author":1,"featured_media":0,"parent":0,"menu_order":0,"comment_status":"closed","ping_status":"closed","template":"","meta":{"_et_pb_use_builder":"","_et_pb_old_content":"","_et_gb_content_width":"","rop_custom_images_group":[],"rop_custom_messages_group":[],"rop_publish_now":"initial","rop_publish_now_accounts":[],"rop_publish_now_history":[],"rop_publish_now_status":"pending","footnotes":""},"class_list":["post-52","page","type-page","status-publish","hentry"],"_links":{"self":[{"href":"https:\/\/asal.dz\/index.php?rest_route=\/wp\/v2\/pages\/52","targetHints":{"allow":["GET"]}}],"collection":[{"href":"https:\/\/asal.dz\/index.php?rest_route=\/wp\/v2\/pages"}],"about":[{"href":"https:\/\/asal.dz\/index.php?rest_route=\/wp\/v2\/types\/page"}],"author":[{"embeddable":true,"href":"https:\/\/asal.dz\/index.php?rest_route=\/wp\/v2\/users\/1"}],"replies":[{"embeddable":true,"href":"https:\/\/asal.dz\/index.php?rest_route=%2Fwp%2Fv2%2Fcomments&post=52"}],"version-history":[{"count":0,"href":"https:\/\/asal.dz\/index.php?rest_route=\/wp\/v2\/pages\/52\/revisions"}],"wp:attachment":[{"href":"https:\/\/asal.dz\/index.php?rest_route=%2Fwp%2Fv2%2Fmedia&parent=52"}],"curies":[{"name":"wp","href":"https:\/\/api.w.org\/{rel}","templated":true}]}}