{"id":54,"date":"2018-12-05T00:12:47","date_gmt":"2018-12-04T23:12:47","guid":{"rendered":"https:\/\/asal.dz\/?page_id=54"},"modified":"2019-08-28T16:03:10","modified_gmt":"2019-08-28T15:03:10","slug":"ressources-naturelles","status":"publish","type":"page","link":"https:\/\/asal.dz\/?page_id=54","title":{"rendered":"Ressources Naturelles"},"content":{"rendered":"<blockquote>\n<p class=\"Style37 Style38\" align=\"left\"><span class=\"Style37\"><img loading=\"lazy\" decoding=\"async\" src=\"https:\/\/www.asal.dz\/pictures\/puce.jpg\" width=\"16\" height=\"10\" \/><a href=\"https:\/\/asal.dz\/?page_id=1015\">R\u00e9alisation d\u2019un Atlas Alg\u00e9rien du Gisement solaire \u00e0 partir de l\u2019imagerie satellitaire et des Syst\u00e8mes d\u2019Information G\u00e9ographique<\/a><\/span><a href=\"https:\/\/www.asal.dz\/atlas-gisement.php\">.<\/a><\/p>\n<\/blockquote>\n<blockquote>\n<p class=\"Style37 Style38\" align=\"left\"><img loading=\"lazy\" decoding=\"async\" src=\"https:\/\/www.asal.dz\/pictures\/puce.jpg\" width=\"16\" height=\"10\" \/><span class=\"Style37\"><a href=\"https:\/\/asal.dz\/?page_id=1019\">R\u00e9alisation de la carte g\u00e9ologique d\u2019El Bayadh (NI-31-VIII) au 1\/200.000\u00e8me, \u00e0 partir des images satellitaires \u00e0 moyenne r\u00e9solution<\/a><\/span><a href=\"https:\/\/www.asal.dz\/carto-geolo.php\">.<\/a><\/p>\n<p class=\"Style37 Style38\" align=\"left\"><img loading=\"lazy\" decoding=\"async\" src=\"https:\/\/www.asal.dz\/pictures\/puce.jpg\" width=\"16\" height=\"10\" \/><span class=\"Style37\"><a href=\"https:\/\/asal.dz\/?page_id=1023\">Plan d\u2019am\u00e9nagement et de gestion des p\u00eacheries Alg\u00e9riennes (PAGPA).<\/a><\/span><\/p>\n<p class=\"Style37 Style38\" align=\"justify\"><span class=\"Style74\"><img loading=\"lazy\" decoding=\"async\" src=\"https:\/\/www.asal.dz\/pictures\/puce.jpg\" width=\"16\" height=\"10\" \/><\/span><a class=\"Style75\" href=\"https:\/\/asal.dz\/?page_id=1029\">R\u00e9alisation de la carte d\u2019occupation du sol des Observatoires de Douguia\/HadjerLamis (Tchad), Thyss\u00e9Kaymor (S\u00e9n\u00e9gal) et Boutilimit (Mauritanie)<\/a>.<\/p>\n<p class=\"Style37\"><img loading=\"lazy\" decoding=\"async\" src=\"https:\/\/www.asal.dz\/pictures\/puce.jpg\" width=\"16\" height=\"10\" \/><a href=\"https:\/\/asal.dz\/?page_id=1033\">Cartographie g\u00e9ologique de l\u2019Alg\u00e9rie au 1\/2.000.000\u00e8me.<\/a><\/p>\n<p class=\"Style37\" align=\"justify\"><img loading=\"lazy\" decoding=\"async\" src=\"https:\/\/www.asal.dz\/pictures\/puce.jpg\" width=\"16\" height=\"10\" \/><a href=\"https:\/\/asal.dz\/?page_id=1037\">Cartographie des zones d\u2019\u00e9pandage de crues de dix neuf (19) wilayas steppiques \u00e0 partir de l\u2019imagerie satellitaire \u00e0 moyenne r\u00e9solution.<\/a><\/p>\n<p class=\"Style37\" align=\"justify\"><img loading=\"lazy\" decoding=\"async\" src=\"https:\/\/www.asal.dz\/pictures\/puce.jpg\" width=\"16\" height=\"10\" \/><a href=\"https:\/\/asal.dz\/?page_id=1041\">D\u00e9veloppement de l\u2019agriculture saharienne par utilisation de l\u2019imagerie satellitaire.<\/a><\/p>\n<p class=\"Style37\" align=\"justify\"><img loading=\"lazy\" decoding=\"async\" src=\"https:\/\/www.asal.dz\/pictures\/puce.jpg\" width=\"16\" height=\"10\" \/><a href=\"https:\/\/asal.dz\/?page_id=1045\">Prospection\u00a0 hydrog\u00e9ologique dans le bassin de Tindouf par utilisation des donn\u00e9es optiques et radar (cas du bassin versant d\u2019Oued El Ma).<\/a><\/p>\n<p class=\"Style37\" align=\"justify\"><img loading=\"lazy\" decoding=\"async\" src=\"https:\/\/www.asal.dz\/pictures\/puce.jpg\" width=\"16\" height=\"10\" \/><a href=\"https:\/\/asal.dz\/?page_id=1049\">Atlas<\/a><\/p>\n<\/blockquote>\n","protected":false},"excerpt":{"rendered":"<p>R\u00e9alisation d\u2019un Atlas Alg\u00e9rien du Gisement solaire \u00e0 partir de l\u2019imagerie satellitaire et des Syst\u00e8mes d\u2019Information G\u00e9ographique. R\u00e9alisation de la carte g\u00e9ologique d\u2019El Bayadh (NI-31-VIII) au 1\/200.000\u00e8me, \u00e0 partir des images satellitaires \u00e0 moyenne r\u00e9solution. Plan d\u2019am\u00e9nagement et de gestion des p\u00eacheries Alg\u00e9riennes (PAGPA). R\u00e9alisation de la carte d\u2019occupation du sol des Observatoires de Douguia\/HadjerLamis [&hellip;]<\/p>\n","protected":false},"author":1,"featured_media":0,"parent":0,"menu_order":0,"comment_status":"closed","ping_status":"closed","template":"","meta":{"_et_pb_use_builder":"","_et_pb_old_content":"","_et_gb_content_width":"","rop_custom_images_group":[],"rop_custom_messages_group":[],"rop_publish_now":"initial","rop_publish_now_accounts":[],"rop_publish_now_history":[],"rop_publish_now_status":"pending","footnotes":""},"class_list":["post-54","page","type-page","status-publish","hentry"],"_links":{"self":[{"href":"https:\/\/asal.dz\/index.php?rest_route=\/wp\/v2\/pages\/54","targetHints":{"allow":["GET"]}}],"collection":[{"href":"https:\/\/asal.dz\/index.php?rest_route=\/wp\/v2\/pages"}],"about":[{"href":"https:\/\/asal.dz\/index.php?rest_route=\/wp\/v2\/types\/page"}],"author":[{"embeddable":true,"href":"https:\/\/asal.dz\/index.php?rest_route=\/wp\/v2\/users\/1"}],"replies":[{"embeddable":true,"href":"https:\/\/asal.dz\/index.php?rest_route=%2Fwp%2Fv2%2Fcomments&post=54"}],"version-history":[{"count":0,"href":"https:\/\/asal.dz\/index.php?rest_route=\/wp\/v2\/pages\/54\/revisions"}],"wp:attachment":[{"href":"https:\/\/asal.dz\/index.php?rest_route=%2Fwp%2Fv2%2Fmedia&parent=54"}],"curies":[{"name":"wp","href":"https:\/\/api.w.org\/{rel}","templated":true}]}}