{"id":60,"date":"2018-12-05T00:16:16","date_gmt":"2018-12-04T23:16:16","guid":{"rendered":"https:\/\/asal.dz\/?page_id=60"},"modified":"2018-12-13T16:00:52","modified_gmt":"2018-12-13T15:00:52","slug":"ecole-doctorale","status":"publish","type":"page","link":"https:\/\/asal.dz\/?page_id=60","title":{"rendered":"Ecole Doctorale"},"content":{"rendered":"<p class=\"Style41\" align=\"center\">Ecole Doctorale des Technologies et Applications Spatiales (EDTAS):<\/p>\n<p class=\"Style62\" align=\"center\">Ma\u00eetrise technologique et valorisation des comp\u00e9tences<\/p>\n<p class=\"Style37\" align=\"justify\">Cr\u00e9\u00e9e le 09 avril 2007, l\u2019Ecole Doctorale des technologies et applications spatiales a pour\u00a0 objectif de contribuer au renforcement du potentiel en chercheurs de haut niveau, \u00e0 la ma\u00eetrise technologique\u00a0 et \u00e0 l\u2019\u00e9mergence des comp\u00e9tences. Elle s\u2019appuie sur une plateforme commune et\u00a0 des programmes sp\u00e9cifiques d\u2019enseignement pour chaque sp\u00e9cialit\u00e9, afin d\u2019accueillir annuellement pr\u00e8s de 50 doctorants.<\/p>\n<p class=\"Style37\" align=\"justify\">Ceci\u00a0 renforcera la mise en \u0153uvre du Programme Spatial National horizon 2020. Depuis sa cr\u00e9ation en 2007, \u00a0l\u2019Ecole Doctorale des Technologies et Applications Spatiales\u00a0 (EDTAS) a form\u00e9 65 magisters et compte 53 \u00e9tudiants inscrits en doctorat dans cinq sp\u00e9cialit\u00e9s\u00a0:<\/p>\n<ol>\n<li class=\"Style37\">\n<div align=\"justify\">Optique Spatiale et M\u00e9canique de pr\u00e9cision, abrit\u00e9e \u00e0 l\u2019Universit\u00e9 Ferhat Abbas de S\u00e9tif,<\/div>\n<\/li>\n<li class=\"Style37\">\n<div align=\"justify\">T\u00e9l\u00e9communications et Informatique Spatiales,\u00a0 abrit\u00e9e \u00e0 l\u2019Universit\u00e9 Abou bekr Belkaid de Tlemcen,<\/div>\n<\/li>\n<li class=\"Style37\">\n<div align=\"justify\">Instrumentation spatiale, abrit\u00e9e \u00e0 l\u2019Universit\u00e9 des Sciences et de la Technologie Mohamed Boudiaf d\u2019Oran,<\/div>\n<\/li>\n<li class=\"Style37\">\n<div align=\"justify\">Traitement d\u2019images et Syst\u00e8me d\u2019Informations G\u00e9ographiques, abrit\u00e9e \u00e0 l\u2019Universit\u00e9 des Sciences et de la Technologie Houari Boumediene,<\/div>\n<\/li>\n<li class=\"Style37\">\n<div align=\"justify\">T\u00e9l\u00e9communications Spatiales, abrit\u00e9e \u00e0 l\u2019Universit\u00e9 Mentouri de Constantine.<\/div>\n<\/li>\n<\/ol>\n<p align=\"center\"><img loading=\"lazy\" decoding=\"async\" src=\"https:\/\/www.asal.dz\/pictures\/bilan.jpg\" width=\"597\" height=\"391\" \/><\/p>\n<p class=\"Style37\" align=\"justify\">Pour l\u2019ann\u00e9e 2012\/2013, un concours d&rsquo;acc\u00e8s en premi\u00e8re post-graduation de l&rsquo;\u00e9cole doctorale des technologies et des applications spatiales au titre de l&rsquo;ann\u00e9e universitaire 2012-2013 a \u00e9t\u00e9 organis\u00e9 dans l\u2019option \u00ab\u00a0Instrumentation spatiale\u00a0\u00bb \u00e0 l\u2019Universit\u00e9 des Sciences et de la Technologie Mohamed Boudiaf d\u2019Oran et \u00a0\u00ab\u00a0Traitement d\u2019images et SIG\u00a0\u00bb \u00e0 l\u2019Universit\u00e9 des Sciences et de la Technologie Houari Boumediene.<\/p>\n","protected":false},"excerpt":{"rendered":"<p>Ecole Doctorale des Technologies et Applications Spatiales (EDTAS): Ma\u00eetrise technologique et valorisation des comp\u00e9tences Cr\u00e9\u00e9e le 09 avril 2007, l\u2019Ecole Doctorale des technologies et applications spatiales a pour\u00a0 objectif de contribuer au renforcement du potentiel en chercheurs de haut niveau, \u00e0 la ma\u00eetrise technologique\u00a0 et \u00e0 l\u2019\u00e9mergence des comp\u00e9tences. Elle s\u2019appuie sur une plateforme commune [&hellip;]<\/p>\n","protected":false},"author":1,"featured_media":0,"parent":0,"menu_order":0,"comment_status":"closed","ping_status":"closed","template":"","meta":{"_et_pb_use_builder":"","_et_pb_old_content":"","_et_gb_content_width":"","rop_custom_images_group":[],"rop_custom_messages_group":[],"rop_publish_now":"initial","rop_publish_now_accounts":[],"rop_publish_now_history":[],"rop_publish_now_status":"pending","footnotes":""},"class_list":["post-60","page","type-page","status-publish","hentry"],"_links":{"self":[{"href":"https:\/\/asal.dz\/index.php?rest_route=\/wp\/v2\/pages\/60","targetHints":{"allow":["GET"]}}],"collection":[{"href":"https:\/\/asal.dz\/index.php?rest_route=\/wp\/v2\/pages"}],"about":[{"href":"https:\/\/asal.dz\/index.php?rest_route=\/wp\/v2\/types\/page"}],"author":[{"embeddable":true,"href":"https:\/\/asal.dz\/index.php?rest_route=\/wp\/v2\/users\/1"}],"replies":[{"embeddable":true,"href":"https:\/\/asal.dz\/index.php?rest_route=%2Fwp%2Fv2%2Fcomments&post=60"}],"version-history":[{"count":0,"href":"https:\/\/asal.dz\/index.php?rest_route=\/wp\/v2\/pages\/60\/revisions"}],"wp:attachment":[{"href":"https:\/\/asal.dz\/index.php?rest_route=%2Fwp%2Fv2%2Fmedia&parent=60"}],"curies":[{"name":"wp","href":"https:\/\/api.w.org\/{rel}","templated":true}]}}