{"id":6921,"date":"2022-02-21T09:50:34","date_gmt":"2022-02-21T08:50:34","guid":{"rendered":"https:\/\/asal.dz\/?page_id=6921"},"modified":"2022-02-21T10:34:36","modified_gmt":"2022-02-21T09:34:36","slug":"lois-et-reglementations-nationales","status":"publish","type":"page","link":"https:\/\/asal.dz\/?page_id=6921","title":{"rendered":"Lois et r\u00e9glementations nationales"},"content":{"rendered":"<ul>\n<li>D\u00e9cret pr\u00e9sidentiel n\u00b0 02-48 du 2 Dhou El Ka\u00e2da 1422 correspondant au 16 janvier 2002, modifi\u00e9, portant cr\u00e9ation, organisation et fonctionnement de l\u2019Agence Spatiale Alg\u00e9rienne :\n<ul>\n<li><strong><a href=\"https:\/\/asal.dz\/wp-content\/uploads\/2022\/02\/Presidential-Decree-02-48_AR.pdf\">En langue arabe\u00a0;<\/a><\/strong><\/li>\n<li><a href=\"https:\/\/asal.dz\/wp-content\/uploads\/2022\/02\/Presidential-Decree-02-48_EN.pdf\"><strong>En langue anglaise\u00a0;<\/strong><\/a><\/li>\n<li><strong><a href=\"https:\/\/asal.dz\/wp-content\/uploads\/2022\/02\/Presidential-Decree-02-48_FR.pdf\">En langue fran\u00e7aise.<\/a><\/strong><\/li>\n<\/ul>\n<\/li>\n<\/ul>\n<ul>\n<li>D\u00e9cret pr\u00e9sidentiel n\u00b0 91-342 du 28 septembre 1991 portant adh\u00e9sion au trait\u00e9 sur les principes r\u00e9gissant les activit\u00e9s des Etats en mati\u00e8re d\u2019exploration et d\u2019utilisation de l\u2019espace extra-atmosph\u00e9rique, y compris la Lune et les autres corps c\u00e9lestes, ouvert \u00e0 la signature \u00e0 Londres, Moscou et Washington le 27 janvier 1967.\n<ul>\n<li><a href=\"https:\/\/asal.dz\/wp-content\/uploads\/2022\/02\/Presidential-Decree-91-342-AR.pdf\"><strong>En langue arabe\u00a0;<\/strong><\/a><\/li>\n<li><a href=\"https:\/\/asal.dz\/wp-content\/uploads\/2022\/02\/Presidential-Decree-91-342-EN.pdf\"><strong>En langue anglaise\u00a0;<\/strong><\/a><\/li>\n<li><a href=\"https:\/\/asal.dz\/wp-content\/uploads\/2022\/02\/Presidential-Decree-91-342-FR.pdf\"><strong>En langue fran\u00e7aise.<\/strong><\/a><\/li>\n<\/ul>\n<\/li>\n<\/ul>\n<ul>\n<li>D\u00e9cret pr\u00e9sidentiel n\u00b0 06-225 du 28 Joumada El Oula 1427 correspondant au 24 juin 2006 portant ratification de la convention sur la responsabilit\u00e9 internationale pour les dommages caus\u00e9s par des objets spatiaux, sign\u00e9e \u00e0 Londres, Moscou et Washington le 29 mars 1972.\n<ul>\n<li><a href=\"https:\/\/asal.dz\/wp-content\/uploads\/2022\/02\/Presidential-Decree-06-225-AR.pdf\"><strong>En langue arabe\u00a0;<\/strong><\/a><\/li>\n<li><a href=\"https:\/\/asal.dz\/wp-content\/uploads\/2022\/02\/Presidential-Decree-06-225-EN.pdf\"><strong>En langue anglaise\u00a0;<\/strong><\/a><\/li>\n<li><a href=\"https:\/\/asal.dz\/wp-content\/uploads\/2022\/02\/Presidential-Decree-06-225-FR.pdf\"><strong>En langue fran\u00e7aise.<\/strong><\/a><\/li>\n<\/ul>\n<\/li>\n<\/ul>\n<ul>\n<li>D\u00e9cret pr\u00e9sidentiel n\u00b0 06-468 du 20 Dhou El Ka\u00e2da 1427 correspondant au 11 d\u00e9cembre 2006 portant ratification de la convention sur l\u2019immatriculation des objets lanc\u00e9s dans l\u2019espace extra-atmosph\u00e9rique, sign\u00e9e \u00e0 New York le 14 janvier 1975.\n<ul>\n<li><a href=\"https:\/\/asal.dz\/wp-content\/uploads\/2022\/02\/Presidential-Decree-06-468-AR.pdf\"><strong>En langue arabe\u00a0;<\/strong><\/a><\/li>\n<li><a href=\"https:\/\/asal.dz\/wp-content\/uploads\/2022\/02\/Presidential-Decree-06-468-EN.pdf\"><strong>En langue anglaise\u00a0;<\/strong><\/a><\/li>\n<li><a href=\"https:\/\/asal.dz\/wp-content\/uploads\/2022\/02\/Presidential-Decree-06-468-FR.pdf\"><strong>En langue fran\u00e7aise.<\/strong><\/a><\/li>\n<\/ul>\n<\/li>\n<\/ul>\n<ul>\n<li>Loi n\u00b0 19-06 du 14 Dhou El Ka\u00e2da 1440 correspondant au 17 juillet 2019 relative aux activit\u00e9s spatiales.\n<ul>\n<li><a href=\"https:\/\/asal.dz\/wp-content\/uploads\/2022\/02\/Law-19-06-AR.pdf\"><strong>En langue arabe\u00a0;<\/strong><\/a><\/li>\n<li><a href=\"https:\/\/asal.dz\/wp-content\/uploads\/2022\/02\/Law-19-06-EN.pdf\"><strong>En langue anglaise\u00a0;<\/strong><\/a><\/li>\n<li><a href=\"https:\/\/asal.dz\/wp-content\/uploads\/2022\/02\/Law-19-06-FR.pdf\"><strong>En langue fran\u00e7aise.<\/strong><\/a><\/li>\n<\/ul>\n<\/li>\n<\/ul>\n","protected":false},"excerpt":{"rendered":"<p>D\u00e9cret pr\u00e9sidentiel n\u00b0 02-48 du 2 Dhou El Ka\u00e2da 1422 correspondant au 16 janvier 2002, modifi\u00e9, portant cr\u00e9ation, organisation et fonctionnement de l\u2019Agence Spatiale Alg\u00e9rienne : En langue arabe\u00a0; En langue anglaise\u00a0; En langue fran\u00e7aise. D\u00e9cret pr\u00e9sidentiel n\u00b0 91-342 du 28 septembre 1991 portant adh\u00e9sion au trait\u00e9 sur les principes r\u00e9gissant les activit\u00e9s des Etats [&hellip;]<\/p>\n","protected":false},"author":2,"featured_media":0,"parent":0,"menu_order":0,"comment_status":"closed","ping_status":"closed","template":"","meta":{"_et_pb_use_builder":"","_et_pb_old_content":"","_et_gb_content_width":"","rop_custom_images_group":[],"rop_custom_messages_group":[],"rop_publish_now":"initial","rop_publish_now_accounts":[],"rop_publish_now_history":[],"rop_publish_now_status":"pending","footnotes":""},"class_list":["post-6921","page","type-page","status-publish","hentry"],"_links":{"self":[{"href":"https:\/\/asal.dz\/index.php?rest_route=\/wp\/v2\/pages\/6921","targetHints":{"allow":["GET"]}}],"collection":[{"href":"https:\/\/asal.dz\/index.php?rest_route=\/wp\/v2\/pages"}],"about":[{"href":"https:\/\/asal.dz\/index.php?rest_route=\/wp\/v2\/types\/page"}],"author":[{"embeddable":true,"href":"https:\/\/asal.dz\/index.php?rest_route=\/wp\/v2\/users\/2"}],"replies":[{"embeddable":true,"href":"https:\/\/asal.dz\/index.php?rest_route=%2Fwp%2Fv2%2Fcomments&post=6921"}],"version-history":[{"count":0,"href":"https:\/\/asal.dz\/index.php?rest_route=\/wp\/v2\/pages\/6921\/revisions"}],"wp:attachment":[{"href":"https:\/\/asal.dz\/index.php?rest_route=%2Fwp%2Fv2%2Fmedia&parent=6921"}],"curies":[{"name":"wp","href":"https:\/\/api.w.org\/{rel}","templated":true}]}}