{"id":70,"date":"2018-12-05T00:20:09","date_gmt":"2018-12-04T23:20:09","guid":{"rendered":"https:\/\/asal.dz\/?page_id=70"},"modified":"2018-12-13T16:00:52","modified_gmt":"2018-12-13T15:00:52","slug":"alsat-2a","status":"publish","type":"page","link":"https:\/\/asal.dz\/?page_id=70","title":{"rendered":"Alsat-2A"},"content":{"rendered":"<p class=\"Style62\" align=\"center\"><strong>Alsat-2A, deuxi\u00e8me satellite d\u2019observation de la terre <\/strong><\/p>\n<p class=\"Style63\" align=\"justify\">Le 12 juillet 2010, le satellite alg\u00e9rien d\u2019observation de \u00a0la \u00a0Terre\u00a0<strong>Alsat-2A<\/strong>\u00a0a \u00e9t\u00e9 lanc\u00e9 avec succ\u00e8s depuis le site de Sriharikota \u00e0 Chenna\u00ef (Sud -Est de l\u2019Inde), \u00e0 04 h 53\u2019 heure alg\u00e9rienne. Pour rappel Alsat-2A en orbite depuis 07 ans, a \u00e9t\u00e9 lanc\u00e9 avec le lanceur PSLV C-15 depuis le site de Sriharikota \u00e0 Chenna\u00ef (Sud -Est de l\u2019Inde). Depuis, Alsat-2A a fourni plus de 40.000 produits jusqu\u2019\u00e0 la fin de l\u2019ann\u00e9e 2016, dont les d\u00e9tails sont pr\u00e9sent\u00e9s dans le tableau ci-apr\u00e8s.<\/p>\n<p class=\"Style63\" align=\"center\"><img loading=\"lazy\" decoding=\"async\" src=\"https:\/\/www.asal.dz\/pictures\/Alsat2A-tableau.jpg\" width=\"416\" height=\"196\" border=\"1\" \/><\/p>\n<p class=\"Style63\" align=\"justify\">Alsat-2A est le deuxi\u00e8me satellite d\u2019observation de la terre du programme spatial national (PSN) mis en orbite apr\u00e8s Alsat-1 le 28 novembre 2002. C\u2019est un satellite d\u2019observation de la terre \u00e0 haute r\u00e9solution, avec une r\u00e9solution spatiale de 2.5 m en mode panchromatique, et de 10 m en mode multispectral couvert par les 04 bandes spectrales suivantes\u00a0: le bleu, le vert, le rouge et le proche infrarouge.<\/p>\n<p class=\"Style66\" align=\"center\"><img loading=\"lazy\" decoding=\"async\" src=\"https:\/\/www.asal.dz\/pictures\/Alsat2A-couverture.jpg\" width=\"250\" height=\"223\" border=\"1\" \/><\/p>\n<p class=\"Style59\" align=\"center\">Couverture du territoire national par Alsat-2A \u00e0 la fin de 2016<\/p>\n<p class=\"Style63\" align=\"justify\">Alsat-2A acquiert des images \u00e0 haute r\u00e9solution avec une r\u00e9p\u00e9titivit\u00e9 de 03 jours et\u00a0un champ d\u2019observation de 17,5 Km. Il est venu apr\u00e8s Alsat-1, conforter la pr\u00e9sence de l\u2019Alg\u00e9rie dans l\u2019espace dans le cadre d\u2019une utilisation pacifique et ce, au titre des syst\u00e8mes spatiaux nationaux pr\u00e9vus dans le Programme Spatial National (PSN)\u00a0horizon 2020.<\/p>\n<p class=\"Style63\" align=\"justify\">L\u2019exploitation des donn\u00e9es images issues des deux satellites Alsat-2A et Alsat-2B permet le renforcement de capacit\u00e9 de prise de vue, r\u00e9pond aux besoins et aux pr\u00e9occupations des diff\u00e9rents secteurs utilisateurs, notamment la r\u00e9vision cartographique, le cadastre, l\u2019environnement et l\u2019am\u00e9nagement du territoire, les ressources naturelles, l\u2019urbanisme et les infrastructures de base, les risques majeurs, dans le cadre de projets d\u2019applications spatiales inscrits au titre du PSN.<\/p>\n<p class=\"Style63\" align=\"justify\">Les op\u00e9rations en autonomie des deux satellites Alsat-2A et Alsat-2B sont assur\u00e9es par des \u00e9quipes alg\u00e9riennes qualifi\u00e9es, permettant ainsi la prise de vues des images.<\/p>\n<p class=\"Style63\" align=\"justify\">Depuis plus de sept (07) ann\u00e9es de vie en orbite d\u2019Alsat-2A et pr\u00e8s d\u2019une ann\u00e9e de vie d\u2019Alsat-2B, ces \u00e9quipes veillent \u00e0 la qualit\u00e9 des images re\u00e7ues, au suivi, au contr\u00f4le et \u00e0 la surveillance du satellite.<\/p>\n<p class=\"Style63\" align=\"justify\">Ainsi, l\u2019ASAL poursuit le renforcement de son exp\u00e9rience en mati\u00e8re de gestion des objets spatiaux, en proc\u00e9dant \u00e0 plusieurs man\u0153uvres d\u2019\u00e9vitement de ses satellites des objets spatiaux.<\/p>\n<p class=\"Style63\" align=\"justify\">La r\u00e9solution spatiale des images des deux satellites (Alsat-2A et Alsat-2B), avec 2,5 m\u00e8tres en mode panchromatique et 10 m\u00e8tres en mode multispectral et leur qualit\u00e9 radiom\u00e9trique, ouvre un large spectre d\u2019applications spatiales. A cet effet, l\u2019ASAL vise \u00e0 diversifier et surtout \u00e0 g\u00e9n\u00e9raliser l\u2019utilisation de cet outil au service des diff\u00e9rents secteurs utilisateurs nationaux au profit du d\u00e9veloppement national.<\/p>\n<p><span class=\"Style63\">Dans ce contexte, plusieurs actions ont \u00e9t\u00e9 engag\u00e9es \u00e0 ce jour afin d\u2019appr\u00e9hender au mieux les besoins nationaux, \u00e0 savoir\u00a0: <\/span><\/p>\n<p class=\"Style68\" align=\"justify\"><span class=\"Style63\"><img loading=\"lazy\" decoding=\"async\" src=\"https:\/\/www.asal.dz\/pictures\/puce.jpg\" width=\"16\" height=\"10\" \/> L\u2019organisation de deux ateliers nationaux \u00ab Alsat-2A Utilisateurs \u00bb, les 25 et 26 avril 2011 \u00e0 Alger, et Alsat-Utilisateurs nationaux les 05 et 06 avril 2017 \u00e0 Oran, a permis d\u2019exposer l\u2019\u00e9ventail des applications au b\u00e9n\u00e9fice des secteurs nationaux dans le cadre de leurs programmes respectifs de d\u00e9veloppement.<\/span><\/p>\n<p class=\"Style63\" align=\"justify\"><img loading=\"lazy\" decoding=\"async\" src=\"https:\/\/www.asal.dz\/pictures\/puce.jpg\" width=\"16\" height=\"10\" \/>Le lancement de projets nationaux en partenariat avec les secteurs concern\u00e9s.<\/p>\n<p class=\"Style63\" align=\"justify\">\n<p class=\"Style63\" align=\"center\"><img loading=\"lazy\" decoding=\"async\" src=\"https:\/\/www.asal.dz\/pictures\/pgrm1.JPG\" width=\"640\" height=\"482\" border=\"1\" \/><\/p>\n<p class=\"Style63\" align=\"center\"><img loading=\"lazy\" decoding=\"async\" src=\"https:\/\/www.asal.dz\/pictures\/pgrm2.JPG\" width=\"640\" height=\"474\" border=\"1\" \/><\/p>\n<p class=\"Style63\"><strong>&#8211;<\/strong> la lutte anti-acridienne en relation avec l\u2019Institut National de la Protection des V\u00e9g\u00e9taux (INPV)<\/p>\n<p class=\"Style63\" align=\"center\"><img loading=\"lazy\" decoding=\"async\" src=\"https:\/\/www.asal.dz\/pictures\/antiacrid.JPG\" width=\"640\" height=\"522\" border=\"1\" \/><\/p>\n<p class=\"Style63\"><strong>&#8211;<\/strong> les inondations\u00a0d\u2019El Bayadh (octobre 2011) et \u00a0El Tarf (f\u00e9vrier 2012)<\/p>\n<p class=\"Style63\" align=\"center\"><img loading=\"lazy\" decoding=\"async\" src=\"https:\/\/www.asal.dz\/pictures\/rmajj.JPG\" width=\"640\" height=\"537\" border=\"1\" \/><\/p>\n<p class=\"Style63\"><strong>&#8211;<\/strong> la lutte contre la d\u00e9sertification (mise en d\u00e9fens, fixation des dunes\u2026)<\/p>\n<p class=\"Style63\" align=\"center\"><img loading=\"lazy\" decoding=\"async\" src=\"https:\/\/www.asal.dz\/pictures\/desertiff.JPG\" width=\"640\" height=\"492\" border=\"1\" \/><\/p>\n<p class=\"Style63\"><strong>&#8211;<\/strong> la pollution marine<\/p>\n<p class=\"Style63\" align=\"center\"><img loading=\"lazy\" decoding=\"async\" src=\"https:\/\/www.asal.dz\/pictures\/pollmarine.JPG\" width=\"640\" height=\"479\" border=\"1\" \/><\/p>\n<p class=\"Style65\">2- l\u2019\u00e9tude et le suivi des infrastructures de base :<\/p>\n<p class=\"Style63\">&#8211; parcellaire agricole<\/p>\n<p class=\"Style63\" align=\"center\"><img loading=\"lazy\" decoding=\"async\" src=\"https:\/\/www.asal.dz\/pictures\/pacagricule.JPG\" width=\"640\" height=\"489\" border=\"1\" \/><\/p>\n<p class=\"Style63\" align=\"center\"><img loading=\"lazy\" decoding=\"async\" src=\"https:\/\/www.asal.dz\/pictures\/pacagricule2.JPG\" width=\"640\" height=\"478\" border=\"1\" \/><\/p>\n<p class=\"Style63\" align=\"left\">&#8211; cadastre steppique et saharien<\/p>\n<p class=\"Style63\" align=\"center\"><img loading=\"lazy\" decoding=\"async\" src=\"https:\/\/www.asal.dz\/pictures\/cadastrest.JPG\" width=\"640\" height=\"496\" border=\"1\" \/><\/p>\n<p class=\"Style63\"><strong>&#8211;<\/strong> Suivi des travaux de l\u2019autoroute Est-Ouest<\/p>\n<p class=\"Style63\" align=\"center\"><img loading=\"lazy\" decoding=\"async\" src=\"https:\/\/www.asal.dz\/pictures\/autoroute.JPG\" width=\"640\" height=\"515\" border=\"1\" \/><\/p>\n<p class=\"Style63\"><strong>&#8211;<\/strong> la caract\u00e9risation\u00a0 du trac\u00e9 de canalisation\u00a0du gazoduc\u00a0 Zone d\u2019Arzew<\/p>\n<p class=\"Style63\" align=\"center\"><img loading=\"lazy\" decoding=\"async\" src=\"https:\/\/www.asal.dz\/pictures\/canal.JPG\" width=\"640\" height=\"533\" border=\"1\" \/><\/p>\n<p class=\"Style63\" align=\"center\"><img loading=\"lazy\" decoding=\"async\" src=\"https:\/\/www.asal.dz\/pictures\/canal2.JPG\" width=\"640\" height=\"527\" border=\"1\" \/><\/p>\n<p class=\"Style63\" align=\"left\"><strong>&#8211;<\/strong> Mitage des terrains Agricoles<\/p>\n<p class=\"Style63\" align=\"center\"><img loading=\"lazy\" decoding=\"async\" src=\"https:\/\/www.asal.dz\/pictures\/trrainag.JPG\" width=\"640\" height=\"424\" border=\"1\" \/><\/p>\n<p class=\"Style63\" align=\"center\"><img loading=\"lazy\" decoding=\"async\" src=\"https:\/\/www.asal.dz\/pictures\/trrainag2.JPG\" width=\"640\" height=\"473\" border=\"1\" \/><\/p>\n<p class=\"Style63\"><strong>3- l\u2019am\u00e9nagement du territoire et l\u2019\u00e9valuation des ressources naturelles<span class=\"Style66\">:<\/span><\/strong><\/p>\n<p class=\"Style63\">&#8211; la cartographie des ressources en eau<\/p>\n<p class=\"Style63\" align=\"center\"><img loading=\"lazy\" decoding=\"async\" src=\"https:\/\/www.asal.dz\/pictures\/cartra.JPG\" width=\"640\" height=\"478\" border=\"1\" \/><\/p>\n<p class=\"Style63\" align=\"center\"><img loading=\"lazy\" decoding=\"async\" src=\"https:\/\/www.asal.dz\/pictures\/cartra2.JPG\" width=\"640\" height=\"473\" border=\"1\" \/><\/p>\n<p class=\"Style63\" align=\"center\"><strong>Le barrage de l\u2019Oued Ksab, vu par Alsat-2A<\/strong><\/p>\n<p class=\"Style63\" align=\"center\"><img loading=\"lazy\" decoding=\"async\" src=\"https:\/\/www.asal.dz\/pictures\/baragekasab.JPG\" width=\"640\" height=\"464\" border=\"1\" \/><\/p>\n<p><span class=\"Style63\">&#8211; la cartographie des zones d\u2019\u00e9pandage de crues<\/span><\/p>\n<p class=\"Style63\" align=\"center\"><img loading=\"lazy\" decoding=\"async\" src=\"https:\/\/www.asal.dz\/pictures\/aleageol.JPG\" width=\"640\" height=\"495\" border=\"1\" \/><\/p>\n<p class=\"Style63\">&#8211; la cartographie de l\u2019al\u00e9a g\u00e9ologique au 1\/50.000<\/p>\n<p class=\"Style63\" align=\"center\"><img loading=\"lazy\" decoding=\"async\" src=\"https:\/\/www.asal.dz\/pictures\/aleageol2.JPG\" width=\"640\" height=\"525\" border=\"1\" \/><\/p>\n<p class=\"Style63\" align=\"center\"><img loading=\"lazy\" decoding=\"async\" src=\"https:\/\/www.asal.dz\/pictures\/aleageol3.JPG\" width=\"640\" height=\"431\" border=\"1\" \/><\/p>\n<p class=\"Style63\" align=\"center\"><img loading=\"lazy\" decoding=\"async\" src=\"https:\/\/www.asal.dz\/pictures\/facie.JPG\" width=\"640\" height=\"453\" border=\"1\" \/><\/p>\n<p class=\"Style63\"><strong>&#8211;<\/strong> la localisation des p\u00e9rim\u00e8tres miniers<\/p>\n<p class=\"Style63\" align=\"center\"><img loading=\"lazy\" decoding=\"async\" src=\"https:\/\/www.asal.dz\/pictures\/miniers.JPG\" width=\"640\" height=\"472\" border=\"1\" \/><\/p>\n<p class=\"Style63\"><strong>&#8211;<\/strong> le suivi et la protection des sites arch\u00e9ologiques<\/p>\n<p class=\"Style63\" align=\"center\"><img loading=\"lazy\" decoding=\"async\" src=\"https:\/\/www.asal.dz\/pictures\/timgad.JPG\" width=\"640\" height=\"495\" border=\"1\" \/><\/p>\n<p class=\"Style63\"><strong>&#8211;<\/strong> R\u00e9habilitation des palmeraies et extension du syst\u00e8me oasien<\/p>\n<p class=\"Style63\" align=\"center\"><img loading=\"lazy\" decoding=\"async\" src=\"https:\/\/www.asal.dz\/pictures\/oasien.JPG\" width=\"640\" height=\"512\" border=\"1\" \/><\/p>\n<p class=\"Style63\" align=\"left\"><img loading=\"lazy\" decoding=\"async\" src=\"https:\/\/www.asal.dz\/pictures\/puce.jpg\" width=\"16\" height=\"10\" \/> <strong>L\u2019exposition,\u00a0en 2012, des produits Alsat-2A aux manifestations suivantes:<\/strong><\/p>\n<p class=\"Style63\" align=\"justify\"><strong>&#8211;<\/strong> Inauguration du Centre du D\u00e9veloppement de Satellites (CDS) le 23 f\u00e9vrier 2012;<\/p>\n<p class=\"Style63\" align=\"justify\"><strong>&#8211; <\/strong>Exposition organis\u00e9e par l\u2019Universit\u00e9 des Sciences et de la Technologie\u00a0 Houari Boumediene (USTHB) du 22 au 26 avril 2012, \u00e0 l\u2019occasion de la\u00a0\u00a0 c\u00e9l\u00e9bration du 38\u00e8me\u00a0 anniversaire de la cr\u00e9ation de l\u2019universit\u00e9;<\/p>\n<p class=\"Style63\" align=\"justify\"><strong>&#8211; <\/strong>Exposition du 04 et le 05 Juin 2012 \u00e0 Oran, \u00e0 l\u2019occasion de la 16\u00e8me session du Conseil des Ministres Arabes charg\u00e9s des technologies de l\u2019Information et de la Communication;<\/p>\n<p class=\"Style63\" align=\"justify\"><strong>&#8211; <\/strong>Exposition du 26 juin 2012, \u00e0 l\u2019occasion de la 5\u00e8me session du conseil d\u2019administration du\u00a0 Centre R\u00e9gionale Africain des sciences et technologie de l\u2019Espace en Langue Fran\u00e7aise (CRASTE LF).<\/p>\n<p class=\"Style63\" align=\"justify\">Outre ces activit\u00e9s d\u2019applications spatiales li\u00e9es au d\u00e9veloppement du pays, l\u2019ASAL intensifie ses actions de sensibilisation de l\u2019utilisation de l\u2019outil spatial, notamment des produits Alsat-2A, aupr\u00e8s de la communaut\u00e9 lyc\u00e9enne et estudiantine (Educspace).<\/p>\n","protected":false},"excerpt":{"rendered":"<p>Alsat-2A, deuxi\u00e8me satellite d\u2019observation de la terre Le 12 juillet 2010, le satellite alg\u00e9rien d\u2019observation de \u00a0la \u00a0Terre\u00a0Alsat-2A\u00a0a \u00e9t\u00e9 lanc\u00e9 avec succ\u00e8s depuis le site de Sriharikota \u00e0 Chenna\u00ef (Sud -Est de l\u2019Inde), \u00e0 04 h 53\u2019 heure alg\u00e9rienne. Pour rappel Alsat-2A en orbite depuis 07 ans, a \u00e9t\u00e9 lanc\u00e9 avec le lanceur PSLV C-15 [&hellip;]<\/p>\n","protected":false},"author":1,"featured_media":0,"parent":0,"menu_order":0,"comment_status":"closed","ping_status":"closed","template":"","meta":{"_et_pb_use_builder":"","_et_pb_old_content":"","_et_gb_content_width":"","rop_custom_images_group":[],"rop_custom_messages_group":[],"rop_publish_now":"initial","rop_publish_now_accounts":[],"rop_publish_now_history":[],"rop_publish_now_status":"pending","footnotes":""},"class_list":["post-70","page","type-page","status-publish","hentry"],"_links":{"self":[{"href":"https:\/\/asal.dz\/index.php?rest_route=\/wp\/v2\/pages\/70","targetHints":{"allow":["GET"]}}],"collection":[{"href":"https:\/\/asal.dz\/index.php?rest_route=\/wp\/v2\/pages"}],"about":[{"href":"https:\/\/asal.dz\/index.php?rest_route=\/wp\/v2\/types\/page"}],"author":[{"embeddable":true,"href":"https:\/\/asal.dz\/index.php?rest_route=\/wp\/v2\/users\/1"}],"replies":[{"embeddable":true,"href":"https:\/\/asal.dz\/index.php?rest_route=%2Fwp%2Fv2%2Fcomments&post=70"}],"version-history":[{"count":0,"href":"https:\/\/asal.dz\/index.php?rest_route=\/wp\/v2\/pages\/70\/revisions"}],"wp:attachment":[{"href":"https:\/\/asal.dz\/index.php?rest_route=%2Fwp%2Fv2%2Fmedia&parent=70"}],"curies":[{"name":"wp","href":"https:\/\/api.w.org\/{rel}","templated":true}]}}