{"id":72,"date":"2018-12-05T00:20:39","date_gmt":"2018-12-04T23:20:39","guid":{"rendered":"https:\/\/asal.dz\/?page_id=72"},"modified":"2018-12-13T16:00:52","modified_gmt":"2018-12-13T15:00:52","slug":"alsat-2b","status":"publish","type":"page","link":"https:\/\/asal.dz\/?page_id=72","title":{"rendered":"Alsat-2B"},"content":{"rendered":"<p class=\"Style62\" align=\"center\"><strong>Le satellite Alsat-2B, troisi\u00e8me satellite d\u2019observation de la terre<\/strong><\/p>\n<p class=\"Style63\" align=\"justify\">Alsat-2B a \u00e9t\u00e9 mis en orbite avec le lanceur PSLV C-35 le 26 septembre 2016, et a rejoint \u00e0 l\u2019issue de man\u0153uvres orbitales en d\u00e9cembre 2016, son orbite op\u00e9rationnelle \u00e0 une altitude de 670 Km avec un d\u00e9phasage de 186\u00b0 par rapport \u00e0 son jumeau Alsat-2A, en orbite depuis le 12 juillet 2010.<\/p>\n<p class=\"Style63\" align=\"center\"><img loading=\"lazy\" decoding=\"async\" src=\"https:\/\/www.asal.dz\/pictures\/Alsat2B-globe.jpg\" width=\"480\" height=\"447\" border=\"1\" \/><\/p>\n<p class=\"Style69\" align=\"center\">Phasage des orbites Alsat-2 \u00e0 186\u00b0<\/p>\n<p class=\"Style63\" align=\"justify\">Alsat-2B dispose d\u2019une charge utile compos\u00e9e d\u2019un instrument optique (cam\u00e9ra) en carbure de silicium (SIC) d\u2019une r\u00e9solution de 2, 5 m et ses performances depuis la fin de la phase des tests en orbite (IOT), sont nominales.<\/p>\n<p class=\"Style63\" align=\"justify\">Depuis la fin de la phase de transfert d\u2019orbite, ALSAT-2B a subi une s\u00e9rie d\u2019essais en orbite visant \u00e0 garantir le bon fonctionnement de tous les sous-syst\u00e8mes et \u00e0 calibrer ses images afin de r\u00e9pondre aux exigences des diff\u00e9rents utilisateurs. Toutes les op\u00e9rations ont \u00e9t\u00e9 effectu\u00e9es par \u00e9quipes les du CDS\/ASAL depuis le centre de contr\u00f4le situ\u00e9 au centre de d\u00e9veloppement des satellites (CDS \/ Oran).<\/p>\n<p class=\"Style63\" align=\"center\"><img loading=\"lazy\" decoding=\"async\" src=\"https:\/\/www.asal.dz\/pictures\/Alsat2B-equipe.jpg\" width=\"493\" height=\"286\" border=\"1\" \/><\/p>\n<p class=\"Style69\" align=\"center\">Les \u00e9quipes CDS \/ ASAL des phases de la mise \u00e0 poste et des tests en orbite (LEOP et IOT)<\/p>\n<p class=\"Style63\" align=\"justify\">D\u00e8s la fin Novembre 2016, plusieurs \u00e9tapes de la phase d\u2019\u00e9valuation de la qualit\u00e9 image et de calibration ont \u00e9t\u00e9 franchies, confirmant ainsi la qualit\u00e9 des images et leurs performances. A ce jour, il a \u00e9t\u00e9 r\u00e9alis\u00e9\u00a0:<\/p>\n<p class=\"Style63\" align=\"justify\">&#8211; La calibration radiom\u00e9trique (dark signal \/ dark noise &amp; PRNU &amp; MTF)\u00a0: le rapport signal-bruit (SNR) mesur\u00e9 pour les diff\u00e9rentes bandes est largement acceptable. Le r\u00e9glage de restauration des images (MTFC) mis en place a permis d\u2019am\u00e9liorer leurs qualit\u00e9s.<\/p>\n<p class=\"Style63\" align=\"justify\">&#8211; La calibration g\u00e9om\u00e9trique \u00e0 deux niveaux.<\/p>\n<p class=\"Style63\" align=\"justify\">&#8211; Bande\u00a0\/ Bande\u00a0: tester l\u2019alignement des bandes multispectrales.<\/p>\n<p class=\"Style63\" align=\"justify\">&#8211; Image de r\u00e9f\u00e9rence \/ Image\u00a0: comparer la pr\u00e9cision relative par rapport \u00e0 une image de r\u00e9f\u00e9rence et ajuster la direction de\u00a0vis\u00e9e.<\/p>\n<p class=\"Style63\" align=\"justify\">&#8211; La Pr\u00e9cision moyenne de g\u00e9olocalisation pr\u00e9liminaire (sans points d\u2019appui)\u00a0: une pr\u00e9cision de 77 m de l\u2019erreur circulaire \u00e0 90 % (CE90) a \u00e9t\u00e9 mesur\u00e9e et confirm\u00e9e, soit quatre (04) fois meilleure que la sp\u00e9cification initiale du satellite (CE90 de 300 m). Cette pr\u00e9cision sera encore am\u00e9lior\u00e9e avec la nouvelle campagne de mesures en cours et ce, en utilisant d\u2019autres sites de calibration d\u00e9di\u00e9s.<\/p>\n<p class=\"Style63\" align=\"justify\">Ainsi, la commercialisation des produits images a d\u00e9marr\u00e9 depuis le premier trimestre de l\u2019ann\u00e9e 2017, et l\u2019atelier Alsat-Utilisateurs Nationaux, qui s\u2019est tenu les 05 et les 06 avril 2017 \u00e0 Oran, a \u00e9t\u00e9 couronn\u00e9 de succ\u00e8s. En effet, cet Atelier a \u00e9t\u00e9 une occasion opportune pour faire connaitre les produits Alsat aux utilisateurs nationaux et les possibilit\u00e9s de valeurs ajout\u00e9es. Plusieurs recommandations ont \u00e9t\u00e9 retenues (<a href=\"https:\/\/www.asal.dz\/Atelier-Alsat-2017-recommandations.php\">https:\/\/www.asal.dz\/Atelier-Alsat-2017-recommandations.php<\/a>) par les nombreux participants \u00e0 cet atelier, dont les actes ont \u00e9t\u00e9 diffus\u00e9s \u00e0 l\u2019ensemble des secteurs et institutions et sont t\u00e9l\u00e9chargeables depuis le site de l\u2019ASAL (<a href=\"https:\/\/www.asal.dz\/PDF\/Actes-Atelier-Alsat-Utilisateurs-2017.pdf\">https:\/\/www.asal.dz\/PDF\/Actes-Atelier-Alsat-Utilisateurs-2017.pdf<\/a>).<\/p>\n<p class=\"Style63\" align=\"justify\">Enfin, ALSAT-2A et ALSAT-2B forme une mini-constellation offrant des images \u00e0 haute r\u00e9solution, avec une plus grande r\u00e9activit\u00e9 dans la programmation et un volume beaucoup plus \u00e9lev\u00e9 d\u2019images prises quotidiennement (en mode monoscopique et st\u00e9r\u00e9oscopique). Les images recueillies servent, entre autres, dans les domaines de la planification et l\u2019am\u00e9nagement urbains et agricoles\u00a0des territoires et du littoral, la cartographie et le suivi des infrastructures et des ouvrages d\u2019art, l\u2019\u00e9tablissement et la mise \u00e0 jour du cadastre steppique et saharien et la pr\u00e9vention et la gestion des risques naturels (inondations, feux des for\u00eats, \u2026.).<\/p>\n","protected":false},"excerpt":{"rendered":"<p>Le satellite Alsat-2B, troisi\u00e8me satellite d\u2019observation de la terre Alsat-2B a \u00e9t\u00e9 mis en orbite avec le lanceur PSLV C-35 le 26 septembre 2016, et a rejoint \u00e0 l\u2019issue de man\u0153uvres orbitales en d\u00e9cembre 2016, son orbite op\u00e9rationnelle \u00e0 une altitude de 670 Km avec un d\u00e9phasage de 186\u00b0 par rapport \u00e0 son jumeau Alsat-2A, [&hellip;]<\/p>\n","protected":false},"author":1,"featured_media":0,"parent":0,"menu_order":0,"comment_status":"closed","ping_status":"closed","template":"","meta":{"_et_pb_use_builder":"","_et_pb_old_content":"","_et_gb_content_width":"","rop_custom_images_group":[],"rop_custom_messages_group":[],"rop_publish_now":"initial","rop_publish_now_accounts":[],"rop_publish_now_history":[],"rop_publish_now_status":"pending","footnotes":""},"class_list":["post-72","page","type-page","status-publish","hentry"],"_links":{"self":[{"href":"https:\/\/asal.dz\/index.php?rest_route=\/wp\/v2\/pages\/72","targetHints":{"allow":["GET"]}}],"collection":[{"href":"https:\/\/asal.dz\/index.php?rest_route=\/wp\/v2\/pages"}],"about":[{"href":"https:\/\/asal.dz\/index.php?rest_route=\/wp\/v2\/types\/page"}],"author":[{"embeddable":true,"href":"https:\/\/asal.dz\/index.php?rest_route=\/wp\/v2\/users\/1"}],"replies":[{"embeddable":true,"href":"https:\/\/asal.dz\/index.php?rest_route=%2Fwp%2Fv2%2Fcomments&post=72"}],"version-history":[{"count":0,"href":"https:\/\/asal.dz\/index.php?rest_route=\/wp\/v2\/pages\/72\/revisions"}],"wp:attachment":[{"href":"https:\/\/asal.dz\/index.php?rest_route=%2Fwp%2Fv2%2Fmedia&parent=72"}],"curies":[{"name":"wp","href":"https:\/\/api.w.org\/{rel}","templated":true}]}}