{"id":7452,"date":"2022-04-19T13:03:06","date_gmt":"2022-04-19T12:03:06","guid":{"rendered":"https:\/\/asal.dz\/?page_id=7452"},"modified":"2022-10-10T11:20:19","modified_gmt":"2022-10-10T10:20:19","slug":"procedure-dacces-a-la-base-de-donnees","status":"publish","type":"page","link":"https:\/\/asal.dz\/?page_id=7452","title":{"rendered":"Proc\u00e9dures d\u2019acc\u00e8s \u00e0 la base de donn\u00e9es"},"content":{"rendered":"<p>Madame, Monsieur, pour acc\u00e9der a la biblioth\u00e8que de notre plateforme <span style=\"color: #008000;\">GED ASAL<\/span>, veuillez suivre les instructions suivantes:<\/p>\n<ol>\n<li style=\"text-align: justify;\">Aller \u00e0 \u00ab<strong> Formation et recherche<\/strong> \u00bb et appuyer sur \u00ab <strong><a href=\"https:\/\/ged.asal.dz:8443\/share\" target=\"_blank\" rel=\"noopener\"><em>Biblioth\u00e8que<\/em><\/a><\/strong> \u00bb\u00a0;<\/li>\n<li style=\"text-align: justify;\">Dans la fen\u00eatre \u00ab <span style=\"color: #008000;\">GED<\/span> \u00bb entrez votre nom d\u2019utilisateur et votre mot de passe si vous avez d\u00e9j\u00e0 un compte, dans le cas contraire appuyez sur formulaire de \u00ab <em><a href=\"https:\/\/asal.dz\/?page_id=7443\" target=\"_blank\" rel=\"noopener\"><strong>Demande d\u2019ouverture d&rsquo;un compte<\/strong><\/a> \u00bb <\/em>;<\/li>\n<li style=\"text-align: justify;\">Renseignez le formulaire <strong>; <\/strong><\/li>\n<li style=\"text-align: justify;\">D\u00e9s r\u00e9ception d\u2019un accord \u00e0 votre adresse \u00e9lectronique, consultez votre plateforme <span style=\"color: #008000;\">GED<\/span> en entrant le nom d&rsquo;utilisateur et le mot de passe de votre compte.<\/li>\n<li style=\"text-align: justify;\">Appuyez sur \u00ab\u00a0<span style=\"color: #008000;\">SITE BIBLIOTHEQUE ASAL<\/span>\u00ab\u00a0, et allez \u00e0 \u00ab\u00a0<span style=\"color: #008000;\">ESPACE DOCUMENTAIRE<\/span>\u00a0\u00bb pour consulter et visualiser tous les documents (communication, publication, th\u00e8ses\u2026).<br \/>\n<span style=\"color: #ff0000;\">N.B:<\/span> Dans le cas ou un document est prot\u00e9g\u00e9 par des droits d&rsquo;acc\u00e8s, veuillez renseigner le formulaire de \u00ab <a href=\"https:\/\/asal.dz\/?page_id=7442\" target=\"_blank\" rel=\"noopener\"><em><strong>Demande de consultation de document<\/strong><\/em><\/a> \u00bb ; ( Voir dans <span style=\"color: #008000;\">PROPRIET\u00c9S: NOM<\/span>, <span style=\"color: #008000;\">TITRE<\/span>, <span style=\"color: #008000;\">ANN\u00c9E<\/span>, <span style=\"color: #008000;\">ISSN<\/span>, <span style=\"color: #008000;\">AUTEUR\u2026<\/span>).<\/li>\n<li style=\"text-align: justify;\">Le gestionnaire de la base de donn\u00e9es vous donnera l\u2019acc\u00e8s au document demand\u00e9 pour la dur\u00e9e fix\u00e9e, (pour le consulter veuillez appuyer sur \u00ab\u00a0<span style=\"color: #008000;\">MES FICHIERS<\/span>\u00ab\u00a0).<\/li>\n<\/ol>\n<p>Merci de votre visite.<\/p>\n","protected":false},"excerpt":{"rendered":"<p>Madame, Monsieur, pour acc\u00e9der a la biblioth\u00e8que de notre plateforme GED ASAL, veuillez suivre les instructions suivantes: Aller \u00e0 \u00ab Formation et recherche \u00bb et appuyer sur \u00ab Biblioth\u00e8que \u00bb\u00a0; Dans la fen\u00eatre \u00ab GED \u00bb entrez votre nom d\u2019utilisateur et votre mot de passe si vous avez d\u00e9j\u00e0 un compte, dans le cas contraire [&hellip;]<\/p>\n","protected":false},"author":1,"featured_media":0,"parent":0,"menu_order":0,"comment_status":"closed","ping_status":"closed","template":"","meta":{"_et_pb_use_builder":"","_et_pb_old_content":"","_et_gb_content_width":"","rop_custom_images_group":[],"rop_custom_messages_group":[],"rop_publish_now":"initial","rop_publish_now_accounts":[],"rop_publish_now_history":[],"rop_publish_now_status":"pending","footnotes":""},"class_list":["post-7452","page","type-page","status-publish","hentry"],"_links":{"self":[{"href":"https:\/\/asal.dz\/index.php?rest_route=\/wp\/v2\/pages\/7452","targetHints":{"allow":["GET"]}}],"collection":[{"href":"https:\/\/asal.dz\/index.php?rest_route=\/wp\/v2\/pages"}],"about":[{"href":"https:\/\/asal.dz\/index.php?rest_route=\/wp\/v2\/types\/page"}],"author":[{"embeddable":true,"href":"https:\/\/asal.dz\/index.php?rest_route=\/wp\/v2\/users\/1"}],"replies":[{"embeddable":true,"href":"https:\/\/asal.dz\/index.php?rest_route=%2Fwp%2Fv2%2Fcomments&post=7452"}],"version-history":[{"count":0,"href":"https:\/\/asal.dz\/index.php?rest_route=\/wp\/v2\/pages\/7452\/revisions"}],"wp:attachment":[{"href":"https:\/\/asal.dz\/index.php?rest_route=%2Fwp%2Fv2%2Fmedia&parent=7452"}],"curies":[{"name":"wp","href":"https:\/\/api.w.org\/{rel}","templated":true}]}}