{"id":76,"date":"2018-12-05T00:22:09","date_gmt":"2018-12-04T23:22:09","guid":{"rendered":"https:\/\/asal.dz\/?page_id=76"},"modified":"2019-10-01T17:30:34","modified_gmt":"2019-10-01T16:30:34","slug":"alsat-1b","status":"publish","type":"page","link":"https:\/\/asal.dz\/?page_id=76","title":{"rendered":"Alsat-1B"},"content":{"rendered":"<p class=\"Style62\" align=\"center\"><strong>ALSAT-1B, le quatri\u00e8me satellite d\u2019observation de la terre <\/strong><\/p>\n<p class=\"Style63\" align=\"justify\">Le satellite d\u2019observation de la Terre \u00ab Alsat-1B \u00bb assure la continuit\u00e9 de la couverture nationale ant\u00e9rieurement assur\u00e9e par le satellite Alsat-1 ayant fournit depuis 2002 des images \u00e0 moyenne r\u00e9solution.<\/p>\n<p class=\"Style63\" align=\"center\"><img loading=\"lazy\" decoding=\"async\" src=\"https:\/\/www.asal.dz\/pictures\/Alsat-1B.jpg\" width=\"188\" height=\"209\" border=\"1\" \/><\/p>\n<p class=\"Style15 Style69\" align=\"center\">Vue d\u2019ensemble du satellite Alsat-1B.<\/p>\n<p class=\"Style63\" align=\"justify\">Les objectifs principaux du programme Alsat-1B comportent la r\u00e9ponse aux besoins nationaux en termes d\u2019applications spatiales et de la gestion des catastrophes naturelles.<\/p>\n<p class=\"Style63\" align=\"justify\">Pendant la phase de recette en vol, les op\u00e9rations de tests relatives aux activit\u00e9s de validation des performances sont men\u00e9es. Cette phase dure deux mois environ et est suivie d\u2019une phase de calibration de la charge utile de trois mois. La phase d\u2019exploitation op\u00e9rationnelle du satellite est pr\u00e9vue pendant une dur\u00e9e de 5 ans.<\/p>\n<p class=\"Style57\"><strong>DESCRIPTION DE LA MISSION ALSAT-1B<\/strong><\/p>\n<p class=\"Style63\" align=\"justify\">Le syst\u00e8me Alsat-1B se compose d\u2019un segment spatial et d\u2019un segment sol. Le segment spatial est bas\u00e9 sur la plateforme SSTL-100 avec une nouvelle charge utile d\u2019une r\u00e9solution de 24m en bandes multi-spectrales (MS &#8211; mode couleur) et 12m dans la bande panchromatique (PAN &#8211; mode noir et blanc).<\/p>\n<p class=\"Style63\" align=\"justify\">Le segment sol est localis\u00e9 au Centre de D\u00e9veloppement des Satellites \u00e0 Oran avec une cha\u00eene primaire et une chaine redondante compos\u00e9s de\u00a0:<\/p>\n<p><span class=\"Style71\"> 1. GCS: Ground Control Segment (SOC),<\/span><\/p>\n<p class=\"Style71\" align=\"left\">2. GIS: Ground Imaging Segment (MOC),<\/p>\n<p class=\"Style71\" align=\"left\">3. GS: Ground Station.<\/p>\n<p class=\"Style71\" align=\"left\"><strong>DESCRIPTION DU SATELLITE ALSAT-1B<\/strong><\/p>\n<p class=\"Style63\" align=\"justify\">Le satellite Alsat-1B, de 110 kg de masse dont 18.5 kg pour la charge utile, est d\u00e9riv\u00e9 de la ligne de produit SSTL-100 d\u00e9velopp\u00e9 par \u00ab\u00a0Surrey Satellite Technology Ltd\u00a0\u00bb (SSTL \u2013 UK). Il se base sur le retour d\u2019exp\u00e9rience en vol des huit satellites de la m\u00eame fili\u00e8re, permettant ainsi de confirmer et de renforcer le taux de confiance qui lui est accord\u00e9 pour remplir sa mission.<\/p>\n<p class=\"Style63\" align=\"center\"><img loading=\"lazy\" decoding=\"async\" src=\"https:\/\/www.asal.dz\/pictures\/Alsat-1B-composants.jpg\" width=\"308\" height=\"229\" border=\"1\" \/><\/p>\n<p class=\"Style72\" align=\"center\">Axes principaux et \u00e9quipements de la mission du satellite Alsat-1B.<\/p>\n<p class=\"Style63\" align=\"justify\">L\u2019architecture du satellite Alsat-1B comporte des modules \u00e9prouv\u00e9s en vol provenant de l\u2019h\u00e9ritage SSTL conform\u00e9ment \u00e0 l\u2019approche des redondances de ses modules majeurs comme l\u2019ordinateur de bord OBC 750, le bus CAN SU2, la fonction contr\u00f4le d\u2019attitude et de maintien d\u2019orbite AOCS, la m\u00e9moire de masse auxiliaire, les capacit\u00e9s de t\u00e9l\u00e9commande et de t\u00e9l\u00e9mesure (TMTC) ainsi que la t\u00e9l\u00e9mesure haute d\u00e9bit des images vers la station sol. Une redondance suppl\u00e9mentaire est impl\u00e9ment\u00e9e pour le vidage des images via une liaison bande S haut d\u00e9bit. Pendant le vidage des images, les paquets t\u00e9l\u00e9mesures vid\u00e9s habituellement par la bande S, suivent le flux de la bande X.<\/p>\n<p class=\"Style63\" align=\"justify\">Les TMTC sont bas\u00e9es sur le protocole IP pour encapsuler les paquets CAN. Le protocole IP est utilis\u00e9 pour assurer la connexion bord-sol, tandis que le protocole CAN-SU2 est utilis\u00e9 pour le r\u00e9seau local entre les \u00e9quipements du satellite. Un protocole sp\u00e9cifique est utilis\u00e9 pour r\u00e9cup\u00e9rer les flux d\u2019images \u00e9ventuellement perdus pendant le t\u00e9l\u00e9chargement. Ce protocole utilise la bande S montante et les deux bandes X et S en liaison descendante.<\/p>\n<p class=\"Style63\" align=\"justify\">Le syst\u00e8me \u00e9nergie de bord a pour fonction\u00a0: la g\u00e9n\u00e9ration, le stockage de l\u2019\u00e9nergie, et la conversion et la distribution de l\u2019\u00e9nergie \u00e9lectrique. Le syst\u00e8me de g\u00e9n\u00e9ration de puissance se compose de 3 panneaux solaires, formant deux sections identiques assurant chacune 37 W. Le quatri\u00e8me panneau est form\u00e9 par une section de 29 W. Une batterie \u00e0 base de cellule Li-Ion d\u00e9livre une capacit\u00e9 de 17.4 Ah.<\/p>\n<p class=\"Style63\" align=\"justify\">Le sous-syst\u00e8me de contr\u00f4le d\u2019attitude et d\u2019orbite AOCS d\u2019Alsat-1B contient des modules redond\u00e9s \u00e0 bord qui assurent les fonctions de contr\u00f4le d\u2019orbite et d\u2019attitude du satellite\u00a0: quatre (04) senseurs solaires, deux (02) magn\u00e9tom\u00e8tres \u00e0 trois axes, un (01) senseur stellaire coupl\u00e9 \u00e0 une unit\u00e9 de traitement d\u00e9di\u00e9e, deux (02) r\u00e9cepteurs GPS, deux (02) modules interface d\u2019attitude, trois (03) magn\u00e9to-torqueurs. Trois (03) roues \u00e0 r\u00e9action et enfin un syst\u00e8me de propulsion \u00e0 base de butane auto-pressuris\u00e9 et RESISTOJET op\u00e9rant en mode Blow-down et coupl\u00e9 \u00e0 des tuy\u00e8res permettant d\u2019effectuer les man\u0153uvres d\u2019orbite.<\/p>\n<p class=\"Style63\" align=\"justify\">Le logiciel du syst\u00e8me de contr\u00f4le d\u2019attitude est responsable du traitement des donn\u00e9es fournies par les capteurs pour d\u00e9terminer l\u2019attitude du satellite et g\u00e9n\u00e9rer des commandes aux diff\u00e9rents actuateurs pour assurer les cas de figure suivants\u00a0: correction et r\u00e9duction des vitesses angulaires durant\u00a0 la phase de detumbling, maintien de l\u2019attitude du satellite, r\u00e9orientation du satellite d\u2019une attitude \u00e0 une autre (roulis, correction d\u2019orbite).<br \/>\nLe contr\u00f4le thermique de satellite Alsat-1B est n\u00e9cessaire pour maintenir tous les modules et la structure \u00e0 des temp\u00e9ratures acceptables tout au long de la mission. Il est bas\u00e9 sur l\u2019h\u00e9ritage de l\u2019UK-DMC-2, de Deimos-1 et de NigeriaSat-2.<\/p>\n<p class=\"Style63\" align=\"justify\">Le SFF (Space Facing Facet) et l\u2019EFF (Earth Facing Facet) sont couverts par un m\u00e9lange de protections thermiques. La charge utile est isol\u00e9e thermiquement de l\u2019espace par un syst\u00e8me d\u2019isolations multicouches (MLI) et d\u00e9coupl\u00e9e de la plateforme \u00e0 l&rsquo;aide de structures en Titane de faible conductivit\u00e9 thermique. La batterie est \u00e9quip\u00e9e de r\u00e9chauffeurs et de thermostats (nominaux et redondants) qui assurent une plage de fonctionnement dans l\u2019intervalle 16\u00b0C \u00e0 21\u00b0C.<\/p>\n<p><strong>LA CHARGE UTILE ALSAT-1B ALITE -Al<\/strong><strong>gerian Imager Telescope <\/strong><\/p>\n<p class=\"Style63\" align=\"justify\">La charge utile du satellite est bas\u00e9e sur une architecture qui fournit une r\u00e9solution de 12 m en PAN et de 24 m en mode MS avec la possibilit\u00e9 de prise d\u2019images MS en 12 m am\u00e9lior\u00e9e. Ces images sont capt\u00e9es par un t\u00e9lescope fabriqu\u00e9 \u00e0 base d\u2019Aluminium, Titane et d\u2019un ensemble de neuf lentilles optiques. Il est \u00e9quip\u00e9 d\u2019un plan focal \u00e0 faible dilatation dot\u00e9 de 5 capteurs CCD lin\u00e9aires coupl\u00e9s \u00e0 des filtres optiques. La charge utile utilise une \u00e9lectronique vid\u00e9o de proximit\u00e9 (FEE) et une \u00e9lectronique instrument assurant les fonctions de gestion et int\u00e9grant la m\u00e9moire de masse (HSDR).<\/p>\n<p class=\"Style63\" align=\"center\"><img loading=\"lazy\" decoding=\"async\" src=\"https:\/\/www.asal.dz\/pictures\/Alsat-1B-charge.jpg\" width=\"220\" height=\"180\" border=\"1\" \/><\/p>\n<p class=\"Style72\" align=\"center\">Charge utile ALITE du satellite Alsat-1B pendant sa fabrication<\/p>\n<p class=\"Style63\" align=\"justify\">L\u2019instrument d\u2019Alsat-1B acquiert les images via le d\u00e9tecteur et son \u00e9lectronique de proximit\u00e9 (FEE), convertit l&rsquo;image et la stocke dans la m\u00e9moire de masse du HSDR. Les donn\u00e9es sont ensuite envoy\u00e9es vers le transmetteur bande X pendant les visibilit\u00e9s de vidage au sol.<\/p>\n<p class=\"Style72\" align=\"center\"><img loading=\"lazy\" decoding=\"async\" src=\"https:\/\/www.asal.dz\/pictures\/Alsat-1B-fauche.jpg\" width=\"235\" height=\"243\" border=\"1\" \/><\/p>\n<p class=\"Style72\" align=\"center\">Fauch\u00e9e et champ de vue du satellite Alsat-1B.<\/p>\n<p><strong>COUVERTURE ET FREQUENCE DE REVISITE DE LA MISSION ALSAT-1B<\/strong><\/p>\n<p class=\"Style63\" align=\"justify\">La mission Alsat-1B a \u00e9t\u00e9 con\u00e7ue pour fournir une flexibilit\u00e9 notable quant \u00e0 la prise d&rsquo;images sur le territoire alg\u00e9rien et sur n&rsquo;importe qu&rsquo;elle point du globe. C&rsquo;est ainsi que la mission offre la possibilit\u00e9 de prise d\u2019images sur l&rsquo;Alg\u00e9rie en pointage Nadir et en roulis par le satellite Alsat-1B, augmentant ainsi le temps de revisite \u00e0 moins de 7 jours de n&rsquo;importe quel point du territoire national.<\/p>\n<p class=\"Style63\" align=\"center\"><img loading=\"lazy\" decoding=\"async\" src=\"https:\/\/www.asal.dz\/pictures\/Alsat-1B-mission.jpg\" width=\"503\" height=\"321\" border=\"1\" \/><\/p>\n<p class=\"Style72\" align=\"center\">Deux sc\u00e9narios \u00ab\u00a0typiques\u00a0\u00bb de la mission\u00a0 Alsat-1B.<\/p>\n<p class=\"Style63\" align=\"justify\">La mission Alsat-1B offre par cons\u00e9quence la capacit\u00e9 de prise d\u2019images sur toute la surface du territoire national en 29 jours calendaires.<\/p>\n<p class=\"Style63\" align=\"center\"><img loading=\"lazy\" decoding=\"async\" src=\"https:\/\/www.asal.dz\/pictures\/Alsat-1B-optim.jpg\" width=\"393\" height=\"314\" border=\"1\" \/><\/p>\n<p class=\"Style72\" align=\"center\">Optimisation du temps de revisite de la mission Alsat-1B, avec une couverture totale du territoire national en 29 jours.<\/p>\n<p><strong>PRODUIT IMAGE ALSAT-1B<\/strong><\/p>\n<p class=\"Style63\" align=\"justify\">Afin de satisfaire les besoins utilisateurs, le syst\u00e8me Alsat-1B offre la possibilit\u00e9 d\u2019obtenir diff\u00e9rents niveau de traitement du L0 (produit brut) au produit de fusion entre les modes panchromatique et multispectrale. Le tableau suivant pr\u00e9sente sommairement les diff\u00e9rents niveaux de pr\u00e9traitements disponibles ainsi que leurs \u00e9quivalences selon le syst\u00e8me et nomenclature largement connu (Alsat-2 et SPOT \u00e0 titre d\u2019exemple).<\/p>\n<p class=\"Style63\" align=\"justify\">En sus des 04 niveaux de pr\u00e9traitements indiqu\u00e9s dans le tableau ci-dessus, deux autres types de produits sont disponibles. Il s\u2019agit du produit \u00ab\u00a0Pansharpening\u00a0\u00bb g\u00e9n\u00e9r\u00e9 \u00e0 partir du niveau de pr\u00e9traitement L1G ou L1T.<\/p>\n<p class=\"Style63\" align=\"center\"><img loading=\"lazy\" decoding=\"async\" src=\"https:\/\/www.asal.dz\/pictures\/Alsat-1B-tableau.jpg\" width=\"653\" height=\"281\" \/><\/p>\n<p class=\"Style63\" align=\"left\">\n","protected":false},"excerpt":{"rendered":"<p>ALSAT-1B, le quatri\u00e8me satellite d\u2019observation de la terre Le satellite d\u2019observation de la Terre \u00ab Alsat-1B \u00bb assure la continuit\u00e9 de la couverture nationale ant\u00e9rieurement assur\u00e9e par le satellite Alsat-1 ayant fournit depuis 2002 des images \u00e0 moyenne r\u00e9solution. Vue d\u2019ensemble du satellite Alsat-1B. Les objectifs principaux du programme Alsat-1B comportent la r\u00e9ponse aux besoins [&hellip;]<\/p>\n","protected":false},"author":1,"featured_media":0,"parent":0,"menu_order":0,"comment_status":"closed","ping_status":"closed","template":"","meta":{"_et_pb_use_builder":"","_et_pb_old_content":"","_et_gb_content_width":"","rop_custom_images_group":[],"rop_custom_messages_group":[],"rop_publish_now":"initial","rop_publish_now_accounts":[],"rop_publish_now_history":[],"rop_publish_now_status":"pending","footnotes":""},"class_list":["post-76","page","type-page","status-publish","hentry"],"_links":{"self":[{"href":"https:\/\/asal.dz\/index.php?rest_route=\/wp\/v2\/pages\/76","targetHints":{"allow":["GET"]}}],"collection":[{"href":"https:\/\/asal.dz\/index.php?rest_route=\/wp\/v2\/pages"}],"about":[{"href":"https:\/\/asal.dz\/index.php?rest_route=\/wp\/v2\/types\/page"}],"author":[{"embeddable":true,"href":"https:\/\/asal.dz\/index.php?rest_route=\/wp\/v2\/users\/1"}],"replies":[{"embeddable":true,"href":"https:\/\/asal.dz\/index.php?rest_route=%2Fwp%2Fv2%2Fcomments&post=76"}],"version-history":[{"count":0,"href":"https:\/\/asal.dz\/index.php?rest_route=\/wp\/v2\/pages\/76\/revisions"}],"wp:attachment":[{"href":"https:\/\/asal.dz\/index.php?rest_route=%2Fwp%2Fv2%2Fmedia&parent=76"}],"curies":[{"name":"wp","href":"https:\/\/api.w.org\/{rel}","templated":true}]}}