{"id":987,"date":"2019-08-28T15:33:33","date_gmt":"2019-08-28T14:33:33","guid":{"rendered":"https:\/\/asal.dz\/?page_id=987"},"modified":"2019-08-28T15:40:16","modified_gmt":"2019-08-28T14:40:16","slug":"lancement-alsat-1","status":"publish","type":"page","link":"https:\/\/asal.dz\/?page_id=987","title":{"rendered":"Lancement Alsat-1"},"content":{"rendered":"<p align=\"justify\"><span class=\"Style42\">Le lancement a eu lieu le 28 novembre 2002 par un lanceur Cosmos-3M \u00e0 partir de la base de lancement Russe de Plesetsk. Les autres charges utiles du lanceur \u00e9taient : Mozhayets (satellite de navigation et scientifique Russe) et Rubin-3-SI (OHB Bremen, satellite Allemand).<\/span><\/p>\n<p align=\"justify\"><span class=\"Style42\"> Orbite : L&rsquo;orbite choisie est h\u00e9liosynchrone, altitude approximative de 700 kilom\u00e8tres, inclinaison de l&rsquo;orbite = 98\u00ba, le temps de croisement \u00e0 l&rsquo;\u00e9quateur est 10:00(GMT). <\/span><\/p>\n<p class=\"Style48\" align=\"center\"><img loading=\"lazy\" decoding=\"async\" src=\"https:\/\/www.asal.dz\/pictures\/alsat13.JPG\" width=\"398\" height=\"327\" \/><\/p>\n<p class=\"Style43\" align=\"left\"><span class=\"Style42\">\u00a0\u00a0\u00a0\u00a0\u00a0\u00a0\u00a0\u00a0\u00a0\u00a0\u00a0\u00a0\u00a0\u00a0\u00a0\u00a0\u00a0\u00a0\u00a0\u00a0\u00a0\u00a0 <\/span><\/p>\n<p align=\"left\"><strong class=\"Style48\">Mission Alsat-1<\/strong><\/p>\n<p align=\"justify\"><span class=\"Style42\">Le satellite Alg\u00e9rien AlSAT-1 est le premier d&rsquo;une s\u00e9rie de 05 microsatellites lanc\u00e9s dans le cadre de la DMC (Disaster Monitoring Constellation) pour la p\u00e9riode de temps de 2002-2005. L&rsquo;objectif de la mission est de fournir des images multispectrales de r\u00e9solution moyenne pour la surveillance des catastrophes naturelles ainsi que pour d&rsquo;autres applications th\u00e9matiques de la t\u00e9l\u00e9d\u00e9tection.<br \/>\nUne \u00e9quipe de 11 ing\u00e9nieurs alg\u00e9riens du CNTS (Centre National des Techniques Spatiales) ont \u00e9t\u00e9 form\u00e9s \u00e0 SSTL tout au long de la dur\u00e9e du projet AlSAT-1. AlSAT-1 a \u00e9t\u00e9 construit \u00e0 SSTL lors d&rsquo;un transfert de savoir faire technologique. <\/span><\/p>\n<p class=\"Style49\" align=\"center\">Le consortium de la DMC1<\/p>\n<p class=\"Style43\" align=\"center\"><span class=\"Style42\"><img loading=\"lazy\" decoding=\"async\" src=\"https:\/\/www.asal.dz\/pictures\/imag16.JPG\" width=\"526\" height=\"312\" \/><br \/>\n<\/span><\/p>\n<p class=\"Style42\" align=\"center\">\n","protected":false},"excerpt":{"rendered":"<p>Le lancement a eu lieu le 28 novembre 2002 par un lanceur Cosmos-3M \u00e0 partir de la base de lancement Russe de Plesetsk. Les autres charges utiles du lanceur \u00e9taient : Mozhayets (satellite de navigation et scientifique Russe) et Rubin-3-SI (OHB Bremen, satellite Allemand). Orbite : L&rsquo;orbite choisie est h\u00e9liosynchrone, altitude approximative de 700 kilom\u00e8tres, [&hellip;]<\/p>\n","protected":false},"author":1,"featured_media":0,"parent":0,"menu_order":0,"comment_status":"closed","ping_status":"closed","template":"","meta":{"_et_pb_use_builder":"","_et_pb_old_content":"","_et_gb_content_width":"","rop_custom_images_group":[],"rop_custom_messages_group":[],"rop_publish_now":"initial","rop_publish_now_accounts":[],"rop_publish_now_history":[],"rop_publish_now_status":"pending","footnotes":""},"class_list":["post-987","page","type-page","status-publish","hentry"],"_links":{"self":[{"href":"https:\/\/asal.dz\/index.php?rest_route=\/wp\/v2\/pages\/987","targetHints":{"allow":["GET"]}}],"collection":[{"href":"https:\/\/asal.dz\/index.php?rest_route=\/wp\/v2\/pages"}],"about":[{"href":"https:\/\/asal.dz\/index.php?rest_route=\/wp\/v2\/types\/page"}],"author":[{"embeddable":true,"href":"https:\/\/asal.dz\/index.php?rest_route=\/wp\/v2\/users\/1"}],"replies":[{"embeddable":true,"href":"https:\/\/asal.dz\/index.php?rest_route=%2Fwp%2Fv2%2Fcomments&post=987"}],"version-history":[{"count":0,"href":"https:\/\/asal.dz\/index.php?rest_route=\/wp\/v2\/pages\/987\/revisions"}],"wp:attachment":[{"href":"https:\/\/asal.dz\/index.php?rest_route=%2Fwp%2Fv2%2Fmedia&parent=987"}],"curies":[{"name":"wp","href":"https:\/\/api.w.org\/{rel}","templated":true}]}}